{"id":8398,"date":"2020-03-11T22:32:46","date_gmt":"2020-03-11T21:32:46","guid":{"rendered":"https:\/\/lopezdearenas.org\/inicio\/blog\/?page_id=8398"},"modified":"2020-04-03T13:38:10","modified_gmt":"2020-04-03T12:38:10","slug":"informacion-sobre-el-coronavirus","status":"publish","type":"page","link":"https:\/\/lopezdearenas.org\/inicio\/blog\/informacion-sobre-el-coronavirus\/","title":{"rendered":"Novedades sobre el coronavirus"},"content":{"rendered":"\n<p>(Esta informaci\u00f3n se ir\u00e1 actualizando a medida que recibamos nueva informaci\u00f3n sobre el tema)<\/p>\n\n\n\n<p><strong>(6 de marzo)<\/strong> Le trasladamos la \u00abGu\u00eda para Escuelas, Centros educativos y Universidades\u00bb, elaborada por la Consejer\u00eda de Salud y Familias y por el Ministerio de Sanidad, que contiene informaci\u00f3n de inter\u00e9s sobre el coronavirus (COVID-19) y medidas de prevenci\u00f3n y actuaci\u00f3n con respecto al mismo. Desde la Consejer\u00eda de Educaci\u00f3n y Deporte se quiere transmitir a la comunidad educativa un mensaje de tranquilidad y de confianza en las medidas que se est\u00e1n adoptando por las autoridades, especialmente las sanitarias.<\/p>\n\n\n\n<div class=\"wp-block-file\"><a href=\"https:\/\/lopezdearenas.org\/inicio\/blog\/wp-content\/uploads\/2020\/03\/GuiaCentrosEducativosANDALUCIA.pdf\">Guia Centros Educativos <\/a><a href=\"https:\/\/lopezdearenas.org\/inicio\/blog\/wp-content\/uploads\/2020\/03\/GuiaCentrosEducativosANDALUCIA.pdf\" class=\"wp-block-file__button\" download>Descarga<\/a><\/div>\n\n\n\n<p> <\/p>\n\n\n\n<p><\/p>\n\n\n\n<p><strong>(10 de marzo) <\/strong>Se informa a todos los centros docentes que se ha creado un grupo de coordinaci\u00f3n sobre el coronavirus en el seno de la Consejer\u00eda de Educaci\u00f3n y Deporte, en el que participan todos los centros directivos, que se reunir\u00e1 peri\u00f3dicamente y que tiene por objeto adoptar las medidas oportunas y necesarias en funci\u00f3n del desarrollo de los acontecimientos, en coordinaci\u00f3n con el Comit\u00e9 de an\u00e1lisis de riesgos que se ha constituido en el seno de la Junta de Andaluc\u00eda.<br><br> Por otro lado, con el objetivo de facilitar el manejo de la informaci\u00f3n sobre el coronavirus en los centros docentes y la formaci\u00f3n de toda la comunidad educativa sobre las medidas preventivas, se env\u00edan los siguientes materiales elaborados por el Ministerio de Sanidad y el Ministerio de Educaci\u00f3n y Formaci\u00f3n Profesional:<br> &#8211; Infograf\u00eda sobre el coronavirus dirigida a poblaci\u00f3n infantil.<br> &#8211; Infograf\u00eda y cartel sobre el lavado de manos dirigida a poblaci\u00f3n infantil.<br><br> Las infograf\u00edas se pueden utilizar para trabajar en los centros educativos con los ni\u00f1os, ni\u00f1as y adolescentes el tema del coronavirus y el lavado de manos, ya que est\u00e1n recibiendo mucha informaci\u00f3n y no siempre es adecuada a su edad o apoyada en fuentes oficiales.<br><br> El cartel hace \u00e9nfasis en c\u00f3mo lavarse las manos, con el fin de que pueda colocarse en un lugar visible al lado de los lavabos. Esto, junto a la disponibilidad de jab\u00f3n y papel para el secado de las manos, es una medida para colaborar entre todos al cumplimiento de las acciones preventivas por la poblaci\u00f3n infantil.<br><br> Pueden consultar otros materiales orientados a ciudadan\u00eda que pueden complementar esta informaci\u00f3n y que est\u00e1n continuamente actualiz\u00e1ndose en el siguiente enlace:<br><a rel=\"noreferrer noopener\" href=\"https:\/\/www.mscbs.gob.es\/profesionales\/saludPublica\/ccayes\/alertasActual\/nCov-China\/ciudadania.htm\" target=\"_blank\">https:\/\/www.mscbs.gob.es\/profesionales\/saludPublica\/ccayes\/alertasActual\/nCov-China\/ciudadania.htm<\/a><br><br> As\u00ed mismo, se remiten los siguientes documentos elaborados por la Consejer\u00eda de Salud y Familias y por el Ministerio de Sanidad:<br><br> &#8211; \u00bfQu\u00e9 debes saber sobre el coronavirus? Incluye el tel\u00e9fono de informaci\u00f3n para la ciudadan\u00eda, salud responde, que es d\u00f3nde habr\u00eda que contactar para cualquier consulta sobre el tema.<br><br> &#8211; Preguntas y respuestas sobre el nuevo coronavirus 2019 (n-CoV).<br><br> Para mayor informaci\u00f3n, se recomienda atender a las actualizaciones que se llevan a cabo en las siguientes direcciones electr\u00f3nicas:<br><br><a rel=\"noreferrer noopener\" href=\"https:\/\/juntadeandalucia.es\/organismos\/saludyfamilias\/areas\/salud-vida\/paginas\/Nuevo_Coronavirus.html\" target=\"_blank\">https:\/\/juntadeandalucia.es\/organismos\/saludyfamilias\/areas\/salud-vida\/paginas\/Nuevo_Coronavirus.html<\/a><br><br><a rel=\"noreferrer noopener\" href=\"https:\/\/www.mscbs.gob.es\/\" target=\"_blank\">https:\/\/www.mscbs.gob.es\/<\/a><br><br><a rel=\"noreferrer noopener\" href=\"http:\/\/www.exteriores.gob.es\/Portal\/es\/Paginas\/inicio.aspx\" target=\"_blank\">http:\/\/www.exteriores.gob.es\/Portal\/es\/Paginas\/inicio.aspx<\/a><\/p>\n\n\n\n<div class=\"wp-block-file\"><a href=\"https:\/\/lopezdearenas.org\/inicio\/blog\/wp-content\/uploads\/2020\/03\/Cartel_ComoLavarseLasManos_Infantil.pdf\">Cartel c\u00f3mo lavarse las manos Infantil<\/a><a href=\"https:\/\/lopezdearenas.org\/inicio\/blog\/wp-content\/uploads\/2020\/03\/Cartel_ComoLavarseLasManos_Infantil.pdf\" class=\"wp-block-file__button\" download>Descarga<\/a><\/div>\n\n\n\n<div class=\"wp-block-file\"><a href=\"https:\/\/lopezdearenas.org\/inicio\/blog\/wp-content\/uploads\/2020\/03\/InfografiaManos_PoblacionInfantil.pdf\">Infografia manos poblaci\u00f3n Infantil<\/a><a href=\"https:\/\/lopezdearenas.org\/inicio\/blog\/wp-content\/uploads\/2020\/03\/InfografiaManos_PoblacionInfantil.pdf\" class=\"wp-block-file__button\" download>Descarga<\/a><\/div>\n\n\n\n<div class=\"wp-block-file\"><a href=\"https:\/\/lopezdearenas.org\/inicio\/blog\/wp-content\/uploads\/2020\/03\/Poster_QueDigoAPobInfantil-1.pdf\">Poster qu\u00e9 digo a pobIaci\u00f3n nfantil<\/a><a href=\"https:\/\/lopezdearenas.org\/inicio\/blog\/wp-content\/uploads\/2020\/03\/Poster_QueDigoAPobInfantil-1.pdf\" class=\"wp-block-file__button\" download>Descarga<\/a><\/div>\n\n\n\n<p><strong>(11 de marzo)<\/strong><\/p>\n\n\n\n<div class=\"wp-block-file\"><a href=\"https:\/\/lopezdearenas.org\/inicio\/blog\/wp-content\/uploads\/2020\/03\/COVID-19-Resolucio\u0301n2.pdf\">COVID-19-Resolucio\u0301n2<\/a><a href=\"https:\/\/lopezdearenas.org\/inicio\/blog\/wp-content\/uploads\/2020\/03\/COVID-19-Resolucio\u0301n2.pdf\" class=\"wp-block-file__button\" download>Descarga<\/a><\/div>\n\n\n\n<p><strong>(13 de marzo)<\/strong><\/p>\n\n\n\n<div class=\"wp-block-file\"><a href=\"https:\/\/lopezdearenas.org\/inicio\/blog\/wp-content\/uploads\/2020\/03\/200313-I-Vice-suspensio\u0301n-actividad-docente-coronavirus-1.pdf\">200313-I-Vice-suspensio\u0301n-actividad-docente-coronavirus<\/a><a href=\"https:\/\/lopezdearenas.org\/inicio\/blog\/wp-content\/uploads\/2020\/03\/200313-I-Vice-suspensio\u0301n-actividad-docente-coronavirus-1.pdf\" class=\"wp-block-file__button\" download>Descarga<\/a><\/div>\n\n\n\n<p><strong>(15 de marzo)<\/strong><\/p>\n\n\n\n<div class=\"wp-block-file\"><a href=\"https:\/\/lopezdearenas.org\/inicio\/blog\/wp-content\/uploads\/2020\/03\/COMUNICADO-IES-L\u00d3PEZ-DE-ARENAS.pdf\">COMUNICADO-IES-L\u00d3PEZ-DE-ARENAS<\/a><a href=\"https:\/\/lopezdearenas.org\/inicio\/blog\/wp-content\/uploads\/2020\/03\/COMUNICADO-IES-L\u00d3PEZ-DE-ARENAS.pdf\" class=\"wp-block-file__button\" download>Descarga<\/a><\/div>\n\n\n\n<p><strong>(21 de marzo)<\/strong><\/p>\n\n\n\n<div class=\"wp-block-file\"><a href=\"https:\/\/lopezdearenas.org\/inicio\/blog\/wp-content\/uploads\/2020\/03\/NDP-Rtve-MEFP.pdf\">NDP-Rtve-MEFP<\/a><a href=\"https:\/\/lopezdearenas.org\/inicio\/blog\/wp-content\/uploads\/2020\/03\/NDP-Rtve-MEFP.pdf\" class=\"wp-block-file__button\" download>Descarga<\/a><\/div>\n\n\n\n<p><strong>(25 de marzo)<\/strong><\/p>\n\n\n\n<div class=\"wp-block-file\"><a href=\"https:\/\/lopezdearenas.org\/inicio\/blog\/wp-content\/uploads\/2020\/03\/NDP-SECTORIAL-COVID-19_CMP-1.pdf\">NDP-SECTORIAL-COVID-19_CMP-1<\/a><a href=\"https:\/\/lopezdearenas.org\/inicio\/blog\/wp-content\/uploads\/2020\/03\/NDP-SECTORIAL-COVID-19_CMP-1.pdf\" class=\"wp-block-file__button\" download>Descarga<\/a><\/div>\n\n\n\n<p><strong>(2 de abril)<\/strong><\/p>\n\n\n\n<div class=\"wp-block-file\"><a href=\"https:\/\/lopezdearenas.org\/inicio\/blog\/wp-content\/uploads\/2020\/04\/Circular-2-de-abril-de-2020-1.pdf\">Circular-2-de-abril-de-2020-1<\/a><a href=\"https:\/\/lopezdearenas.org\/inicio\/blog\/wp-content\/uploads\/2020\/04\/Circular-2-de-abril-de-2020-1.pdf\" class=\"wp-block-file__button\" download>Descarga<\/a><\/div>\n","protected":false},"excerpt":{"rendered":"<p>(Esta informaci\u00f3n se ir\u00e1 actualizando a medida que recibamos nueva informaci\u00f3n sobre el tema) (6 de marzo) Le trasladamos la \u00abGu\u00eda para Escuelas, Centros educativos y Universidades\u00bb, elaborada por la Consejer\u00eda de Salud y Familias y por el Ministerio de &hellip; <a href=\"https:\/\/lopezdearenas.org\/inicio\/blog\/informacion-sobre-el-coronavirus\/\">Sigue leyendo <span class=\"meta-nav\">&rarr;<\/span><\/a><\/p>\n","protected":false},"author":80,"featured_media":0,"parent":0,"menu_order":0,"comment_status":"closed","ping_status":"closed","template":"","meta":{"footnotes":""},"class_list":["post-8398","page","type-page","status-publish","hentry"],"jetpack_sharing_enabled":true,"_links":{"self":[{"href":"https:\/\/lopezdearenas.org\/inicio\/blog\/wp-json\/wp\/v2\/pages\/8398","targetHints":{"allow":["GET"]}}],"collection":[{"href":"https:\/\/lopezdearenas.org\/inicio\/blog\/wp-json\/wp\/v2\/pages"}],"about":[{"href":"https:\/\/lopezdearenas.org\/inicio\/blog\/wp-json\/wp\/v2\/types\/page"}],"author":[{"embeddable":true,"href":"https:\/\/lopezdearenas.org\/inicio\/blog\/wp-json\/wp\/v2\/users\/80"}],"replies":[{"embeddable":true,"href":"https:\/\/lopezdearenas.org\/inicio\/blog\/wp-json\/wp\/v2\/comments?post=8398"}],"version-history":[{"count":13,"href":"https:\/\/lopezdearenas.org\/inicio\/blog\/wp-json\/wp\/v2\/pages\/8398\/revisions"}],"predecessor-version":[{"id":8530,"href":"https:\/\/lopezdearenas.org\/inicio\/blog\/wp-json\/wp\/v2\/pages\/8398\/revisions\/8530"}],"wp:attachment":[{"href":"https:\/\/lopezdearenas.org\/inicio\/blog\/wp-json\/wp\/v2\/media?parent=8398"}],"curies":[{"name":"wp","href":"https:\/\/api.w.org\/{rel}","templated":true}]}}