{"id":7923,"date":"2019-12-03T00:38:12","date_gmt":"2019-12-02T23:38:12","guid":{"rendered":"https:\/\/lopezdearenas.org\/inicio\/blog\/?page_id=7923"},"modified":"2025-04-25T20:29:29","modified_gmt":"2025-04-25T19:29:29","slug":"departamento-de-orientacion","status":"publish","type":"page","link":"https:\/\/lopezdearenas.org\/inicio\/blog\/departamento-de-orientacion\/","title":{"rendered":"Departamento de Orientaci\u00f3n"},"content":{"rendered":"<p><span style=\"text-decoration: underline;\"><span style=\"color: #333399;\"><strong>Profesorado:<\/strong><\/span><\/span><\/p>\n<ul>\n<li>Martin \u00c1lvarez, Celia<\/li>\n<li>Moreno Rivero, Mar\u00eda del Carmen<\/li>\n<li>Narv\u00e1ez S\u00e1nchez, Ana Mar\u00eda<\/li>\n<li>Reina Guerra, Manuela Mercedes (<strong>Jefa del Departamento<\/strong>)<\/li>\n<li>Carrillo G\u00f3mez, Roc\u00edo<\/li>\n<\/ul>\n<p><span style=\"color: #008000;\"><strong>\u00a0<\/strong><\/span><\/p>\n","protected":false},"excerpt":{"rendered":"<p>Profesorado: Martin \u00c1lvarez, Celia Moreno Rivero, Mar\u00eda del Carmen Narv\u00e1ez S\u00e1nchez, Ana Mar\u00eda Reina Guerra, Manuela Mercedes (Jefa del Departamento) Carrillo G\u00f3mez, Roc\u00edo \u00a0<\/p>\n","protected":false},"author":80,"featured_media":0,"parent":0,"menu_order":0,"comment_status":"closed","ping_status":"closed","template":"","meta":{"footnotes":""},"class_list":["post-7923","page","type-page","status-publish","hentry"],"jetpack_sharing_enabled":true,"_links":{"self":[{"href":"https:\/\/lopezdearenas.org\/inicio\/blog\/wp-json\/wp\/v2\/pages\/7923","targetHints":{"allow":["GET"]}}],"collection":[{"href":"https:\/\/lopezdearenas.org\/inicio\/blog\/wp-json\/wp\/v2\/pages"}],"about":[{"href":"https:\/\/lopezdearenas.org\/inicio\/blog\/wp-json\/wp\/v2\/types\/page"}],"author":[{"embeddable":true,"href":"https:\/\/lopezdearenas.org\/inicio\/blog\/wp-json\/wp\/v2\/users\/80"}],"replies":[{"embeddable":true,"href":"https:\/\/lopezdearenas.org\/inicio\/blog\/wp-json\/wp\/v2\/comments?post=7923"}],"version-history":[{"count":9,"href":"https:\/\/lopezdearenas.org\/inicio\/blog\/wp-json\/wp\/v2\/pages\/7923\/revisions"}],"predecessor-version":[{"id":16793,"href":"https:\/\/lopezdearenas.org\/inicio\/blog\/wp-json\/wp\/v2\/pages\/7923\/revisions\/16793"}],"wp:attachment":[{"href":"https:\/\/lopezdearenas.org\/inicio\/blog\/wp-json\/wp\/v2\/media?parent=7923"}],"curies":[{"name":"wp","href":"https:\/\/api.w.org\/{rel}","templated":true}]}}