{"id":7895,"date":"2019-12-02T00:25:51","date_gmt":"2019-12-01T23:25:51","guid":{"rendered":"https:\/\/lopezdearenas.org\/inicio\/blog\/?page_id=7895"},"modified":"2023-12-27T20:56:30","modified_gmt":"2023-12-27T19:56:30","slug":"departamento-de-filosofia","status":"publish","type":"page","link":"https:\/\/lopezdearenas.org\/inicio\/blog\/departamento-de-filosofia\/","title":{"rendered":"Departamento de Filosof\u00eda"},"content":{"rendered":"<p><span style=\"color: #008000;\"><strong>Profesorado:<\/strong><\/span><\/p>\n<p>Mart\u00edn Flores, Antonio<\/p>\n<p>Mateo Ponce, Hermenegildo (Jefe del Departamento)<\/p>\n<p><span style=\"color: #008000;\"><strong>Materias y Programaciones did\u00e1cticas:<\/strong><\/span><\/p>\n<p>Atenci\u00f3n educativa (2\u00ba ESO, 4\u00ba ESO)<\/p>\n<p>Oratoria y debate (1\u00ba ESO, 3\u00ba ESO)<\/p>\n<p>Educaci\u00f3n y Valores (2\u00ba ESO)<\/p>\n<p>Proyectos transversales y educaci\u00f3n en valores (2\u00ba Bachillerato)<\/p>\n<p>Historia de la Filosof\u00eda (1\u00ba Bachillerato, 2\u00ba Bachillerato)<\/p>\n<p><span style=\"color: #008000;\"><strong>Criterios de evaluaci\u00f3n:<\/strong><\/span><\/p>\n\n\n<p><a href=\"https:\/\/lopezdearenas.org\/inicio\/blog\/wp-content\/uploads\/2023\/12\/Criterios-de-evaluacion-y-saberes-basicos-Oratoria-y-Debate-1oESO.pdf\">Oratoria y Debate 1\u00ba ESO<\/a><\/p>\n\n\n\n<p><a href=\"https:\/\/lopezdearenas.org\/inicio\/blog\/wp-content\/uploads\/2023\/12\/Criterios-de-evaluacion-y-saberes-basicos-Educacion-en-Valores-Civico-y-eticos.pdf\">Educaci\u00f3n en Valores C\u00edvico y \u00c9ticos<\/a><\/p>\n\n\n\n<p><a href=\"https:\/\/lopezdearenas.org\/inicio\/blog\/wp-content\/uploads\/2023\/12\/Criterios-de-evaluacion-y-saberes-basicos-Filosofia.pdf\">Filosof\u00eda<\/a><\/p>\n\n\n\n<p><a href=\"https:\/\/lopezdearenas.org\/inicio\/blog\/wp-content\/uploads\/2023\/12\/Criterios-de-evaluacion-historia-de-la-filosofia.-1o-Bachillerato.pdf\">Historia de la Filosof\u00eda (Bachillerato Ciencias y Tecnolog\u00eda)<\/a><\/p>\n\n\n\n<p><a href=\"https:\/\/lopezdearenas.org\/inicio\/blog\/wp-content\/uploads\/2023\/12\/Criterios-de-evaluacion-historia-de-la-filosofia.-1o-Bachillerato-H-y-CS.pdf\">Historia de la Filosof\u00eda (Bachillerato Humanidades y Ciencias Sociales)<\/a><\/p>\n","protected":false},"excerpt":{"rendered":"<p>Profesorado: Mart\u00edn Flores, Antonio Mateo Ponce, Hermenegildo (Jefe del Departamento) Materias y Programaciones did\u00e1cticas: Atenci\u00f3n educativa (2\u00ba ESO, 4\u00ba ESO) Oratoria y debate (1\u00ba ESO, 3\u00ba ESO) Educaci\u00f3n y Valores (2\u00ba ESO) Proyectos transversales y educaci\u00f3n en valores (2\u00ba Bachillerato) &hellip; <a href=\"https:\/\/lopezdearenas.org\/inicio\/blog\/departamento-de-filosofia\/\">Sigue leyendo <span class=\"meta-nav\">&rarr;<\/span><\/a><\/p>\n","protected":false},"author":80,"featured_media":0,"parent":0,"menu_order":0,"comment_status":"closed","ping_status":"closed","template":"","meta":{"footnotes":""},"class_list":["post-7895","page","type-page","status-publish","hentry"],"jetpack_sharing_enabled":true,"_links":{"self":[{"href":"https:\/\/lopezdearenas.org\/inicio\/blog\/wp-json\/wp\/v2\/pages\/7895","targetHints":{"allow":["GET"]}}],"collection":[{"href":"https:\/\/lopezdearenas.org\/inicio\/blog\/wp-json\/wp\/v2\/pages"}],"about":[{"href":"https:\/\/lopezdearenas.org\/inicio\/blog\/wp-json\/wp\/v2\/types\/page"}],"author":[{"embeddable":true,"href":"https:\/\/lopezdearenas.org\/inicio\/blog\/wp-json\/wp\/v2\/users\/80"}],"replies":[{"embeddable":true,"href":"https:\/\/lopezdearenas.org\/inicio\/blog\/wp-json\/wp\/v2\/comments?post=7895"}],"version-history":[{"count":10,"href":"https:\/\/lopezdearenas.org\/inicio\/blog\/wp-json\/wp\/v2\/pages\/7895\/revisions"}],"predecessor-version":[{"id":14067,"href":"https:\/\/lopezdearenas.org\/inicio\/blog\/wp-json\/wp\/v2\/pages\/7895\/revisions\/14067"}],"wp:attachment":[{"href":"https:\/\/lopezdearenas.org\/inicio\/blog\/wp-json\/wp\/v2\/media?parent=7895"}],"curies":[{"name":"wp","href":"https:\/\/api.w.org\/{rel}","templated":true}]}}