{"id":758,"date":"2014-02-17T04:17:20","date_gmt":"2014-02-17T03:17:20","guid":{"rendered":"http:\/\/lopezdearenas.org\/inicio\/blog\/?page_id=758"},"modified":"2014-05-19T17:06:00","modified_gmt":"2014-05-19T16:06:00","slug":"proyecto-quijote","status":"publish","type":"page","link":"https:\/\/lopezdearenas.org\/inicio\/blog\/proyecto-quijote\/","title":{"rendered":"Proyecto Quijote"},"content":{"rendered":"<p><a href=\"http:\/\/lopezdearenas.org\/inicio\/blog\/wp-content\/uploads\/2014\/02\/imagen.png\"><img loading=\"lazy\" decoding=\"async\" class=\"aligncenter size-full wp-image-759\" src=\"http:\/\/lopezdearenas.org\/inicio\/blog\/wp-content\/uploads\/2014\/02\/imagen.png\" alt=\"Proyecto Quijote\" width=\"800\" height=\"334\" srcset=\"https:\/\/lopezdearenas.org\/inicio\/blog\/wp-content\/uploads\/2014\/02\/imagen.png 800w, https:\/\/lopezdearenas.org\/inicio\/blog\/wp-content\/uploads\/2014\/02\/imagen-300x125.png 300w, https:\/\/lopezdearenas.org\/inicio\/blog\/wp-content\/uploads\/2014\/02\/imagen-500x208.png 500w\" sizes=\"auto, (max-width: 800px) 100vw, 800px\" \/><\/a><\/p>\n<p>El I.E.S. L\u00f3pez de Arenas siempre ha destacado por la labor desarrollada con el alumnado con necesidades educativas especiales.<\/p>\n<p>Entre las actividades llevadas a cabo se encuentra el Proyecto Quijote destinado a alumnos T.E.A. en Secundaria.<\/p>\n<p><a href=\"http:\/\/lopezdearenas.org\/inicio\/blog\/wp-content\/uploads\/2014\/01\/MEMORIA-PLAN-QUIJOTE-2012-13.pdf\">MEMORIA PLAN QUIJOTE 2012-13<\/a><\/p>\n<p><span style=\"color: #008000;\"><strong>V JORNADAS DE AUTISMO EN SEVILLA<\/strong><\/span><\/p>\n<p>A trav\u00e9s del Profesor D. Jes\u00fas Vel\u00e1zquez, el Plan Quijote del I.E.S. L\u00f3pez de Arenas ha estado presente en dichas Jornadas.<\/p>\n\n\t\t<style type=\"text\/css\">\n\t\t\t#gallery-1 {\n\t\t\t\tmargin: auto;\n\t\t\t}\n\t\t\t#gallery-1 .gallery-item {\n\t\t\t\tfloat: left;\n\t\t\t\tmargin-top: 10px;\n\t\t\t\ttext-align: center;\n\t\t\t\twidth: 33%;\n\t\t\t}\n\t\t\t#gallery-1 img {\n\t\t\t\tborder: 2px solid #cfcfcf;\n\t\t\t}\n\t\t\t#gallery-1 .gallery-caption {\n\t\t\t\tmargin-left: 0;\n\t\t\t}\n\t\t\t\/* see gallery_shortcode() in wp-includes\/media.php *\/\n\t\t<\/style>\n\t\t<div id='gallery-1' class='gallery galleryid-758 gallery-columns-3 gallery-size-thumbnail'><dl class='gallery-item'>\n\t\t\t<dt class='gallery-icon landscape'>\n\t\t\t\t<a href='https:\/\/lopezdearenas.org\/inicio\/blog\/proyecto-quijote\/12146_752452271452017_8471903790460974509_n\/'><img loading=\"lazy\" decoding=\"async\" width=\"150\" height=\"150\" src=\"https:\/\/lopezdearenas.org\/inicio\/blog\/wp-content\/uploads\/2014\/02\/12146_752452271452017_8471903790460974509_n-150x150.jpg\" class=\"attachment-thumbnail size-thumbnail\" alt=\"\" \/><\/a>\n\t\t\t<\/dt><\/dl><dl class='gallery-item'>\n\t\t\t<dt class='gallery-icon landscape'>\n\t\t\t\t<a href='https:\/\/lopezdearenas.org\/inicio\/blog\/proyecto-quijote\/1922504_752452621451982_2675128277199872860_n\/'><img loading=\"lazy\" decoding=\"async\" width=\"150\" height=\"150\" src=\"https:\/\/lopezdearenas.org\/inicio\/blog\/wp-content\/uploads\/2014\/02\/1922504_752452621451982_2675128277199872860_n-150x150.jpg\" class=\"attachment-thumbnail size-thumbnail\" alt=\"\" \/><\/a>\n\t\t\t<\/dt><\/dl><dl class='gallery-item'>\n\t\t\t<dt class='gallery-icon landscape'>\n\t\t\t\t<a href='https:\/\/lopezdearenas.org\/inicio\/blog\/proyecto-quijote\/10250307_752453584785219_201447511679617745_n\/'><img loading=\"lazy\" decoding=\"async\" width=\"150\" height=\"150\" src=\"https:\/\/lopezdearenas.org\/inicio\/blog\/wp-content\/uploads\/2014\/02\/10250307_752453584785219_201447511679617745_n-150x150.jpg\" class=\"attachment-thumbnail size-thumbnail\" alt=\"\" \/><\/a>\n\t\t\t<\/dt><\/dl><br style=\"clear: both\" \/><dl class='gallery-item'>\n\t\t\t<dt class='gallery-icon landscape'>\n\t\t\t\t<a href='https:\/\/lopezdearenas.org\/inicio\/blog\/proyecto-quijote\/10270726_752453654785212_105606890633032017_n\/'><img loading=\"lazy\" decoding=\"async\" width=\"150\" height=\"150\" src=\"https:\/\/lopezdearenas.org\/inicio\/blog\/wp-content\/uploads\/2014\/02\/10270726_752453654785212_105606890633032017_n-150x150.jpg\" class=\"attachment-thumbnail size-thumbnail\" alt=\"\" \/><\/a>\n\t\t\t<\/dt><\/dl><dl class='gallery-item'>\n\t\t\t<dt class='gallery-icon landscape'>\n\t\t\t\t<a href='https:\/\/lopezdearenas.org\/inicio\/blog\/proyecto-quijote\/10330336_752454658118445_7778088786717742125_n\/'><img loading=\"lazy\" decoding=\"async\" width=\"150\" height=\"150\" src=\"https:\/\/lopezdearenas.org\/inicio\/blog\/wp-content\/uploads\/2014\/02\/10330336_752454658118445_7778088786717742125_n-150x150.jpg\" class=\"attachment-thumbnail size-thumbnail\" alt=\"\" \/><\/a>\n\t\t\t<\/dt><\/dl><dl class='gallery-item'>\n\t\t\t<dt class='gallery-icon landscape'>\n\t\t\t\t<a href='https:\/\/lopezdearenas.org\/inicio\/blog\/proyecto-quijote\/jornada-autismo-sevilla\/'><img loading=\"lazy\" decoding=\"async\" width=\"150\" height=\"150\" src=\"https:\/\/lopezdearenas.org\/inicio\/blog\/wp-content\/uploads\/2014\/02\/jornada-autismo-sevilla-150x150.jpg\" class=\"attachment-thumbnail size-thumbnail\" alt=\"\" \/><\/a>\n\t\t\t<\/dt><\/dl><br style=\"clear: both\" \/>\n\t\t<\/div>\n\n<p>&nbsp;<\/p>\n<p>Noticia publicada en el correo:<\/p>\n<p><a href=\"http:\/\/elcorreoweb.es\/2014\/03\/12\/solidarios-desde-ninos\/\" target=\"_blank\">http:\/\/elcorreoweb.es\/2014\/03\/<wbr \/>12\/solidarios-desde-ninos\/<\/a><\/p>\n<p><span style=\"color: #008000;\"><strong>II JORNADAS TUTORES IGUALES<\/strong><\/span><\/p>\n<p>El 4 de Febrero de 2014 se han llevado a cabo las II Jornadas de Tutores Iguales, en las cuales alumnos de secundaria han sido formados para realizar de tutores con los alumnos con discapacidad para llevar a cabo una mayor integraci\u00f3n en el centro.<\/p>\n<p><a href=\"http:\/\/lopezdearenas.org\/inicio\/blog\/wp-content\/uploads\/2014\/01\/cartel-jornadas.jpg\"><img loading=\"lazy\" decoding=\"async\" class=\"aligncenter size-full wp-image-663\" src=\"http:\/\/lopezdearenas.org\/inicio\/blog\/wp-content\/uploads\/2014\/01\/cartel-jornadas.jpg\" alt=\"Cartel Jornadas Plan Quijote\" width=\"758\" height=\"631\" srcset=\"https:\/\/lopezdearenas.org\/inicio\/blog\/wp-content\/uploads\/2014\/01\/cartel-jornadas.jpg 758w, https:\/\/lopezdearenas.org\/inicio\/blog\/wp-content\/uploads\/2014\/01\/cartel-jornadas-300x249.jpg 300w, https:\/\/lopezdearenas.org\/inicio\/blog\/wp-content\/uploads\/2014\/01\/cartel-jornadas-360x300.jpg 360w\" sizes=\"auto, (max-width: 758px) 100vw, 758px\" \/><\/a><\/p>\n<p><a href=\"http:\/\/lopezdearenas.org\/inicio\/blog\/wp-content\/uploads\/2014\/01\/D\u00edptico-famIlias-de-tutores-IXD.pdf\">D\u00edptico famIlias de tutores IXD<\/a><\/p>\n<p><a href=\"http:\/\/lopezdearenas.org\/inicio\/blog\/wp-content\/uploads\/2014\/01\/II-Jornadas-IXD.pdf\">II Jornadas IXD<\/a><\/p>\n<p><a href=\"http:\/\/lopezdearenas.org\/inicio\/blog\/wp-content\/uploads\/2014\/02\/foto6.jpg\"><img loading=\"lazy\" decoding=\"async\" class=\"aligncenter size-large wp-image-686\" src=\"http:\/\/lopezdearenas.org\/inicio\/blog\/wp-content\/uploads\/2014\/02\/foto6-1024x764.jpg\" alt=\"Jornadas Plan Quijote\" width=\"584\" height=\"435\" srcset=\"https:\/\/lopezdearenas.org\/inicio\/blog\/wp-content\/uploads\/2014\/02\/foto6-1024x764.jpg 1024w, https:\/\/lopezdearenas.org\/inicio\/blog\/wp-content\/uploads\/2014\/02\/foto6-300x224.jpg 300w, https:\/\/lopezdearenas.org\/inicio\/blog\/wp-content\/uploads\/2014\/02\/foto6-401x300.jpg 401w\" sizes=\"auto, (max-width: 584px) 100vw, 584px\" \/><\/a><\/p>\n<p><a href=\"http:\/\/lopezdearenas.org\/inicio\/blog\/wp-content\/uploads\/2014\/02\/foto1.jpg\"><img loading=\"lazy\" decoding=\"async\" class=\"aligncenter size-large wp-image-688\" src=\"http:\/\/lopezdearenas.org\/inicio\/blog\/wp-content\/uploads\/2014\/02\/foto1-1024x764.jpg\" alt=\"Jornadas Plan Quijote\" width=\"584\" height=\"435\" srcset=\"https:\/\/lopezdearenas.org\/inicio\/blog\/wp-content\/uploads\/2014\/02\/foto1-1024x764.jpg 1024w, https:\/\/lopezdearenas.org\/inicio\/blog\/wp-content\/uploads\/2014\/02\/foto1-300x224.jpg 300w, https:\/\/lopezdearenas.org\/inicio\/blog\/wp-content\/uploads\/2014\/02\/foto1-401x300.jpg 401w\" sizes=\"auto, (max-width: 584px) 100vw, 584px\" \/><\/a><\/p>\n<p><a href=\"http:\/\/lopezdearenas.org\/inicio\/blog\/wp-content\/uploads\/2014\/02\/foto4.jpg\"><img loading=\"lazy\" decoding=\"async\" class=\"aligncenter size-large wp-image-691\" src=\"http:\/\/lopezdearenas.org\/inicio\/blog\/wp-content\/uploads\/2014\/02\/foto4-1024x764.jpg\" alt=\"Jornadas Plan Quijote\" width=\"584\" height=\"435\" srcset=\"https:\/\/lopezdearenas.org\/inicio\/blog\/wp-content\/uploads\/2014\/02\/foto4-1024x764.jpg 1024w, https:\/\/lopezdearenas.org\/inicio\/blog\/wp-content\/uploads\/2014\/02\/foto4-300x224.jpg 300w, https:\/\/lopezdearenas.org\/inicio\/blog\/wp-content\/uploads\/2014\/02\/foto4-401x300.jpg 401w\" sizes=\"auto, (max-width: 584px) 100vw, 584px\" \/><\/a><\/p>\n<p><a href=\"http:\/\/lopezdearenas.org\/inicio\/blog\/wp-content\/uploads\/2014\/02\/foto5.jpg\"><img loading=\"lazy\" decoding=\"async\" class=\"aligncenter size-large wp-image-692\" src=\"http:\/\/lopezdearenas.org\/inicio\/blog\/wp-content\/uploads\/2014\/02\/foto5-1024x764.jpg\" alt=\"Jornadas Plan Quijote\" width=\"584\" height=\"435\" srcset=\"https:\/\/lopezdearenas.org\/inicio\/blog\/wp-content\/uploads\/2014\/02\/foto5-1024x764.jpg 1024w, https:\/\/lopezdearenas.org\/inicio\/blog\/wp-content\/uploads\/2014\/02\/foto5-300x224.jpg 300w, https:\/\/lopezdearenas.org\/inicio\/blog\/wp-content\/uploads\/2014\/02\/foto5-401x300.jpg 401w\" sizes=\"auto, (max-width: 584px) 100vw, 584px\" \/><\/a><\/p>\n","protected":false},"excerpt":{"rendered":"<p>El I.E.S. L\u00f3pez de Arenas siempre ha destacado por la labor desarrollada con el alumnado con necesidades educativas especiales. Entre las actividades llevadas a cabo se encuentra el Proyecto Quijote destinado a alumnos T.E.A. en Secundaria. MEMORIA PLAN QUIJOTE 2012-13 &hellip; <a href=\"https:\/\/lopezdearenas.org\/inicio\/blog\/proyecto-quijote\/\">Sigue leyendo <span class=\"meta-nav\">&rarr;<\/span><\/a><\/p>\n","protected":false},"author":1,"featured_media":0,"parent":0,"menu_order":0,"comment_status":"open","ping_status":"open","template":"","meta":{"footnotes":""},"class_list":["post-758","page","type-page","status-publish","hentry"],"jetpack_sharing_enabled":true,"_links":{"self":[{"href":"https:\/\/lopezdearenas.org\/inicio\/blog\/wp-json\/wp\/v2\/pages\/758","targetHints":{"allow":["GET"]}}],"collection":[{"href":"https:\/\/lopezdearenas.org\/inicio\/blog\/wp-json\/wp\/v2\/pages"}],"about":[{"href":"https:\/\/lopezdearenas.org\/inicio\/blog\/wp-json\/wp\/v2\/types\/page"}],"author":[{"embeddable":true,"href":"https:\/\/lopezdearenas.org\/inicio\/blog\/wp-json\/wp\/v2\/users\/1"}],"replies":[{"embeddable":true,"href":"https:\/\/lopezdearenas.org\/inicio\/blog\/wp-json\/wp\/v2\/comments?post=758"}],"version-history":[{"count":5,"href":"https:\/\/lopezdearenas.org\/inicio\/blog\/wp-json\/wp\/v2\/pages\/758\/revisions"}],"predecessor-version":[{"id":1446,"href":"https:\/\/lopezdearenas.org\/inicio\/blog\/wp-json\/wp\/v2\/pages\/758\/revisions\/1446"}],"wp:attachment":[{"href":"https:\/\/lopezdearenas.org\/inicio\/blog\/wp-json\/wp\/v2\/media?parent=758"}],"curies":[{"name":"wp","href":"https:\/\/api.w.org\/{rel}","templated":true}]}}