{"id":7472,"date":"2019-07-12T11:48:07","date_gmt":"2019-07-12T10:48:07","guid":{"rendered":"https:\/\/lopezdearenas.org\/inicio\/blog\/?page_id=7472"},"modified":"2019-07-12T11:49:00","modified_gmt":"2019-07-12T10:49:00","slug":"diseno-escaneado-e-impresion-3d","status":"publish","type":"page","link":"https:\/\/lopezdearenas.org\/inicio\/blog\/diseno-escaneado-e-impresion-3d\/","title":{"rendered":"DISE\u00d1O, ESCANEADO E IMPRESI\u00d3N 3D"},"content":{"rendered":"\n<p>El proyecto\nprofundiza que hemos llevado a cabo este a\u00f1o se ha realizado con alumnado de 1\u00ba\ny 2\u00ba de la ESO, consist\u00eda en dise\u00f1ar, escanear y finalmente imprimir objetos en\ntres dimensiones (3D). <\/p>\n\n\n\n<p>Durante la fase de\ndise\u00f1o hemos utilizado la plataforma on line Tinkercad, esta plataforma nos ha\npermitido tomar un dise\u00f1o generado por la comunidad Tinkercad, modificarlo para\nadaptarlo a nuestras necesidades, con el consiguiente ahorro de tiempo en el\nproceso de dise\u00f1o. En la elaboraci\u00f3n del modelo el alumnado ha tenido que\naprender a sustraer o sumar figuras geom\u00e9tricas al dise\u00f1o original, cambiar sus\nmedidas girarlo, alinearlo y usar herramientas como simetr\u00eda, duplicados,\nagrupaciones o desagrupaciones de elementos. Finalmente se han exportado e\nimportado archivos en formato STL (Standard Triangle Language), que es el\nformato m\u00e1s habitual de archivos 3D.<\/p>\n\n\n\n<div class=\"wp-block-image\"><figure class=\"aligncenter\"><img loading=\"lazy\" decoding=\"async\" width=\"423\" height=\"751\" src=\"https:\/\/lopezdearenas.org\/inicio\/blog\/wp-content\/uploads\/2019\/07\/3d1.png\" alt=\"\" class=\"wp-image-7473\" srcset=\"https:\/\/lopezdearenas.org\/inicio\/blog\/wp-content\/uploads\/2019\/07\/3d1.png 423w, https:\/\/lopezdearenas.org\/inicio\/blog\/wp-content\/uploads\/2019\/07\/3d1-169x300.png 169w\" sizes=\"auto, (max-width: 423px) 100vw, 423px\" \/><\/figure><\/div>\n\n\n\n<p>Para la fase de\nescaneado e impresi\u00f3n hemos utilizado la impresora XYZ Jr. Da Vinci 3in1, que\nnos permit\u00eda no s\u00f3lo imprimir sino tambi\u00e9n escanear objetos en su interior.<\/p>\n\n\n\n<p>Para la fase de\nescaneado hemos utilizado dos herramientas. La primera consist\u00eda en la\naplicaci\u00f3n Scann3D que permite escanear objetos en 3D desde tu propio m\u00f3vil,\nutilizando esta aplicaci\u00f3n generamos, no sin cierta dificultad, un archivo STL\n(3D) de nuestra cabeza. La segunda herramienta ha sido la aplicaci\u00f3n&nbsp;&nbsp; XYZ scan, facilitada por la empresa XYZ, &nbsp;que nos ha permitido escanear objetos en\nnuestra impresora.<\/p>\n\n\n\n<div class=\"wp-block-image\"><figure class=\"aligncenter\"><img loading=\"lazy\" decoding=\"async\" width=\"744\" height=\"558\" src=\"https:\/\/lopezdearenas.org\/inicio\/blog\/wp-content\/uploads\/2019\/07\/3d2.png\" alt=\"\" class=\"wp-image-7474\" srcset=\"https:\/\/lopezdearenas.org\/inicio\/blog\/wp-content\/uploads\/2019\/07\/3d2.png 744w, https:\/\/lopezdearenas.org\/inicio\/blog\/wp-content\/uploads\/2019\/07\/3d2-300x225.png 300w, https:\/\/lopezdearenas.org\/inicio\/blog\/wp-content\/uploads\/2019\/07\/3d2-400x300.png 400w\" sizes=\"auto, (max-width: 744px) 100vw, 744px\" \/><\/figure><\/div>\n\n\n\n<p>En cuanto a la fase\nde impresi\u00f3n hemos utilizado la herramienta XYZ ware, con ella hemos importado\nlos archivos STL, configurado la impresora para los distintos tipos de pl\u00e1sticos,\nespesores de impresi\u00f3n y &nbsp;generado\nsoportes cuando eran necesarios para que las piezas no se cayeran mientras se\nimprim\u00edan, generando finalmente el archivo 3w necesario para la impresi\u00f3n.<\/p>\n\n\n\n<div class=\"wp-block-image\"><figure class=\"aligncenter\"><img loading=\"lazy\" decoding=\"async\" width=\"751\" height=\"563\" src=\"https:\/\/lopezdearenas.org\/inicio\/blog\/wp-content\/uploads\/2019\/07\/3d3.png\" alt=\"\" class=\"wp-image-7475\" srcset=\"https:\/\/lopezdearenas.org\/inicio\/blog\/wp-content\/uploads\/2019\/07\/3d3.png 751w, https:\/\/lopezdearenas.org\/inicio\/blog\/wp-content\/uploads\/2019\/07\/3d3-300x225.png 300w, https:\/\/lopezdearenas.org\/inicio\/blog\/wp-content\/uploads\/2019\/07\/3d3-400x300.png 400w\" sizes=\"auto, (max-width: 751px) 100vw, 751px\" \/><\/figure><\/div>\n\n\n\n<p>En general la experiencia ha siso muy positiva aunque los tiempos de impresi\u00f3n tan largos, a veces de horas, nos han obligado a reducir de tama\u00f1o los objetos a imprimir para as\u00ed reducir estas esperas. <\/p>\n\n\n\n<figure class=\"wp-block-image\"><img loading=\"lazy\" decoding=\"async\" width=\"862\" height=\"646\" src=\"https:\/\/lopezdearenas.org\/inicio\/blog\/wp-content\/uploads\/2019\/07\/3d4.png\" alt=\"\" class=\"wp-image-7476\" srcset=\"https:\/\/lopezdearenas.org\/inicio\/blog\/wp-content\/uploads\/2019\/07\/3d4.png 862w, https:\/\/lopezdearenas.org\/inicio\/blog\/wp-content\/uploads\/2019\/07\/3d4-300x225.png 300w, https:\/\/lopezdearenas.org\/inicio\/blog\/wp-content\/uploads\/2019\/07\/3d4-768x576.png 768w, https:\/\/lopezdearenas.org\/inicio\/blog\/wp-content\/uploads\/2019\/07\/3d4-400x300.png 400w\" sizes=\"auto, (max-width: 862px) 100vw, 862px\" \/><\/figure>\n","protected":false},"excerpt":{"rendered":"<p>El proyecto profundiza que hemos llevado a cabo este a\u00f1o se ha realizado con alumnado de 1\u00ba y 2\u00ba de la ESO, consist\u00eda en dise\u00f1ar, escanear y finalmente imprimir objetos en tres dimensiones (3D). Durante la fase de dise\u00f1o hemos &hellip; <a href=\"https:\/\/lopezdearenas.org\/inicio\/blog\/diseno-escaneado-e-impresion-3d\/\">Sigue leyendo <span class=\"meta-nav\">&rarr;<\/span><\/a><\/p>\n","protected":false},"author":1,"featured_media":0,"parent":0,"menu_order":0,"comment_status":"closed","ping_status":"closed","template":"","meta":{"footnotes":""},"class_list":["post-7472","page","type-page","status-publish","hentry"],"jetpack_sharing_enabled":true,"_links":{"self":[{"href":"https:\/\/lopezdearenas.org\/inicio\/blog\/wp-json\/wp\/v2\/pages\/7472","targetHints":{"allow":["GET"]}}],"collection":[{"href":"https:\/\/lopezdearenas.org\/inicio\/blog\/wp-json\/wp\/v2\/pages"}],"about":[{"href":"https:\/\/lopezdearenas.org\/inicio\/blog\/wp-json\/wp\/v2\/types\/page"}],"author":[{"embeddable":true,"href":"https:\/\/lopezdearenas.org\/inicio\/blog\/wp-json\/wp\/v2\/users\/1"}],"replies":[{"embeddable":true,"href":"https:\/\/lopezdearenas.org\/inicio\/blog\/wp-json\/wp\/v2\/comments?post=7472"}],"version-history":[{"count":2,"href":"https:\/\/lopezdearenas.org\/inicio\/blog\/wp-json\/wp\/v2\/pages\/7472\/revisions"}],"predecessor-version":[{"id":7478,"href":"https:\/\/lopezdearenas.org\/inicio\/blog\/wp-json\/wp\/v2\/pages\/7472\/revisions\/7478"}],"wp:attachment":[{"href":"https:\/\/lopezdearenas.org\/inicio\/blog\/wp-json\/wp\/v2\/media?parent=7472"}],"curies":[{"name":"wp","href":"https:\/\/api.w.org\/{rel}","templated":true}]}}