{"id":7467,"date":"2019-07-12T11:28:04","date_gmt":"2019-07-12T10:28:04","guid":{"rendered":"https:\/\/lopezdearenas.org\/inicio\/blog\/?page_id=7467"},"modified":"2019-07-12T11:28:04","modified_gmt":"2019-07-12T10:28:04","slug":"nos-acercamos-a-la-radio-escolar-arenas-fm","status":"publish","type":"page","link":"https:\/\/lopezdearenas.org\/inicio\/blog\/nos-acercamos-a-la-radio-escolar-arenas-fm\/","title":{"rendered":"NOS ACERCAMOS A LA RADIO ESCOLAR: ARENAS FM"},"content":{"rendered":"\n<p>Despu\u00e9s de Semana Santa comenzamos este\ninteresante proyecto del Programa <em>&nbsp;Andaluc\u00eda Profundiza.<\/em> Nuestros alumnos son\nAntonio Mart\u00edn, Libertad&nbsp;&nbsp;&nbsp;&nbsp;&nbsp;&nbsp; , Pablo Berdugo\ny Sergio Castilla, de 1\u00ba de ESO y \u00c1ngela Moreno, Marta Moreno, Sof\u00eda Moreno,\nAgeda Zamora y Daniel Higalgo de 2\u00ba de ESO-D, acompa\u00f1ados por los profesores\nManuel Trigueros y Gonzalo Alcaide.<\/p>\n\n\n\n<p>La primer sesi\u00f3n la dedicamos a hacer una\nintroducci\u00f3n a los medios de comunicaci\u00f3n en general: la prensa escrita, la\ntelevisi\u00f3n y la radio; y tambi\u00e9n hicimos una aproximaci\u00f3n a los distintos\ng\u00e9neros period\u00edsticos y a las diferentes sesiones de las que consta un programa\nde radio. Ese es el objetivo \u00faltimo, montar un programa de radio, desde la idea\nprimera, el gui\u00f3n, el reparto de funciones en la parte t\u00e9cnica y la parte\nperiod\u00edstica propiamente dicha, en la que tocaremos los espacios m\u00e1s frecuentes\ny de mayor inter\u00e9s para nuestros <em>periodistas<\/em>:\nentrevista, noticiario, musical y de entretenimiento.&nbsp;&nbsp; <\/p>\n\n\n\n<p>Para cada una de las sesiones hemos tenido el\nmismo m\u00e9todo de trabajo. Los alumnos tra\u00edan un trabajo previo realizado en\ncasa, consistente en preparar el contenido del espacio que \u00edbamos a elaborar:\nunas preguntas para una entrevista a un personaje concreto, una noticia&nbsp; de los \u00faltimos d\u00edas que les hubiera sido\nllamativa, o alguna canci\u00f3n preferida, de la que ten\u00edan que nos hablaban de su\nautor, contarnos c\u00f3mo y por qu\u00e9 se escribi\u00f3 y algunos detalles m\u00e1s que fueran\nde inter\u00e9s para el oyente. Canciones como thunderstruck, de AC\/DC, &nbsp;Look what\nyou made me do, de Taylor Swift. A continuaci\u00f3n, hemos grabado las pruebas necesarias\nhasta que nos quedamos con la definitiva, que hemos guardado para despu\u00e9s\nmontar el producto final. Os tenemos que decir que es un trabajo complicado,\nque requiere una planificaci\u00f3n previa de cada una de las intervenciones (un\ngui\u00f3n previo) y una gran coordinaci\u00f3n y comunicaci\u00f3n de todos los\nparticipantes: la entrada de la m\u00fasica, la entrada de los locutores, el\nencargado de dar entrada a los anteriores, el encargado de la grabaci\u00f3n\u2026Hemos\nprocurado que todos los alumnos participantes en el proyecto vayan rotando en\nlos diferentes puestos, para que todos aprendan a trabajar en las diferentes\nfacetas de los programas; entrevistador, entrevistado, locutores, control, etc.<\/p>\n\n\n\n<p>La experiencia ha sido muy positiva, porque nos ha dado la oportunidad a todos, alumnos y profesores, de adentrarnos en un mundo nuevo y conocer m\u00e1s de cerca el mundo de la radio. Not\u00e1bamos c\u00f3mo, conforme avanz\u00e1bamos en los d\u00edas, la soltura delante del micr\u00f3fono era mayor y la confianza que iban adquiriendo en sus propias posibilidades<\/p>\n\n\n\n<figure class=\"wp-block-image\"><img loading=\"lazy\" decoding=\"async\" width=\"904\" height=\"678\" src=\"https:\/\/lopezdearenas.org\/inicio\/blog\/wp-content\/uploads\/2019\/07\/radio1.png\" alt=\"\" class=\"wp-image-7468\" srcset=\"https:\/\/lopezdearenas.org\/inicio\/blog\/wp-content\/uploads\/2019\/07\/radio1.png 904w, https:\/\/lopezdearenas.org\/inicio\/blog\/wp-content\/uploads\/2019\/07\/radio1-300x225.png 300w, https:\/\/lopezdearenas.org\/inicio\/blog\/wp-content\/uploads\/2019\/07\/radio1-768x576.png 768w, https:\/\/lopezdearenas.org\/inicio\/blog\/wp-content\/uploads\/2019\/07\/radio1-400x300.png 400w\" sizes=\"auto, (max-width: 904px) 100vw, 904px\" \/><\/figure>\n\n\n\n<figure class=\"wp-block-image\"><img loading=\"lazy\" decoding=\"async\" width=\"908\" height=\"681\" src=\"https:\/\/lopezdearenas.org\/inicio\/blog\/wp-content\/uploads\/2019\/07\/radio2.png\" alt=\"\" class=\"wp-image-7469\" srcset=\"https:\/\/lopezdearenas.org\/inicio\/blog\/wp-content\/uploads\/2019\/07\/radio2.png 908w, https:\/\/lopezdearenas.org\/inicio\/blog\/wp-content\/uploads\/2019\/07\/radio2-300x225.png 300w, https:\/\/lopezdearenas.org\/inicio\/blog\/wp-content\/uploads\/2019\/07\/radio2-768x576.png 768w, https:\/\/lopezdearenas.org\/inicio\/blog\/wp-content\/uploads\/2019\/07\/radio2-400x300.png 400w\" sizes=\"auto, (max-width: 908px) 100vw, 908px\" \/><\/figure>\n\n\n\n<figure class=\"wp-block-image\"><img loading=\"lazy\" decoding=\"async\" width=\"904\" height=\"678\" src=\"https:\/\/lopezdearenas.org\/inicio\/blog\/wp-content\/uploads\/2019\/07\/radio3.png\" alt=\"\" class=\"wp-image-7470\" srcset=\"https:\/\/lopezdearenas.org\/inicio\/blog\/wp-content\/uploads\/2019\/07\/radio3.png 904w, https:\/\/lopezdearenas.org\/inicio\/blog\/wp-content\/uploads\/2019\/07\/radio3-300x225.png 300w, https:\/\/lopezdearenas.org\/inicio\/blog\/wp-content\/uploads\/2019\/07\/radio3-768x576.png 768w, https:\/\/lopezdearenas.org\/inicio\/blog\/wp-content\/uploads\/2019\/07\/radio3-400x300.png 400w\" sizes=\"auto, (max-width: 904px) 100vw, 904px\" \/><\/figure>\n","protected":false},"excerpt":{"rendered":"<p>Despu\u00e9s de Semana Santa comenzamos este interesante proyecto del Programa &nbsp;Andaluc\u00eda Profundiza. Nuestros alumnos son Antonio Mart\u00edn, Libertad&nbsp;&nbsp;&nbsp;&nbsp;&nbsp;&nbsp; , Pablo Berdugo y Sergio Castilla, de 1\u00ba de ESO y \u00c1ngela Moreno, Marta Moreno, Sof\u00eda Moreno, Ageda Zamora y Daniel Higalgo &hellip; <a href=\"https:\/\/lopezdearenas.org\/inicio\/blog\/nos-acercamos-a-la-radio-escolar-arenas-fm\/\">Sigue leyendo <span class=\"meta-nav\">&rarr;<\/span><\/a><\/p>\n","protected":false},"author":1,"featured_media":0,"parent":0,"menu_order":0,"comment_status":"closed","ping_status":"closed","template":"","meta":{"footnotes":""},"class_list":["post-7467","page","type-page","status-publish","hentry"],"jetpack_sharing_enabled":true,"_links":{"self":[{"href":"https:\/\/lopezdearenas.org\/inicio\/blog\/wp-json\/wp\/v2\/pages\/7467","targetHints":{"allow":["GET"]}}],"collection":[{"href":"https:\/\/lopezdearenas.org\/inicio\/blog\/wp-json\/wp\/v2\/pages"}],"about":[{"href":"https:\/\/lopezdearenas.org\/inicio\/blog\/wp-json\/wp\/v2\/types\/page"}],"author":[{"embeddable":true,"href":"https:\/\/lopezdearenas.org\/inicio\/blog\/wp-json\/wp\/v2\/users\/1"}],"replies":[{"embeddable":true,"href":"https:\/\/lopezdearenas.org\/inicio\/blog\/wp-json\/wp\/v2\/comments?post=7467"}],"version-history":[{"count":1,"href":"https:\/\/lopezdearenas.org\/inicio\/blog\/wp-json\/wp\/v2\/pages\/7467\/revisions"}],"predecessor-version":[{"id":7471,"href":"https:\/\/lopezdearenas.org\/inicio\/blog\/wp-json\/wp\/v2\/pages\/7467\/revisions\/7471"}],"wp:attachment":[{"href":"https:\/\/lopezdearenas.org\/inicio\/blog\/wp-json\/wp\/v2\/media?parent=7467"}],"curies":[{"name":"wp","href":"https:\/\/api.w.org\/{rel}","templated":true}]}}