{"id":6814,"date":"2018-11-16T12:03:07","date_gmt":"2018-11-16T11:03:07","guid":{"rendered":"https:\/\/lopezdearenas.org\/inicio\/blog\/?page_id=6814"},"modified":"2025-11-26T12:01:18","modified_gmt":"2025-11-26T11:01:18","slug":"departamento-de-sociales","status":"publish","type":"page","link":"https:\/\/lopezdearenas.org\/inicio\/blog\/departamento-de-sociales\/","title":{"rendered":"Departamento de Geograf\u00eda e Historia"},"content":{"rendered":"<p><span style=\"color: #008000;\"><strong>Profesorado:<\/strong><\/span><\/p>\n<ul>\n<li>Caro Isnard, Jos\u00e9 Juan<\/li>\n<li>Jim\u00e9nez Barrera, M\u00aa Teresa<\/li>\n<li>Jim\u00e9nez Fr\u00edas, Mar\u00eda (<strong>Jefa del Departamento<\/strong>)<\/li>\n<li>L\u00f3pez Tenorio, Cristina<\/li>\n<li>Su\u00e1rez Arisp\u00f3n, Mar\u00eda del Carmen\u00a0<\/li>\n<\/ul>\n<p><span style=\"color: #008000;\"><strong>Materias:<\/strong><\/span><\/p>\n<ul>\n<li>Geograf\u00eda e Historia 1\u00ba, 2\u00ba, 3\u00ba y 4\u00ba ESO<\/li>\n<li><span style=\"font-family: Arial, sans-serif;\">\u00c1mbito Comunicaci\u00f3n y sociedad I (CFGB)<\/span><\/li>\n<li>Atenci\u00f3n educativa (4\u00ba de ESO)<\/li>\n<li>Historia del Mundo Contempor\u00e1neo (1\u00ba Bachillerato)<\/li>\n<li>Patrimonio cultural y art\u00edstico de Andaluc\u00eda (1\u00ba Bachillerato)<\/li>\n<li>Geograf\u00eda 2\u00ba Bachillerato<\/li>\n<li>Historia del arte (2\u00ba Bachillerato)<\/li>\n<li>Historia de Espa\u00f1a (2\u00ba Bachillerato)<\/li>\n<\/ul>\n<p><span style=\"color: #008000;\"><strong>Criterios de evaluaci\u00f3n:<\/strong><\/span><\/p>\n\n\n<div class=\"wp-block-file\"><a id=\"wp-block-file--media-ec90a579-dd5d-4ffd-b329-4656006a085f\" href=\"https:\/\/lopezdearenas.org\/inicio\/blog\/wp-content\/uploads\/2025\/11\/Criterios-de-evaluacion-ESO-GeH-1.pdf\">Criterios-de-evaluacion-ESO-GeH-1<\/a><\/div>\n\n\n\n<div class=\"wp-block-file\"><a id=\"wp-block-file--media-1e83204b-e36b-450f-b612-7251b60105ad\" href=\"https:\/\/lopezdearenas.org\/inicio\/blog\/wp-content\/uploads\/2025\/11\/Criterios-de-evaluacion-Bachillerato-GeH-1.pdf\">Criterios-de-evaluacion-Bachillerato-GeH-1<\/a><\/div>\n\n\n\n<p><\/p>\n","protected":false},"excerpt":{"rendered":"<p>Profesorado: Caro Isnard, Jos\u00e9 Juan Jim\u00e9nez Barrera, M\u00aa Teresa Jim\u00e9nez Fr\u00edas, Mar\u00eda (Jefa del Departamento) L\u00f3pez Tenorio, Cristina Su\u00e1rez Arisp\u00f3n, Mar\u00eda del Carmen\u00a0 Materias: Geograf\u00eda e Historia 1\u00ba, 2\u00ba, 3\u00ba y 4\u00ba ESO \u00c1mbito Comunicaci\u00f3n y sociedad I (CFGB) Atenci\u00f3n &hellip; <a href=\"https:\/\/lopezdearenas.org\/inicio\/blog\/departamento-de-sociales\/\">Sigue leyendo <span class=\"meta-nav\">&rarr;<\/span><\/a><\/p>\n","protected":false},"author":1,"featured_media":0,"parent":0,"menu_order":0,"comment_status":"closed","ping_status":"closed","template":"","meta":{"footnotes":""},"class_list":["post-6814","page","type-page","status-publish","hentry"],"jetpack_sharing_enabled":false,"_links":{"self":[{"href":"https:\/\/lopezdearenas.org\/inicio\/blog\/wp-json\/wp\/v2\/pages\/6814","targetHints":{"allow":["GET"]}}],"collection":[{"href":"https:\/\/lopezdearenas.org\/inicio\/blog\/wp-json\/wp\/v2\/pages"}],"about":[{"href":"https:\/\/lopezdearenas.org\/inicio\/blog\/wp-json\/wp\/v2\/types\/page"}],"author":[{"embeddable":true,"href":"https:\/\/lopezdearenas.org\/inicio\/blog\/wp-json\/wp\/v2\/users\/1"}],"replies":[{"embeddable":true,"href":"https:\/\/lopezdearenas.org\/inicio\/blog\/wp-json\/wp\/v2\/comments?post=6814"}],"version-history":[{"count":16,"href":"https:\/\/lopezdearenas.org\/inicio\/blog\/wp-json\/wp\/v2\/pages\/6814\/revisions"}],"predecessor-version":[{"id":17449,"href":"https:\/\/lopezdearenas.org\/inicio\/blog\/wp-json\/wp\/v2\/pages\/6814\/revisions\/17449"}],"wp:attachment":[{"href":"https:\/\/lopezdearenas.org\/inicio\/blog\/wp-json\/wp\/v2\/media?parent=6814"}],"curies":[{"name":"wp","href":"https:\/\/api.w.org\/{rel}","templated":true}]}}