{"id":6810,"date":"2018-11-16T11:46:30","date_gmt":"2018-11-16T10:46:30","guid":{"rendered":"https:\/\/lopezdearenas.org\/inicio\/blog\/?page_id=6810"},"modified":"2024-01-04T18:23:30","modified_gmt":"2024-01-04T17:23:30","slug":"departamento-de-religion","status":"publish","type":"page","link":"https:\/\/lopezdearenas.org\/inicio\/blog\/departamento-de-religion\/","title":{"rendered":"Departamento de Religi\u00f3n"},"content":{"rendered":"\n<p class=\"has-vivid-green-cyan-color has-text-color\"><strong>Profesorado<\/strong><\/p>\n\n\n\n<p>Ceballos Zayas, Juan Antonio<\/p>\n\n\n\n<p>Gallardo Guti\u00e9rrez, Pedro<\/p>\n\n\n\n<p>Personat Barcia, Mar\u00eda Nieves<\/p>\n\n\n\n<p class=\"has-vivid-green-cyan-color has-text-color\"><strong>Materias<\/strong><\/p>\n\n\n\n<p>Religi\u00f3n 1\u00ba, 2\u00ba, 3\u00ba y 4\u00ba ESO<\/p>\n\n\n\n<p>Religi\u00f3n 1\u00ba y 2\u00ba Bachillerato<\/p>\n\n\n\n<p class=\"has-vivid-green-cyan-color has-text-color\"><strong>Criterios de evaluaci\u00f3n y calificaci\u00f3n<\/strong><\/p>\n\n\n\n<p><a href=\"https:\/\/lopezdearenas.org\/inicio\/blog\/wp-content\/uploads\/2024\/01\/Religion-criterios-1o-ESO.pdf\">01_Criterios de evaluaci\u00f3n 1\u00ba ESO<\/a><\/p>\n\n\n\n<p><a href=\"https:\/\/lopezdearenas.org\/inicio\/blog\/wp-content\/uploads\/2024\/01\/Religion-criterios-2o-ESO.pdf\">02_Criterios de evaluaci\u00f3n 2\u00ba ESO<\/a><\/p>\n\n\n\n<p><a href=\"https:\/\/lopezdearenas.org\/inicio\/blog\/wp-content\/uploads\/2024\/01\/Religion-criterios-3o-ESO.pdf\">03_Criterios de evaluaci\u00f3n 3\u00ba ESO<\/a><\/p>\n\n\n\n<p><a href=\"https:\/\/lopezdearenas.org\/inicio\/blog\/wp-content\/uploads\/2024\/01\/Religion-criterios-4o-ESO.pdf\">04_Criterios de evaluaci\u00f3n 4\u00ba ESO<\/a><\/p>\n\n\n\n<p><a href=\"https:\/\/lopezdearenas.org\/inicio\/blog\/wp-content\/uploads\/2024\/01\/Religion-criterios-1o-Bach.pdf\">05_Criterios de evaluaci\u00f3n 1\u00ba Bachillerato<\/a><\/p>\n\n\n\n<p><a href=\"https:\/\/lopezdearenas.org\/inicio\/blog\/wp-content\/uploads\/2024\/01\/Religion-criterios-2o-Bachillerato.pdf\">06_Criterios de evaluaci\u00f3n 2\u00ba Bachillerato<\/a><\/p>\n","protected":false},"excerpt":{"rendered":"<p>Profesorado Ceballos Zayas, Juan Antonio Gallardo Guti\u00e9rrez, Pedro Personat Barcia, Mar\u00eda Nieves Materias Religi\u00f3n 1\u00ba, 2\u00ba, 3\u00ba y 4\u00ba ESO Religi\u00f3n 1\u00ba y 2\u00ba Bachillerato Criterios de evaluaci\u00f3n y calificaci\u00f3n 01_Criterios de evaluaci\u00f3n 1\u00ba ESO 02_Criterios de evaluaci\u00f3n 2\u00ba ESO &hellip; <a href=\"https:\/\/lopezdearenas.org\/inicio\/blog\/departamento-de-religion\/\">Sigue leyendo <span class=\"meta-nav\">&rarr;<\/span><\/a><\/p>\n","protected":false},"author":1,"featured_media":0,"parent":0,"menu_order":0,"comment_status":"closed","ping_status":"closed","template":"","meta":{"footnotes":""},"class_list":["post-6810","page","type-page","status-publish","hentry"],"jetpack_sharing_enabled":false,"_links":{"self":[{"href":"https:\/\/lopezdearenas.org\/inicio\/blog\/wp-json\/wp\/v2\/pages\/6810","targetHints":{"allow":["GET"]}}],"collection":[{"href":"https:\/\/lopezdearenas.org\/inicio\/blog\/wp-json\/wp\/v2\/pages"}],"about":[{"href":"https:\/\/lopezdearenas.org\/inicio\/blog\/wp-json\/wp\/v2\/types\/page"}],"author":[{"embeddable":true,"href":"https:\/\/lopezdearenas.org\/inicio\/blog\/wp-json\/wp\/v2\/users\/1"}],"replies":[{"embeddable":true,"href":"https:\/\/lopezdearenas.org\/inicio\/blog\/wp-json\/wp\/v2\/comments?post=6810"}],"version-history":[{"count":7,"href":"https:\/\/lopezdearenas.org\/inicio\/blog\/wp-json\/wp\/v2\/pages\/6810\/revisions"}],"predecessor-version":[{"id":14128,"href":"https:\/\/lopezdearenas.org\/inicio\/blog\/wp-json\/wp\/v2\/pages\/6810\/revisions\/14128"}],"wp:attachment":[{"href":"https:\/\/lopezdearenas.org\/inicio\/blog\/wp-json\/wp\/v2\/media?parent=6810"}],"curies":[{"name":"wp","href":"https:\/\/api.w.org\/{rel}","templated":true}]}}