{"id":5716,"date":"2017-10-20T04:42:58","date_gmt":"2017-10-20T03:42:58","guid":{"rendered":"http:\/\/lopezdearenas.org\/inicio\/blog\/?page_id=5716"},"modified":"2021-07-08T20:52:15","modified_gmt":"2021-07-08T19:52:15","slug":"erasmus-plus-2018-2019","status":"publish","type":"page","link":"https:\/\/lopezdearenas.org\/inicio\/blog\/erasmus-plus-2018-2019\/","title":{"rendered":"BRIDGE TO EUROPE 18-20(2018-1-ES01-KA102-047871)"},"content":{"rendered":"<p style=\"text-align: center;\"><strong><a href=\"https:\/\/lopezdearenas.org\/inicio\/blog\/wp-content\/uploads\/2019\/01\/Logotipo-Erasmus.png\"><img loading=\"lazy\" decoding=\"async\" class=\"aligncenter size-full wp-image-7032\" src=\"https:\/\/lopezdearenas.org\/inicio\/blog\/wp-content\/uploads\/2019\/01\/Logotipo-Erasmus.png\" alt=\"\" width=\"420\" height=\"120\" srcset=\"https:\/\/lopezdearenas.org\/inicio\/blog\/wp-content\/uploads\/2019\/01\/Logotipo-Erasmus.png 420w, https:\/\/lopezdearenas.org\/inicio\/blog\/wp-content\/uploads\/2019\/01\/Logotipo-Erasmus-300x86.png 300w\" sizes=\"auto, (max-width: 420px) 100vw, 420px\" \/><\/a>PROGRAMA DE MOVILIDAD ERASMUS +<br>\n<\/strong><strong>CURSO 2018 &#8211; 2019 &#8211;&nbsp;FP <\/strong><strong>GRADO MEDIO<\/strong><\/p>\n<p>El IES L\u00f3pez de Arenas participa en el <strong>Proyecto de Movilidad Erasmus+<\/strong>&nbsp;y ofrece al alumnado y reci\u00e9n titulados de los Ciclos de Formaci\u00f3n Profesional de Grado Medio, la posibilidad de realizar pr\u00e1cticas profesionales en diferentes pa\u00edses europeos.<\/p>\n<p>Se prev\u00e9 la realizaci\u00f3n de un per\u00edodo de movilidad:<\/p>\n<p><strong>MARZO \u2013 JUNIO 2019<\/strong><\/p>\n<p>Pueden solicitar la beca:<\/p>\n<ul>\n<li><strong>ALUMNADO de segundo curso<\/strong> de cualquiera de los Ciclos de Grado Medio ofertados por el centro. Las pr\u00e1cticas realizadas se equiparar\u00e1n a la realizaci\u00f3n de la FCT.<\/li>\n<\/ul>\n<p>Otros datos de inter\u00e9s:<\/p>\n<ul>\n<li><strong>Duraci\u00f3n de la estancia<\/strong>: 90 d\u00edas (Modalidad larga) y 17 d\u00edas (Modalidad corta)<\/li>\n<li><strong>N\u00ba de Becas Ofertadas:<\/strong> 27<\/li>\n<li><strong>Pa\u00edses de destino<\/strong>: Italia, Irlanda y Portugal<\/li>\n<li><strong>Financiaci\u00f3n<\/strong>: el importe de la beca cubre la totalidad de los gastos de viaje, alojamiento y manutenci\u00f3n durante la estancia.<\/li>\n<li><strong>Formaci\u00f3n ling\u00fc\u00edstica<\/strong>: los candidatos seleccionados para viajar a Italia e Irlanda, deber\u00e1n acceder a un curso&nbsp;<em>on-line d<\/em>e preparaci\u00f3n de italiano e ingl\u00e9s, respectivamente. Los seleccionados para viajar a Portugal disfrutar\u00e1n de un curso de idiomas de car\u00e1cter presencial.<\/li>\n<li><strong>C\u00f3mo acceder a la beca<\/strong>: Descarga el \u201cFormulario de Inscripci\u00f3n\u201d desde la Web del centro. Entrega dicho documento, debidamente cumplimentado y firmado, en el lugar donde se indique en las bases de la convocatoria.<\/li>\n<\/ul>\n<p><strong>BASES DE LA CONVOCATORIA<\/strong><\/p>\n<p>En las bases de la Convocatoria que puedes descargar desde la Web del Centro, encontrar\u00e1s informaci\u00f3n detallada sobre el proceso de selecci\u00f3n, as\u00ed como sobre las caracter\u00edsticas de la beca.<\/p>\n<p><a href=\"https:\/\/lopezdearenas.org\/inicio\/blog\/wp-content\/uploads\/2018\/10\/Bases-Convocatoria-BRIDGE-TO-EUROPE-II.pdf\">Bases Convocatoria 2018-2019<\/a><\/p>\n<p><a href=\"https:\/\/lopezdearenas.org\/inicio\/blog\/wp-content\/uploads\/2018\/10\/Inscripcio\u0301n-Bridge-to-Europe-II-OCT-2018.pdf\">Formulario de Inscripcio\u0301n 2018-2019<\/a><\/p>\n<p><a href=\"https:\/\/lopezdearenas.org\/inicio\/blog\/wp-content\/uploads\/2018\/10\/Applicant\u00b4s-Questionnaire-BRIDGE-TO-EUROPE.pdf\">Cuestionario para los participantes 2018-2019 (Ingl\u00e9s)<\/a><\/p>\n<p><a href=\"https:\/\/lopezdearenas.org\/inicio\/blog\/wp-content\/uploads\/2018\/10\/Aceptacio\u0301n-Beca-Bridge-to-Europe-II.pdf\">Aceptacio\u0301n Beca 2018-2019<\/a><\/p>\n\n\n<div class=\"wp-block-buttons is-layout-flex wp-block-buttons-is-layout-flex\">\n<div class=\"wp-block-button\"><a class=\"wp-block-button__link\" href=\"\/\/lopezdearenas.org\/inicio\/blog\/practicas-en-europa-bridge-to-europe\/\" target=\"_blank\" rel=\"noreferrer noopener\">Pr\u00e1cticas en Europa<\/a><\/div>\n<\/div>\n\n\n\n<div class=\"wp-block-buttons is-layout-flex wp-block-buttons-is-layout-flex\">\n<div class=\"wp-block-button\"><a class=\"wp-block-button__link\" href=\"https:\/\/lopezdearenas.org\/inicio\/blog\/bases-de-la-convocatoria-erasmus-bridge-to-europe-2018-1-es01-ka102-047871-curso-academico-2019-2020\/\" target=\"_blank\" rel=\"noreferrer noopener\">Bases de la convocatoria Bridge to Europe<\/a><\/div>\n<\/div>\n\n\n\n<div class=\"wp-block-buttons is-layout-flex wp-block-buttons-is-layout-flex\">\n<div class=\"wp-block-button\"><a class=\"wp-block-button__link\" href=\"https:\/\/lopezdearenas.org\/inicio\/blog\/erasmus-plus-italia\/\" target=\"_blank\" rel=\"noreferrer noopener\">Erasmus + (Italia)<\/a><\/div>\n<\/div>\n","protected":false},"excerpt":{"rendered":"<p>PROGRAMA DE MOVILIDAD ERASMUS + CURSO 2018 &#8211; 2019 &#8211;&nbsp;FP GRADO MEDIO El IES L\u00f3pez de Arenas participa en el Proyecto de Movilidad Erasmus+&nbsp;y ofrece al alumnado y reci\u00e9n titulados de los Ciclos de Formaci\u00f3n Profesional de Grado Medio, la &hellip; <a href=\"https:\/\/lopezdearenas.org\/inicio\/blog\/erasmus-plus-2018-2019\/\">Sigue leyendo <span class=\"meta-nav\">&rarr;<\/span><\/a><\/p>\n","protected":false},"author":1,"featured_media":0,"parent":0,"menu_order":0,"comment_status":"closed","ping_status":"closed","template":"","meta":{"footnotes":""},"class_list":["post-5716","page","type-page","status-publish","hentry"],"jetpack_sharing_enabled":true,"_links":{"self":[{"href":"https:\/\/lopezdearenas.org\/inicio\/blog\/wp-json\/wp\/v2\/pages\/5716","targetHints":{"allow":["GET"]}}],"collection":[{"href":"https:\/\/lopezdearenas.org\/inicio\/blog\/wp-json\/wp\/v2\/pages"}],"about":[{"href":"https:\/\/lopezdearenas.org\/inicio\/blog\/wp-json\/wp\/v2\/types\/page"}],"author":[{"embeddable":true,"href":"https:\/\/lopezdearenas.org\/inicio\/blog\/wp-json\/wp\/v2\/users\/1"}],"replies":[{"embeddable":true,"href":"https:\/\/lopezdearenas.org\/inicio\/blog\/wp-json\/wp\/v2\/comments?post=5716"}],"version-history":[{"count":10,"href":"https:\/\/lopezdearenas.org\/inicio\/blog\/wp-json\/wp\/v2\/pages\/5716\/revisions"}],"predecessor-version":[{"id":9664,"href":"https:\/\/lopezdearenas.org\/inicio\/blog\/wp-json\/wp\/v2\/pages\/5716\/revisions\/9664"}],"wp:attachment":[{"href":"https:\/\/lopezdearenas.org\/inicio\/blog\/wp-json\/wp\/v2\/media?parent=5716"}],"curies":[{"name":"wp","href":"https:\/\/api.w.org\/{rel}","templated":true}]}}