{"id":5581,"date":"2017-07-18T10:13:04","date_gmt":"2017-07-18T09:13:04","guid":{"rendered":"http:\/\/lopezdearenas.org\/inicio\/blog\/?page_id=5581"},"modified":"2017-07-18T10:13:04","modified_gmt":"2017-07-18T09:13:04","slug":"huerto-escolar-iii-curso-20162017","status":"publish","type":"page","link":"https:\/\/lopezdearenas.org\/inicio\/blog\/huerto-escolar-iii-curso-20162017\/","title":{"rendered":"Huerto Escolar III (Curso 2016\/2017)"},"content":{"rendered":"<p>Durante el curso escolar 2016-2017 hemos llevado a cabo la puesta en pr\u00e1ctica del Proyecto \u201cUn huerto escolar en nuestro instituto, mejoremos nuestro entorno\u201d, dentro del programa Andaluc\u00eda Profundiza. Este proyecto est\u00e1 enmarcado dentro de otro mayor, con objetivos m\u00e1s amplios, llamado ALDEA, que tambi\u00e9n se ha desarrollado en nuestro centro en el presente curso. Este es el tercer a\u00f1o que trabajamos, entre otros objetivos, el acercamiento de los alumnos a la naturaleza a trav\u00e9s de productos de uso cotidiano, en este caso los del huerto; pero adem\u00e1s, como se explica en el proyecto, hemos querido promover una actitud y una responsabilidad medioambiental mediante una serie de tareas que tienen como fin \u00faltimo transformar una serie de zonas comunes (recreo y jardines) en un espacio agradable, \u201cverde\u201d, en el que todos nos sintamos a gusto.<\/p>\n<p>La mayor\u00eda del trabajo se ha realizado en los recreos y, desde marzo, en algunas horas de la materia de Biolog\u00eda, por lo que no puede hablarse de largas sesiones, sino de un trabajo casi diario. De todas formas resumimos a continuaci\u00f3n, de modo cronol\u00f3gico, las actuaciones llevadas a cabo desde el mes de octubre.<\/p>\n<p>Como decimos, aunque el proyecto se present\u00f3 en enero, desde el primer trimestre ya est\u00e1bamos en el huerto. Tras un primer paso por las aulas para explicar en qu\u00e9 consist\u00eda, conseguimos un buen grupo de alumnos para empezar.<\/p>\n<p><span style=\"color: #008000;\"><strong>1\u00aa Sesi\u00f3n<\/strong><\/span><\/p>\n<p>Explicaci\u00f3n de lo realizado el a\u00f1o anterior. Retirada de las gomas de goteo, ca\u00f1as, tela met\u00e1lica y otros restos del a\u00f1o pasado, para poder quitar las malas hierbas sin peligro y con mayor facilidad. Explicaci\u00f3n de las tareas de este a\u00f1o: elecci\u00f3n de los productos de temporada, el clima, etc. Durante unos d\u00edas vamos quitando la hierba y limpiando el terreno para la siembra.<\/p>\n<p><a href=\"http:\/\/lopezdearenas.org\/inicio\/blog\/wp-content\/uploads\/2017\/07\/foto-1.jpg\"><img loading=\"lazy\" decoding=\"async\" class=\"aligncenter size-large wp-image-5582\" src=\"http:\/\/lopezdearenas.org\/inicio\/blog\/wp-content\/uploads\/2017\/07\/foto-1-1024x614.jpg\" alt=\"\" width=\"584\" height=\"350\" srcset=\"https:\/\/lopezdearenas.org\/inicio\/blog\/wp-content\/uploads\/2017\/07\/foto-1-1024x614.jpg 1024w, https:\/\/lopezdearenas.org\/inicio\/blog\/wp-content\/uploads\/2017\/07\/foto-1-300x180.jpg 300w, https:\/\/lopezdearenas.org\/inicio\/blog\/wp-content\/uploads\/2017\/07\/foto-1-768x461.jpg 768w, https:\/\/lopezdearenas.org\/inicio\/blog\/wp-content\/uploads\/2017\/07\/foto-1-500x300.jpg 500w, https:\/\/lopezdearenas.org\/inicio\/blog\/wp-content\/uploads\/2017\/07\/foto-1.jpg 1600w\" sizes=\"auto, (max-width: 584px) 100vw, 584px\" \/><\/a><\/p>\n<p><span style=\"color: #008000;\"><strong>2\u00aa Sesi\u00f3n<\/strong><\/span><\/p>\n<p>Siembra de los productos de oto\u00f1o: habas, distintos tipos de lechuga, ajos, cebollas, br\u00f3coli, coliflor, col lombarda, acelgas y zanahorias. Durante muchos d\u00edas hemos bajado al huerto para regar y cuidar estas plantas. Esta sesi\u00f3n (varias semanas) se acompa\u00f1a de explicaciones tanto del trabajo como de las propiedades de los productos.<\/p>\n<p><a href=\"http:\/\/lopezdearenas.org\/inicio\/blog\/wp-content\/uploads\/2017\/07\/foto-2.jpg\"><img loading=\"lazy\" decoding=\"async\" class=\"aligncenter size-large wp-image-5583\" src=\"http:\/\/lopezdearenas.org\/inicio\/blog\/wp-content\/uploads\/2017\/07\/foto-2-614x1024.jpg\" alt=\"\" width=\"584\" height=\"974\" srcset=\"https:\/\/lopezdearenas.org\/inicio\/blog\/wp-content\/uploads\/2017\/07\/foto-2-614x1024.jpg 614w, https:\/\/lopezdearenas.org\/inicio\/blog\/wp-content\/uploads\/2017\/07\/foto-2-180x300.jpg 180w, https:\/\/lopezdearenas.org\/inicio\/blog\/wp-content\/uploads\/2017\/07\/foto-2-768x1280.jpg 768w, https:\/\/lopezdearenas.org\/inicio\/blog\/wp-content\/uploads\/2017\/07\/foto-2.jpg 960w\" sizes=\"auto, (max-width: 584px) 100vw, 584px\" \/><\/a><\/p>\n<p><strong><span style=\"color: #008000;\">3\u00aa Sesi\u00f3n<\/span><\/strong><\/p>\n<p>La rocalla. Tras una explicaci\u00f3n de la historia de este elemento decorativo y de la importancia y propiedades de las plantas arom\u00e1ticas en un jard\u00edn, el \u00faltimo d\u00eda del primer trimestre los dedicamos a la construcci\u00f3n de la rocalla en una de las zonas ajardinadas de nuestro centro, algo desangelada hasta el momento. Durante algunas semanas hubo que ir a regarlas con cubos, hasta que se instal\u00f3 un sistema de riego m\u00e1s cercano. Afortunadamente era invierno y el riego pod\u00eda ser m\u00e1s espaciado.<\/p>\n<p><a href=\"http:\/\/lopezdearenas.org\/inicio\/blog\/wp-content\/uploads\/2017\/07\/foto-3.jpg\"><img loading=\"lazy\" decoding=\"async\" class=\"aligncenter size-large wp-image-5584\" src=\"http:\/\/lopezdearenas.org\/inicio\/blog\/wp-content\/uploads\/2017\/07\/foto-3-1024x768.jpg\" alt=\"\" width=\"584\" height=\"438\" srcset=\"https:\/\/lopezdearenas.org\/inicio\/blog\/wp-content\/uploads\/2017\/07\/foto-3-1024x768.jpg 1024w, https:\/\/lopezdearenas.org\/inicio\/blog\/wp-content\/uploads\/2017\/07\/foto-3-300x225.jpg 300w, https:\/\/lopezdearenas.org\/inicio\/blog\/wp-content\/uploads\/2017\/07\/foto-3-768x576.jpg 768w, https:\/\/lopezdearenas.org\/inicio\/blog\/wp-content\/uploads\/2017\/07\/foto-3-400x300.jpg 400w, https:\/\/lopezdearenas.org\/inicio\/blog\/wp-content\/uploads\/2017\/07\/foto-3.jpg 1600w\" sizes=\"auto, (max-width: 584px) 100vw, 584px\" \/><\/a><\/p>\n<p><a href=\"http:\/\/lopezdearenas.org\/inicio\/blog\/wp-content\/uploads\/2017\/07\/foto-4.jpg\"><img loading=\"lazy\" decoding=\"async\" class=\"aligncenter size-large wp-image-5585\" src=\"http:\/\/lopezdearenas.org\/inicio\/blog\/wp-content\/uploads\/2017\/07\/foto-4-1024x768.jpg\" alt=\"\" width=\"584\" height=\"438\" srcset=\"https:\/\/lopezdearenas.org\/inicio\/blog\/wp-content\/uploads\/2017\/07\/foto-4-1024x768.jpg 1024w, https:\/\/lopezdearenas.org\/inicio\/blog\/wp-content\/uploads\/2017\/07\/foto-4-300x225.jpg 300w, https:\/\/lopezdearenas.org\/inicio\/blog\/wp-content\/uploads\/2017\/07\/foto-4-768x576.jpg 768w, https:\/\/lopezdearenas.org\/inicio\/blog\/wp-content\/uploads\/2017\/07\/foto-4-400x300.jpg 400w, https:\/\/lopezdearenas.org\/inicio\/blog\/wp-content\/uploads\/2017\/07\/foto-4.jpg 1600w\" sizes=\"auto, (max-width: 584px) 100vw, 584px\" \/><\/a><\/p>\n<p><a href=\"http:\/\/lopezdearenas.org\/inicio\/blog\/wp-content\/uploads\/2017\/07\/foto-5.jpg\"><img loading=\"lazy\" decoding=\"async\" class=\"aligncenter size-large wp-image-5586\" src=\"http:\/\/lopezdearenas.org\/inicio\/blog\/wp-content\/uploads\/2017\/07\/foto-5-1024x768.jpg\" alt=\"\" width=\"584\" height=\"438\" srcset=\"https:\/\/lopezdearenas.org\/inicio\/blog\/wp-content\/uploads\/2017\/07\/foto-5-1024x768.jpg 1024w, https:\/\/lopezdearenas.org\/inicio\/blog\/wp-content\/uploads\/2017\/07\/foto-5-300x225.jpg 300w, https:\/\/lopezdearenas.org\/inicio\/blog\/wp-content\/uploads\/2017\/07\/foto-5-768x576.jpg 768w, https:\/\/lopezdearenas.org\/inicio\/blog\/wp-content\/uploads\/2017\/07\/foto-5-400x300.jpg 400w, https:\/\/lopezdearenas.org\/inicio\/blog\/wp-content\/uploads\/2017\/07\/foto-5.jpg 1600w\" sizes=\"auto, (max-width: 584px) 100vw, 584px\" \/><\/a><\/p>\n<p><strong><span style=\"color: #008000;\">4\u00ba Sesi\u00f3n<\/span><\/strong><\/p>\n<p>Durante algunas semanas nos dedicamos a mantener al huerto. Recogemos algunos productos. A principios de marzo empieza la construcci\u00f3n de los bancales, para conocer un nuevo tipo de cultivo: el PERMACULTIVO. Durante unos meses los alumnos tendr\u00e1n la ocasi\u00f3n de ver, uno al lado del otro, ambos huertos ecol\u00f3gicos: el tradicional y el nuevo.<\/p>\n<p><a href=\"http:\/\/lopezdearenas.org\/inicio\/blog\/wp-content\/uploads\/2017\/07\/foto-6.jpg\"><img loading=\"lazy\" decoding=\"async\" class=\"aligncenter size-large wp-image-5588\" src=\"http:\/\/lopezdearenas.org\/inicio\/blog\/wp-content\/uploads\/2017\/07\/foto-6-576x1024.jpg\" alt=\"\" width=\"576\" height=\"1024\" srcset=\"https:\/\/lopezdearenas.org\/inicio\/blog\/wp-content\/uploads\/2017\/07\/foto-6-576x1024.jpg 576w, https:\/\/lopezdearenas.org\/inicio\/blog\/wp-content\/uploads\/2017\/07\/foto-6-169x300.jpg 169w, https:\/\/lopezdearenas.org\/inicio\/blog\/wp-content\/uploads\/2017\/07\/foto-6-768x1365.jpg 768w, https:\/\/lopezdearenas.org\/inicio\/blog\/wp-content\/uploads\/2017\/07\/foto-6.jpg 900w\" sizes=\"auto, (max-width: 576px) 100vw, 576px\" \/><\/a><\/p>\n<p><a href=\"http:\/\/lopezdearenas.org\/inicio\/blog\/wp-content\/uploads\/2017\/07\/foto-7.jpg\"><img loading=\"lazy\" decoding=\"async\" class=\"aligncenter size-large wp-image-5589\" src=\"http:\/\/lopezdearenas.org\/inicio\/blog\/wp-content\/uploads\/2017\/07\/foto-7-1024x576.jpg\" alt=\"\" width=\"584\" height=\"329\" srcset=\"https:\/\/lopezdearenas.org\/inicio\/blog\/wp-content\/uploads\/2017\/07\/foto-7-1024x576.jpg 1024w, https:\/\/lopezdearenas.org\/inicio\/blog\/wp-content\/uploads\/2017\/07\/foto-7-300x169.jpg 300w, https:\/\/lopezdearenas.org\/inicio\/blog\/wp-content\/uploads\/2017\/07\/foto-7-768x432.jpg 768w, https:\/\/lopezdearenas.org\/inicio\/blog\/wp-content\/uploads\/2017\/07\/foto-7-500x281.jpg 500w, https:\/\/lopezdearenas.org\/inicio\/blog\/wp-content\/uploads\/2017\/07\/foto-7.jpg 1600w\" sizes=\"auto, (max-width: 584px) 100vw, 584px\" \/><\/a><\/p>\n<p><strong><span style=\"color: #008000;\">5\u00aa Sesi\u00f3n<\/span><\/strong><\/p>\n<p>Sin descuidar lo indicado en la 4\u00aa sesi\u00f3n, dedicamos algunas horas al patio recreo. Con motivo de la Jornada del D\u00eda de Andaluc\u00eda, plantamos junto a una de las puertas laterales unos cien metros cuadrados de \u201cplantas rastreras invasoras\u201d. A pesar del nombre, se trata de crear un tapiz verde en una zona de pinos que solo permite plantas bastante resistentes. Pr\u00e1cticamente todas han agarrado, veremos el resultado dentro de unos meses.<\/p>\n<p><a href=\"http:\/\/lopezdearenas.org\/inicio\/blog\/wp-content\/uploads\/2017\/07\/foto-8.jpg\"><img loading=\"lazy\" decoding=\"async\" class=\"aligncenter size-large wp-image-5590\" src=\"http:\/\/lopezdearenas.org\/inicio\/blog\/wp-content\/uploads\/2017\/07\/foto-8-1024x768.jpg\" alt=\"\" width=\"584\" height=\"438\" srcset=\"https:\/\/lopezdearenas.org\/inicio\/blog\/wp-content\/uploads\/2017\/07\/foto-8-1024x768.jpg 1024w, https:\/\/lopezdearenas.org\/inicio\/blog\/wp-content\/uploads\/2017\/07\/foto-8-300x225.jpg 300w, https:\/\/lopezdearenas.org\/inicio\/blog\/wp-content\/uploads\/2017\/07\/foto-8-768x576.jpg 768w, https:\/\/lopezdearenas.org\/inicio\/blog\/wp-content\/uploads\/2017\/07\/foto-8-400x300.jpg 400w, https:\/\/lopezdearenas.org\/inicio\/blog\/wp-content\/uploads\/2017\/07\/foto-8.jpg 1600w\" sizes=\"auto, (max-width: 584px) 100vw, 584px\" \/><\/a><\/p>\n<p><a href=\"http:\/\/lopezdearenas.org\/inicio\/blog\/wp-content\/uploads\/2017\/07\/foto-9.jpg\"><img loading=\"lazy\" decoding=\"async\" class=\"aligncenter size-large wp-image-5591\" src=\"http:\/\/lopezdearenas.org\/inicio\/blog\/wp-content\/uploads\/2017\/07\/foto-9-1024x768.jpg\" alt=\"\" width=\"584\" height=\"438\" srcset=\"https:\/\/lopezdearenas.org\/inicio\/blog\/wp-content\/uploads\/2017\/07\/foto-9-1024x768.jpg 1024w, https:\/\/lopezdearenas.org\/inicio\/blog\/wp-content\/uploads\/2017\/07\/foto-9-300x225.jpg 300w, https:\/\/lopezdearenas.org\/inicio\/blog\/wp-content\/uploads\/2017\/07\/foto-9-768x576.jpg 768w, https:\/\/lopezdearenas.org\/inicio\/blog\/wp-content\/uploads\/2017\/07\/foto-9-400x300.jpg 400w, https:\/\/lopezdearenas.org\/inicio\/blog\/wp-content\/uploads\/2017\/07\/foto-9.jpg 1600w\" sizes=\"auto, (max-width: 584px) 100vw, 584px\" \/><\/a><\/p>\n<p><strong><span style=\"color: #008000;\">6\u00aa Sesi\u00f3n<\/span><\/strong><\/p>\n<p>Aportaci\u00f3n de plantas para el centro. Cada alumno trae en un vaso de pl\u00e1stico (de yogur, por ejemplo) una planta de casa, con el fin de crear un peque\u00f1o jard\u00edn en el recreo. Los profesores de biolog\u00eda van explicando, en el Laboratorio, las caracter\u00edsticas de las distintas plantas. Muchas de ellas han sido colocadas en distintos espacios ajardinados del centro, sobre todo las m\u00e1s resistentes o que necesiten menos mantenimiento, pensando tambi\u00e9n en el verano.<\/p>\n<p><a href=\"http:\/\/lopezdearenas.org\/inicio\/blog\/wp-content\/uploads\/2017\/07\/foto-10.jpg\"><img loading=\"lazy\" decoding=\"async\" class=\"aligncenter size-large wp-image-5592\" src=\"http:\/\/lopezdearenas.org\/inicio\/blog\/wp-content\/uploads\/2017\/07\/foto-10-1024x576.jpg\" alt=\"\" width=\"584\" height=\"329\" srcset=\"https:\/\/lopezdearenas.org\/inicio\/blog\/wp-content\/uploads\/2017\/07\/foto-10-1024x576.jpg 1024w, https:\/\/lopezdearenas.org\/inicio\/blog\/wp-content\/uploads\/2017\/07\/foto-10-300x169.jpg 300w, https:\/\/lopezdearenas.org\/inicio\/blog\/wp-content\/uploads\/2017\/07\/foto-10-768x432.jpg 768w, https:\/\/lopezdearenas.org\/inicio\/blog\/wp-content\/uploads\/2017\/07\/foto-10-500x281.jpg 500w, https:\/\/lopezdearenas.org\/inicio\/blog\/wp-content\/uploads\/2017\/07\/foto-10.jpg 1600w\" sizes=\"auto, (max-width: 584px) 100vw, 584px\" \/><\/a><\/p>\n<p><a href=\"http:\/\/lopezdearenas.org\/inicio\/blog\/wp-content\/uploads\/2017\/07\/foto-11.jpg\"><img loading=\"lazy\" decoding=\"async\" class=\"aligncenter size-large wp-image-5593\" src=\"http:\/\/lopezdearenas.org\/inicio\/blog\/wp-content\/uploads\/2017\/07\/foto-11-576x1024.jpg\" alt=\"\" width=\"576\" height=\"1024\" srcset=\"https:\/\/lopezdearenas.org\/inicio\/blog\/wp-content\/uploads\/2017\/07\/foto-11-576x1024.jpg 576w, https:\/\/lopezdearenas.org\/inicio\/blog\/wp-content\/uploads\/2017\/07\/foto-11-169x300.jpg 169w, https:\/\/lopezdearenas.org\/inicio\/blog\/wp-content\/uploads\/2017\/07\/foto-11-768x1365.jpg 768w, https:\/\/lopezdearenas.org\/inicio\/blog\/wp-content\/uploads\/2017\/07\/foto-11.jpg 900w\" sizes=\"auto, (max-width: 576px) 100vw, 576px\" \/><\/a><\/p>\n<p><span style=\"color: #008000;\"><strong>7\u00aa Sesi\u00f3n<\/strong><\/span><\/p>\n<p>Plantaci\u00f3n de primavera. Tanto en el huerto tradicional como en los bancales plantamos productos de primavera y verano. Algunos pueden cultivarse casi todo el a\u00f1o, como las lechugas, pero ponemos adem\u00e1s tomates, berenjenas, pepinos y pimientos. Recogemos adem\u00e1s las cebollas de la plantaci\u00f3n de oto\u00f1o.<\/p>\n<p><a href=\"http:\/\/lopezdearenas.org\/inicio\/blog\/wp-content\/uploads\/2017\/07\/foto-12.jpg\"><img loading=\"lazy\" decoding=\"async\" class=\"aligncenter size-large wp-image-5594\" src=\"http:\/\/lopezdearenas.org\/inicio\/blog\/wp-content\/uploads\/2017\/07\/foto-12-1024x768.jpg\" alt=\"\" width=\"584\" height=\"438\" srcset=\"https:\/\/lopezdearenas.org\/inicio\/blog\/wp-content\/uploads\/2017\/07\/foto-12-1024x768.jpg 1024w, https:\/\/lopezdearenas.org\/inicio\/blog\/wp-content\/uploads\/2017\/07\/foto-12-300x225.jpg 300w, https:\/\/lopezdearenas.org\/inicio\/blog\/wp-content\/uploads\/2017\/07\/foto-12-768x576.jpg 768w, https:\/\/lopezdearenas.org\/inicio\/blog\/wp-content\/uploads\/2017\/07\/foto-12-400x300.jpg 400w, https:\/\/lopezdearenas.org\/inicio\/blog\/wp-content\/uploads\/2017\/07\/foto-12.jpg 1600w\" sizes=\"auto, (max-width: 584px) 100vw, 584px\" \/><\/a><\/p>\n<p><a href=\"http:\/\/lopezdearenas.org\/inicio\/blog\/wp-content\/uploads\/2017\/07\/foto-13.jpg\"><img loading=\"lazy\" decoding=\"async\" class=\"aligncenter size-large wp-image-5595\" src=\"http:\/\/lopezdearenas.org\/inicio\/blog\/wp-content\/uploads\/2017\/07\/foto-13-1024x768.jpg\" alt=\"\" width=\"584\" height=\"438\" srcset=\"https:\/\/lopezdearenas.org\/inicio\/blog\/wp-content\/uploads\/2017\/07\/foto-13-1024x768.jpg 1024w, https:\/\/lopezdearenas.org\/inicio\/blog\/wp-content\/uploads\/2017\/07\/foto-13-300x225.jpg 300w, https:\/\/lopezdearenas.org\/inicio\/blog\/wp-content\/uploads\/2017\/07\/foto-13-768x576.jpg 768w, https:\/\/lopezdearenas.org\/inicio\/blog\/wp-content\/uploads\/2017\/07\/foto-13-400x300.jpg 400w, https:\/\/lopezdearenas.org\/inicio\/blog\/wp-content\/uploads\/2017\/07\/foto-13.jpg 1600w\" sizes=\"auto, (max-width: 584px) 100vw, 584px\" \/><\/a><\/p>\n<p><span style=\"color: #008000;\"><strong>8\u00aa Sesi\u00f3n<\/strong><\/span><\/p>\n<p>Podemos incluir en esta \u00faltima sesi\u00f3n los trabajos realizados en los dos \u00faltimos meses. El riego ha tenido que ser mucho m\u00e1s frecuente, por la propia necesidad de los productos y por las altas temperaturas. El ciclo de estos productos es tambi\u00e9n m\u00e1s corto, as\u00ed que los alumnos han visto recompensado su trabajo en menos tiempo. Vemos en la foto algunas lechugas, tomates cherry, etc.<\/p>\n<p><a href=\"http:\/\/lopezdearenas.org\/inicio\/blog\/wp-content\/uploads\/2017\/07\/foto-14.jpg\"><img loading=\"lazy\" decoding=\"async\" class=\"aligncenter size-large wp-image-5596\" src=\"http:\/\/lopezdearenas.org\/inicio\/blog\/wp-content\/uploads\/2017\/07\/foto-14-614x1024.jpg\" alt=\"\" width=\"584\" height=\"974\" srcset=\"https:\/\/lopezdearenas.org\/inicio\/blog\/wp-content\/uploads\/2017\/07\/foto-14-614x1024.jpg 614w, https:\/\/lopezdearenas.org\/inicio\/blog\/wp-content\/uploads\/2017\/07\/foto-14-180x300.jpg 180w, https:\/\/lopezdearenas.org\/inicio\/blog\/wp-content\/uploads\/2017\/07\/foto-14-768x1280.jpg 768w, https:\/\/lopezdearenas.org\/inicio\/blog\/wp-content\/uploads\/2017\/07\/foto-14.jpg 900w\" sizes=\"auto, (max-width: 584px) 100vw, 584px\" \/><\/a><\/p>\n<p><a href=\"http:\/\/lopezdearenas.org\/inicio\/blog\/wp-content\/uploads\/2017\/07\/foto-15.jpg\"><img loading=\"lazy\" decoding=\"async\" class=\"aligncenter size-large wp-image-5597\" src=\"http:\/\/lopezdearenas.org\/inicio\/blog\/wp-content\/uploads\/2017\/07\/foto-15-614x1024.jpg\" alt=\"\" width=\"584\" height=\"974\" srcset=\"https:\/\/lopezdearenas.org\/inicio\/blog\/wp-content\/uploads\/2017\/07\/foto-15-614x1024.jpg 614w, https:\/\/lopezdearenas.org\/inicio\/blog\/wp-content\/uploads\/2017\/07\/foto-15-180x300.jpg 180w, https:\/\/lopezdearenas.org\/inicio\/blog\/wp-content\/uploads\/2017\/07\/foto-15-768x1280.jpg 768w, https:\/\/lopezdearenas.org\/inicio\/blog\/wp-content\/uploads\/2017\/07\/foto-15.jpg 900w\" sizes=\"auto, (max-width: 584px) 100vw, 584px\" \/><\/a><\/p>\n<p>Podemos concluir que se han cumplido los objetivos del proyecto presentado. Releyendo los mismos, no hemos nombrado en esta memoria las herramientas: se han utilizado sobre todo herramientas de mano, por seguridad y para que todos colaboren: peque\u00f1as azadas, rastrillos, regaderas, etc. Las cuestiones de conocimiento y concienciaci\u00f3n se han ido incluyendo en las explicaciones, ya que han sido muchos d\u00edas juntos. Sobre el aprendizaje aut\u00f3nomo, el trabajo colaborativo y la reflexi\u00f3n que cada uno haya podido hacer suponemos que despu\u00e9s de tantas horas de trabajo en equipo seguro que algo ha tenido que quedar.<\/p>\n<p>En cualquier caso el pr\u00f3ximo curso seguiremos trabajando en esta direcci\u00f3n, puesto que consideramos que el conocimiento y respeto del entorno m\u00e1s cercano es el primer paso hacia un sentimiento m\u00e1s amplio por la naturaleza y el medio ambiente.<\/p>\n","protected":false},"excerpt":{"rendered":"<p>Durante el curso escolar 2016-2017 hemos llevado a cabo la puesta en pr\u00e1ctica del Proyecto \u201cUn huerto escolar en nuestro instituto, mejoremos nuestro entorno\u201d, dentro del programa Andaluc\u00eda Profundiza. Este proyecto est\u00e1 enmarcado dentro de otro mayor, con objetivos m\u00e1s &hellip; <a href=\"https:\/\/lopezdearenas.org\/inicio\/blog\/huerto-escolar-iii-curso-20162017\/\">Sigue leyendo <span class=\"meta-nav\">&rarr;<\/span><\/a><\/p>\n","protected":false},"author":1,"featured_media":0,"parent":0,"menu_order":0,"comment_status":"closed","ping_status":"closed","template":"","meta":{"footnotes":""},"class_list":["post-5581","page","type-page","status-publish","hentry"],"jetpack_sharing_enabled":true,"_links":{"self":[{"href":"https:\/\/lopezdearenas.org\/inicio\/blog\/wp-json\/wp\/v2\/pages\/5581","targetHints":{"allow":["GET"]}}],"collection":[{"href":"https:\/\/lopezdearenas.org\/inicio\/blog\/wp-json\/wp\/v2\/pages"}],"about":[{"href":"https:\/\/lopezdearenas.org\/inicio\/blog\/wp-json\/wp\/v2\/types\/page"}],"author":[{"embeddable":true,"href":"https:\/\/lopezdearenas.org\/inicio\/blog\/wp-json\/wp\/v2\/users\/1"}],"replies":[{"embeddable":true,"href":"https:\/\/lopezdearenas.org\/inicio\/blog\/wp-json\/wp\/v2\/comments?post=5581"}],"version-history":[{"count":1,"href":"https:\/\/lopezdearenas.org\/inicio\/blog\/wp-json\/wp\/v2\/pages\/5581\/revisions"}],"predecessor-version":[{"id":5598,"href":"https:\/\/lopezdearenas.org\/inicio\/blog\/wp-json\/wp\/v2\/pages\/5581\/revisions\/5598"}],"wp:attachment":[{"href":"https:\/\/lopezdearenas.org\/inicio\/blog\/wp-json\/wp\/v2\/media?parent=5581"}],"curies":[{"name":"wp","href":"https:\/\/api.w.org\/{rel}","templated":true}]}}