{"id":5219,"date":"2017-03-08T09:23:40","date_gmt":"2017-03-08T08:23:40","guid":{"rendered":"http:\/\/lopezdearenas.org\/inicio\/blog\/?page_id=5219"},"modified":"2017-03-12T21:57:34","modified_gmt":"2017-03-12T20:57:34","slug":"plan-aldea","status":"publish","type":"page","link":"https:\/\/lopezdearenas.org\/inicio\/blog\/plan-aldea\/","title":{"rendered":"Plan ALDEA"},"content":{"rendered":"<p>El plan Aldea recoge el antiguo plan recapacicla y huertos escolares a continuaci\u00f3n enumeramos algunas actividades que hemos ido realizando a lo lardo del curso:<\/p>\n<p>Trabajos de clasificaci\u00f3n de los pl\u00e1sticos haciendo especial hincapi\u00e9 en <b>reciclables o no reciclables<\/b>:<\/p>\n<p><a href=\"http:\/\/lopezdearenas.org\/inicio\/blog\/wp-content\/uploads\/2017\/03\/IMG_20161129_112945.jpg\"><img loading=\"lazy\" decoding=\"async\" class=\"aligncenter size-large wp-image-5220\" src=\"http:\/\/lopezdearenas.org\/inicio\/blog\/wp-content\/uploads\/2017\/03\/IMG_20161129_112945-1024x576.jpg\" alt=\"\" width=\"584\" height=\"329\" srcset=\"https:\/\/lopezdearenas.org\/inicio\/blog\/wp-content\/uploads\/2017\/03\/IMG_20161129_112945-1024x576.jpg 1024w, https:\/\/lopezdearenas.org\/inicio\/blog\/wp-content\/uploads\/2017\/03\/IMG_20161129_112945-300x169.jpg 300w, https:\/\/lopezdearenas.org\/inicio\/blog\/wp-content\/uploads\/2017\/03\/IMG_20161129_112945-768x432.jpg 768w, https:\/\/lopezdearenas.org\/inicio\/blog\/wp-content\/uploads\/2017\/03\/IMG_20161129_112945-500x281.jpg 500w, https:\/\/lopezdearenas.org\/inicio\/blog\/wp-content\/uploads\/2017\/03\/IMG_20161129_112945.jpg 1200w\" sizes=\"auto, (max-width: 584px) 100vw, 584px\" \/><\/a> <a href=\"http:\/\/lopezdearenas.org\/inicio\/blog\/wp-content\/uploads\/2017\/03\/IMG_20161129_112953.jpg\"><img loading=\"lazy\" decoding=\"async\" class=\"aligncenter size-large wp-image-5221\" src=\"http:\/\/lopezdearenas.org\/inicio\/blog\/wp-content\/uploads\/2017\/03\/IMG_20161129_112953-1024x576.jpg\" alt=\"\" width=\"584\" height=\"329\" srcset=\"https:\/\/lopezdearenas.org\/inicio\/blog\/wp-content\/uploads\/2017\/03\/IMG_20161129_112953-1024x576.jpg 1024w, https:\/\/lopezdearenas.org\/inicio\/blog\/wp-content\/uploads\/2017\/03\/IMG_20161129_112953-300x169.jpg 300w, https:\/\/lopezdearenas.org\/inicio\/blog\/wp-content\/uploads\/2017\/03\/IMG_20161129_112953-768x432.jpg 768w, https:\/\/lopezdearenas.org\/inicio\/blog\/wp-content\/uploads\/2017\/03\/IMG_20161129_112953-500x281.jpg 500w, https:\/\/lopezdearenas.org\/inicio\/blog\/wp-content\/uploads\/2017\/03\/IMG_20161129_112953.jpg 1200w\" sizes=\"auto, (max-width: 584px) 100vw, 584px\" \/><\/a>A lo largo del primer trimestre hemos ido construyendo papeleras amarillas para los envases que se generan dentro del aula.<\/p>\n<p><a href=\"http:\/\/lopezdearenas.org\/inicio\/blog\/wp-content\/uploads\/2017\/03\/IMG_20170303_142041.jpg\"><img loading=\"lazy\" decoding=\"async\" class=\"aligncenter size-large wp-image-5222\" src=\"http:\/\/lopezdearenas.org\/inicio\/blog\/wp-content\/uploads\/2017\/03\/IMG_20170303_142041-576x1024.jpg\" alt=\"\" width=\"576\" height=\"1024\" srcset=\"https:\/\/lopezdearenas.org\/inicio\/blog\/wp-content\/uploads\/2017\/03\/IMG_20170303_142041-576x1024.jpg 576w, https:\/\/lopezdearenas.org\/inicio\/blog\/wp-content\/uploads\/2017\/03\/IMG_20170303_142041-169x300.jpg 169w, https:\/\/lopezdearenas.org\/inicio\/blog\/wp-content\/uploads\/2017\/03\/IMG_20170303_142041.jpg 675w\" sizes=\"auto, (max-width: 576px) 100vw, 576px\" \/><\/a> <a href=\"http:\/\/lopezdearenas.org\/inicio\/blog\/wp-content\/uploads\/2017\/03\/IMG_20170303_142144.jpg\"><img loading=\"lazy\" decoding=\"async\" class=\"aligncenter size-large wp-image-5223\" src=\"http:\/\/lopezdearenas.org\/inicio\/blog\/wp-content\/uploads\/2017\/03\/IMG_20170303_142144-576x1024.jpg\" alt=\"\" width=\"576\" height=\"1024\" srcset=\"https:\/\/lopezdearenas.org\/inicio\/blog\/wp-content\/uploads\/2017\/03\/IMG_20170303_142144-576x1024.jpg 576w, https:\/\/lopezdearenas.org\/inicio\/blog\/wp-content\/uploads\/2017\/03\/IMG_20170303_142144-169x300.jpg 169w, https:\/\/lopezdearenas.org\/inicio\/blog\/wp-content\/uploads\/2017\/03\/IMG_20170303_142144.jpg 675w\" sizes=\"auto, (max-width: 576px) 100vw, 576px\" \/><\/a> <a href=\"http:\/\/lopezdearenas.org\/inicio\/blog\/wp-content\/uploads\/2017\/03\/IMG_20170303_142149.jpg\"><img loading=\"lazy\" decoding=\"async\" class=\"aligncenter size-large wp-image-5224\" src=\"http:\/\/lopezdearenas.org\/inicio\/blog\/wp-content\/uploads\/2017\/03\/IMG_20170303_142149-576x1024.jpg\" alt=\"\" width=\"576\" height=\"1024\" srcset=\"https:\/\/lopezdearenas.org\/inicio\/blog\/wp-content\/uploads\/2017\/03\/IMG_20170303_142149-576x1024.jpg 576w, https:\/\/lopezdearenas.org\/inicio\/blog\/wp-content\/uploads\/2017\/03\/IMG_20170303_142149-169x300.jpg 169w, https:\/\/lopezdearenas.org\/inicio\/blog\/wp-content\/uploads\/2017\/03\/IMG_20170303_142149.jpg 675w\" sizes=\"auto, (max-width: 576px) 100vw, 576px\" \/><\/a>Con motivo del d\u00eda de Andaluc\u00eda fabricamos jab\u00f3n a partir de aceite usado<\/p>\n<p><a href=\"http:\/\/lopezdearenas.org\/inicio\/blog\/wp-content\/uploads\/2017\/03\/IMG-20170302-WA0012.jpg\"><img loading=\"lazy\" decoding=\"async\" class=\"aligncenter size-large wp-image-5225\" src=\"http:\/\/lopezdearenas.org\/inicio\/blog\/wp-content\/uploads\/2017\/03\/IMG-20170302-WA0012-576x1024.jpg\" alt=\"\" width=\"576\" height=\"1024\" srcset=\"https:\/\/lopezdearenas.org\/inicio\/blog\/wp-content\/uploads\/2017\/03\/IMG-20170302-WA0012-576x1024.jpg 576w, https:\/\/lopezdearenas.org\/inicio\/blog\/wp-content\/uploads\/2017\/03\/IMG-20170302-WA0012-169x300.jpg 169w, https:\/\/lopezdearenas.org\/inicio\/blog\/wp-content\/uploads\/2017\/03\/IMG-20170302-WA0012.jpg 675w\" sizes=\"auto, (max-width: 576px) 100vw, 576px\" \/><\/a> <a href=\"http:\/\/lopezdearenas.org\/inicio\/blog\/wp-content\/uploads\/2017\/03\/IMG-20170302-WA0014.jpg\"><img loading=\"lazy\" decoding=\"async\" class=\"aligncenter size-large wp-image-5226\" src=\"http:\/\/lopezdearenas.org\/inicio\/blog\/wp-content\/uploads\/2017\/03\/IMG-20170302-WA0014-1024x576.jpg\" alt=\"\" width=\"584\" height=\"329\" srcset=\"https:\/\/lopezdearenas.org\/inicio\/blog\/wp-content\/uploads\/2017\/03\/IMG-20170302-WA0014-1024x576.jpg 1024w, https:\/\/lopezdearenas.org\/inicio\/blog\/wp-content\/uploads\/2017\/03\/IMG-20170302-WA0014-300x169.jpg 300w, https:\/\/lopezdearenas.org\/inicio\/blog\/wp-content\/uploads\/2017\/03\/IMG-20170302-WA0014-768x432.jpg 768w, https:\/\/lopezdearenas.org\/inicio\/blog\/wp-content\/uploads\/2017\/03\/IMG-20170302-WA0014-500x281.jpg 500w, https:\/\/lopezdearenas.org\/inicio\/blog\/wp-content\/uploads\/2017\/03\/IMG-20170302-WA0014.jpg 1200w\" sizes=\"auto, (max-width: 584px) 100vw, 584px\" \/><\/a> <a href=\"http:\/\/lopezdearenas.org\/inicio\/blog\/wp-content\/uploads\/2017\/03\/IMG-20170302-WA0023.jpg\"><img loading=\"lazy\" decoding=\"async\" class=\"aligncenter size-large wp-image-5227\" src=\"http:\/\/lopezdearenas.org\/inicio\/blog\/wp-content\/uploads\/2017\/03\/IMG-20170302-WA0023-576x1024.jpg\" alt=\"\" width=\"576\" height=\"1024\" srcset=\"https:\/\/lopezdearenas.org\/inicio\/blog\/wp-content\/uploads\/2017\/03\/IMG-20170302-WA0023-576x1024.jpg 576w, https:\/\/lopezdearenas.org\/inicio\/blog\/wp-content\/uploads\/2017\/03\/IMG-20170302-WA0023-169x300.jpg 169w, https:\/\/lopezdearenas.org\/inicio\/blog\/wp-content\/uploads\/2017\/03\/IMG-20170302-WA0023.jpg 675w\" sizes=\"auto, (max-width: 576px) 100vw, 576px\" \/><\/a>El d\u00eda 3 de Marzo, d\u00eda del reciclaje organizamos diversos talleres que iban desde el visionado y debate de videos hasta la reutilizaci\u00f3n de objetos, aqu\u00ed tenemos algunos ejemplos de reutilizaci\u00f3n de embases:<\/p>\n<p><a href=\"http:\/\/lopezdearenas.org\/inicio\/blog\/wp-content\/uploads\/2017\/03\/IMG_20170303_133504.jpg\"><img loading=\"lazy\" decoding=\"async\" class=\"aligncenter size-large wp-image-5228\" src=\"http:\/\/lopezdearenas.org\/inicio\/blog\/wp-content\/uploads\/2017\/03\/IMG_20170303_133504-1024x576.jpg\" alt=\"\" width=\"584\" height=\"329\" srcset=\"https:\/\/lopezdearenas.org\/inicio\/blog\/wp-content\/uploads\/2017\/03\/IMG_20170303_133504-1024x576.jpg 1024w, https:\/\/lopezdearenas.org\/inicio\/blog\/wp-content\/uploads\/2017\/03\/IMG_20170303_133504-300x169.jpg 300w, https:\/\/lopezdearenas.org\/inicio\/blog\/wp-content\/uploads\/2017\/03\/IMG_20170303_133504-768x432.jpg 768w, https:\/\/lopezdearenas.org\/inicio\/blog\/wp-content\/uploads\/2017\/03\/IMG_20170303_133504-500x281.jpg 500w, https:\/\/lopezdearenas.org\/inicio\/blog\/wp-content\/uploads\/2017\/03\/IMG_20170303_133504.jpg 1200w\" sizes=\"auto, (max-width: 584px) 100vw, 584px\" \/><\/a> <a href=\"http:\/\/lopezdearenas.org\/inicio\/blog\/wp-content\/uploads\/2017\/03\/IMG_20170303_133522.jpg\"><img loading=\"lazy\" decoding=\"async\" class=\"aligncenter size-large wp-image-5229\" src=\"http:\/\/lopezdearenas.org\/inicio\/blog\/wp-content\/uploads\/2017\/03\/IMG_20170303_133522-1024x576.jpg\" alt=\"\" width=\"584\" height=\"329\" srcset=\"https:\/\/lopezdearenas.org\/inicio\/blog\/wp-content\/uploads\/2017\/03\/IMG_20170303_133522-1024x576.jpg 1024w, https:\/\/lopezdearenas.org\/inicio\/blog\/wp-content\/uploads\/2017\/03\/IMG_20170303_133522-300x169.jpg 300w, https:\/\/lopezdearenas.org\/inicio\/blog\/wp-content\/uploads\/2017\/03\/IMG_20170303_133522-768x432.jpg 768w, https:\/\/lopezdearenas.org\/inicio\/blog\/wp-content\/uploads\/2017\/03\/IMG_20170303_133522-500x281.jpg 500w, https:\/\/lopezdearenas.org\/inicio\/blog\/wp-content\/uploads\/2017\/03\/IMG_20170303_133522.jpg 1200w\" sizes=\"auto, (max-width: 584px) 100vw, 584px\" \/><\/a>Tambi\u00e9n constru\u00edmos altavoces para smartphones y hornos solares:<\/p>\n<p>Altavoz para smartphone:<\/p>\n<p><a href=\"http:\/\/lopezdearenas.org\/inicio\/blog\/wp-content\/uploads\/2017\/03\/IMG_20170303_133518.jpg\"><img loading=\"lazy\" decoding=\"async\" class=\"aligncenter size-large wp-image-5230\" src=\"http:\/\/lopezdearenas.org\/inicio\/blog\/wp-content\/uploads\/2017\/03\/IMG_20170303_133518-1024x576.jpg\" alt=\"\" width=\"584\" height=\"329\" srcset=\"https:\/\/lopezdearenas.org\/inicio\/blog\/wp-content\/uploads\/2017\/03\/IMG_20170303_133518-1024x576.jpg 1024w, https:\/\/lopezdearenas.org\/inicio\/blog\/wp-content\/uploads\/2017\/03\/IMG_20170303_133518-300x169.jpg 300w, https:\/\/lopezdearenas.org\/inicio\/blog\/wp-content\/uploads\/2017\/03\/IMG_20170303_133518-768x432.jpg 768w, https:\/\/lopezdearenas.org\/inicio\/blog\/wp-content\/uploads\/2017\/03\/IMG_20170303_133518-500x281.jpg 500w, https:\/\/lopezdearenas.org\/inicio\/blog\/wp-content\/uploads\/2017\/03\/IMG_20170303_133518.jpg 1200w\" sizes=\"auto, (max-width: 584px) 100vw, 584px\" \/><\/a>Horno solar:<\/p>\n<p><a href=\"http:\/\/lopezdearenas.org\/inicio\/blog\/wp-content\/uploads\/2017\/03\/IMG_20170303_133511.jpg\"><img loading=\"lazy\" decoding=\"async\" class=\"aligncenter size-large wp-image-5231\" src=\"http:\/\/lopezdearenas.org\/inicio\/blog\/wp-content\/uploads\/2017\/03\/IMG_20170303_133511-1024x576.jpg\" alt=\"\" width=\"584\" height=\"329\" srcset=\"https:\/\/lopezdearenas.org\/inicio\/blog\/wp-content\/uploads\/2017\/03\/IMG_20170303_133511-1024x576.jpg 1024w, https:\/\/lopezdearenas.org\/inicio\/blog\/wp-content\/uploads\/2017\/03\/IMG_20170303_133511-300x169.jpg 300w, https:\/\/lopezdearenas.org\/inicio\/blog\/wp-content\/uploads\/2017\/03\/IMG_20170303_133511-768x432.jpg 768w, https:\/\/lopezdearenas.org\/inicio\/blog\/wp-content\/uploads\/2017\/03\/IMG_20170303_133511-500x281.jpg 500w, https:\/\/lopezdearenas.org\/inicio\/blog\/wp-content\/uploads\/2017\/03\/IMG_20170303_133511.jpg 1200w\" sizes=\"auto, (max-width: 584px) 100vw, 584px\" \/><\/a>Tambi\u00e9n tuvimos charlas explicativas sobre la importancia de la reutilizaci\u00f3n y el reciclaje:<\/p>\n<p><a href=\"http:\/\/lopezdearenas.org\/inicio\/blog\/wp-content\/uploads\/2017\/03\/IMG_20170303_133733.jpg\"><img loading=\"lazy\" decoding=\"async\" class=\"aligncenter size-large wp-image-5232\" src=\"http:\/\/lopezdearenas.org\/inicio\/blog\/wp-content\/uploads\/2017\/03\/IMG_20170303_133733-1024x576.jpg\" alt=\"\" width=\"584\" height=\"329\" srcset=\"https:\/\/lopezdearenas.org\/inicio\/blog\/wp-content\/uploads\/2017\/03\/IMG_20170303_133733-1024x576.jpg 1024w, https:\/\/lopezdearenas.org\/inicio\/blog\/wp-content\/uploads\/2017\/03\/IMG_20170303_133733-300x169.jpg 300w, https:\/\/lopezdearenas.org\/inicio\/blog\/wp-content\/uploads\/2017\/03\/IMG_20170303_133733-768x432.jpg 768w, https:\/\/lopezdearenas.org\/inicio\/blog\/wp-content\/uploads\/2017\/03\/IMG_20170303_133733-500x281.jpg 500w, https:\/\/lopezdearenas.org\/inicio\/blog\/wp-content\/uploads\/2017\/03\/IMG_20170303_133733.jpg 1200w\" sizes=\"auto, (max-width: 584px) 100vw, 584px\" \/><\/a> <a href=\"http:\/\/lopezdearenas.org\/inicio\/blog\/wp-content\/uploads\/2017\/03\/IMG_20170303_133751.jpg\"><img loading=\"lazy\" decoding=\"async\" class=\"aligncenter size-large wp-image-5233\" src=\"http:\/\/lopezdearenas.org\/inicio\/blog\/wp-content\/uploads\/2017\/03\/IMG_20170303_133751-1024x576.jpg\" alt=\"\" width=\"584\" height=\"329\" srcset=\"https:\/\/lopezdearenas.org\/inicio\/blog\/wp-content\/uploads\/2017\/03\/IMG_20170303_133751-1024x576.jpg 1024w, https:\/\/lopezdearenas.org\/inicio\/blog\/wp-content\/uploads\/2017\/03\/IMG_20170303_133751-300x169.jpg 300w, https:\/\/lopezdearenas.org\/inicio\/blog\/wp-content\/uploads\/2017\/03\/IMG_20170303_133751-768x432.jpg 768w, https:\/\/lopezdearenas.org\/inicio\/blog\/wp-content\/uploads\/2017\/03\/IMG_20170303_133751-500x281.jpg 500w, https:\/\/lopezdearenas.org\/inicio\/blog\/wp-content\/uploads\/2017\/03\/IMG_20170303_133751.jpg 1200w\" sizes=\"auto, (max-width: 584px) 100vw, 584px\" \/><\/a>Durante estos dos trimestres hemos puesto en funcionamiento nuestro huerto escolar:<\/p>\n<p><a href=\"http:\/\/lopezdearenas.org\/inicio\/blog\/wp-content\/uploads\/2017\/03\/foto1web.jpg\"><img loading=\"lazy\" decoding=\"async\" class=\"aligncenter size-full wp-image-5251\" src=\"http:\/\/lopezdearenas.org\/inicio\/blog\/wp-content\/uploads\/2017\/03\/foto1web.jpg\" alt=\"\" width=\"600\" height=\"360\" srcset=\"https:\/\/lopezdearenas.org\/inicio\/blog\/wp-content\/uploads\/2017\/03\/foto1web.jpg 600w, https:\/\/lopezdearenas.org\/inicio\/blog\/wp-content\/uploads\/2017\/03\/foto1web-300x180.jpg 300w, https:\/\/lopezdearenas.org\/inicio\/blog\/wp-content\/uploads\/2017\/03\/foto1web-500x300.jpg 500w\" sizes=\"auto, (max-width: 600px) 100vw, 600px\" \/><\/a> <a href=\"http:\/\/lopezdearenas.org\/inicio\/blog\/wp-content\/uploads\/2017\/03\/foto2web.jpg\"><img loading=\"lazy\" decoding=\"async\" class=\"aligncenter size-large wp-image-5252\" src=\"http:\/\/lopezdearenas.org\/inicio\/blog\/wp-content\/uploads\/2017\/03\/foto2web.jpg\" alt=\"\" width=\"584\" height=\"328\" srcset=\"https:\/\/lopezdearenas.org\/inicio\/blog\/wp-content\/uploads\/2017\/03\/foto2web.jpg 600w, https:\/\/lopezdearenas.org\/inicio\/blog\/wp-content\/uploads\/2017\/03\/foto2web-300x169.jpg 300w, https:\/\/lopezdearenas.org\/inicio\/blog\/wp-content\/uploads\/2017\/03\/foto2web-500x281.jpg 500w\" sizes=\"auto, (max-width: 584px) 100vw, 584px\" \/><\/a> <a href=\"http:\/\/lopezdearenas.org\/inicio\/blog\/wp-content\/uploads\/2017\/03\/foto3web.jpg\"><img loading=\"lazy\" decoding=\"async\" class=\"aligncenter size-large wp-image-5253\" src=\"http:\/\/lopezdearenas.org\/inicio\/blog\/wp-content\/uploads\/2017\/03\/foto3web.jpg\" alt=\"\" width=\"584\" height=\"328\" srcset=\"https:\/\/lopezdearenas.org\/inicio\/blog\/wp-content\/uploads\/2017\/03\/foto3web.jpg 600w, https:\/\/lopezdearenas.org\/inicio\/blog\/wp-content\/uploads\/2017\/03\/foto3web-300x169.jpg 300w, https:\/\/lopezdearenas.org\/inicio\/blog\/wp-content\/uploads\/2017\/03\/foto3web-500x281.jpg 500w\" sizes=\"auto, (max-width: 584px) 100vw, 584px\" \/><\/a><\/p>\n<p>El pasado 23 de febrero se llev\u00f3 a cabo la conferencia impartida por<strong> D. Antonio M\u00e9rida, Presidente del Taller Verde de Marchena<\/strong>, asociaci\u00f3n que lleva 25 a\u00f1os en nuestro municipio trabajando por la concienciaci\u00f3n medioambiental, reforestaci\u00f3n, reciclaje, etc.<\/p>\n<p><a href=\"http:\/\/lopezdearenas.org\/inicio\/blog\/wp-content\/uploads\/2017\/02\/foto4-3.jpg\"><img loading=\"lazy\" decoding=\"async\" class=\"aligncenter size-large wp-image-5136\" src=\"http:\/\/lopezdearenas.org\/inicio\/blog\/wp-content\/uploads\/2017\/02\/foto4-3-1024x768.jpg\" alt=\"\" width=\"584\" height=\"438\" srcset=\"https:\/\/lopezdearenas.org\/inicio\/blog\/wp-content\/uploads\/2017\/02\/foto4-3-1024x768.jpg 1024w, https:\/\/lopezdearenas.org\/inicio\/blog\/wp-content\/uploads\/2017\/02\/foto4-3-300x225.jpg 300w, https:\/\/lopezdearenas.org\/inicio\/blog\/wp-content\/uploads\/2017\/02\/foto4-3-768x576.jpg 768w, https:\/\/lopezdearenas.org\/inicio\/blog\/wp-content\/uploads\/2017\/02\/foto4-3-400x300.jpg 400w, https:\/\/lopezdearenas.org\/inicio\/blog\/wp-content\/uploads\/2017\/02\/foto4-3.jpg 1200w\" sizes=\"auto, (max-width: 584px) 100vw, 584px\" \/><\/a> <a href=\"http:\/\/lopezdearenas.org\/inicio\/blog\/wp-content\/uploads\/2017\/02\/foto2-4.jpg\"><img loading=\"lazy\" decoding=\"async\" class=\"aligncenter size-large wp-image-5134\" src=\"http:\/\/lopezdearenas.org\/inicio\/blog\/wp-content\/uploads\/2017\/02\/foto2-4-1024x768.jpg\" alt=\"\" width=\"584\" height=\"438\" srcset=\"https:\/\/lopezdearenas.org\/inicio\/blog\/wp-content\/uploads\/2017\/02\/foto2-4-1024x768.jpg 1024w, https:\/\/lopezdearenas.org\/inicio\/blog\/wp-content\/uploads\/2017\/02\/foto2-4-300x225.jpg 300w, https:\/\/lopezdearenas.org\/inicio\/blog\/wp-content\/uploads\/2017\/02\/foto2-4-768x576.jpg 768w, https:\/\/lopezdearenas.org\/inicio\/blog\/wp-content\/uploads\/2017\/02\/foto2-4-400x300.jpg 400w, https:\/\/lopezdearenas.org\/inicio\/blog\/wp-content\/uploads\/2017\/02\/foto2-4.jpg 1200w\" sizes=\"auto, (max-width: 584px) 100vw, 584px\" \/><\/a><\/p>\n<p>&nbsp;<\/p>\n","protected":false},"excerpt":{"rendered":"<p>El plan Aldea recoge el antiguo plan recapacicla y huertos escolares a continuaci\u00f3n enumeramos algunas actividades que hemos ido realizando a lo lardo del curso: Trabajos de clasificaci\u00f3n de los pl\u00e1sticos haciendo especial hincapi\u00e9 en reciclables o no reciclables: A &hellip; <a href=\"https:\/\/lopezdearenas.org\/inicio\/blog\/plan-aldea\/\">Sigue leyendo <span class=\"meta-nav\">&rarr;<\/span><\/a><\/p>\n","protected":false},"author":1,"featured_media":0,"parent":0,"menu_order":0,"comment_status":"closed","ping_status":"closed","template":"","meta":{"footnotes":""},"class_list":["post-5219","page","type-page","status-publish","hentry"],"jetpack_sharing_enabled":true,"_links":{"self":[{"href":"https:\/\/lopezdearenas.org\/inicio\/blog\/wp-json\/wp\/v2\/pages\/5219","targetHints":{"allow":["GET"]}}],"collection":[{"href":"https:\/\/lopezdearenas.org\/inicio\/blog\/wp-json\/wp\/v2\/pages"}],"about":[{"href":"https:\/\/lopezdearenas.org\/inicio\/blog\/wp-json\/wp\/v2\/types\/page"}],"author":[{"embeddable":true,"href":"https:\/\/lopezdearenas.org\/inicio\/blog\/wp-json\/wp\/v2\/users\/1"}],"replies":[{"embeddable":true,"href":"https:\/\/lopezdearenas.org\/inicio\/blog\/wp-json\/wp\/v2\/comments?post=5219"}],"version-history":[{"count":5,"href":"https:\/\/lopezdearenas.org\/inicio\/blog\/wp-json\/wp\/v2\/pages\/5219\/revisions"}],"predecessor-version":[{"id":5255,"href":"https:\/\/lopezdearenas.org\/inicio\/blog\/wp-json\/wp\/v2\/pages\/5219\/revisions\/5255"}],"wp:attachment":[{"href":"https:\/\/lopezdearenas.org\/inicio\/blog\/wp-json\/wp\/v2\/media?parent=5219"}],"curies":[{"name":"wp","href":"https:\/\/api.w.org\/{rel}","templated":true}]}}