{"id":4893,"date":"2016-11-30T17:52:48","date_gmt":"2016-11-30T16:52:48","guid":{"rendered":"http:\/\/lopezdearenas.org\/inicio\/blog\/?page_id=4893"},"modified":"2019-06-06T08:12:46","modified_gmt":"2019-06-06T07:12:46","slug":"criterios-de-evaluacion-20172018","status":"publish","type":"page","link":"https:\/\/lopezdearenas.org\/inicio\/blog\/criterios-de-evaluacion-20172018\/","title":{"rendered":"Criterios de Evaluaci\u00f3n &#8211; 2018\/2019"},"content":{"rendered":"<div class=\"su-accordion su-u-trim\"><div class=\"su-spoiler su-spoiler-style-default su-spoiler-icon-plus su-spoiler-closed\" data-scroll-offset=\"0\" data-anchor-in-url=\"no\"><div class=\"su-spoiler-title\" tabindex=\"0\" role=\"button\"><span class=\"su-spoiler-icon\"><\/span>Biolog\u00eda y Geolog\u00eda<\/div><div class=\"su-spoiler-content su-u-clearfix su-u-trim\">\n<ul>\n<li><a href=\"http:\/\/lopezdearenas.org\/inicio\/blog\/wp-content\/uploads\/2018\/04\/Criterios-evaluacio\u0301n_1ESO_BYG_2017_2018.pdf\">1\u00ba ESO Biolog\u00eda<\/a><\/li>\n<li><a href=\"http:\/\/lopezdearenas.org\/inicio\/blog\/wp-content\/uploads\/2018\/04\/Criterios-evaluacio\u0301n_3ESO_ByG_2017_2018.pdf\">3\u00ba ESO Biolog\u00eda<\/a><\/li>\n<li><a href=\"http:\/\/lopezdearenas.org\/inicio\/blog\/wp-content\/uploads\/2018\/04\/Criterios-ByG-4\u00ba-ESO_2017-18.pdf\">4\u00ba ESO Biolog\u00eda y Geolog\u00eda<\/a><\/li>\n<li><a href=\"http:\/\/lopezdearenas.org\/inicio\/blog\/wp-content\/uploads\/2018\/04\/Criterios-ByG-1\u00ba-Bch_2017-18.pdf\">1\u00ba Bach. Biolog\u00eda y Geolog\u00eda<\/a><\/li>\n<li><a href=\"http:\/\/lopezdearenas.org\/inicio\/blog\/wp-content\/uploads\/2018\/04\/Criterios-AnatomiaAplicada-1\u00ba-Bch_2017-18.pdf\">1\u00ba Bach. Anatom\u00eda Aplicada<\/a><\/li>\n<li><a href=\"http:\/\/lopezdearenas.org\/inicio\/blog\/wp-content\/uploads\/2018\/04\/Criterios-evaluacio\u0301n_2BACH_BYG_2017_2018.pdf\">2\u00ba Bach. Biolog\u00eda<\/a><\/li>\n<li><a href=\"http:\/\/lopezdearenas.org\/inicio\/blog\/wp-content\/uploads\/2018\/04\/Criterios-CTMA-2\u00ba-Bch_2017-18.pdf\">2\u00ba Bach. CTMA<\/a><\/li>\n<\/ul>\n<\/div><\/div> <div class=\"su-spoiler su-spoiler-style-default su-spoiler-icon-plus su-spoiler-closed\" data-scroll-offset=\"0\" data-anchor-in-url=\"no\"><div class=\"su-spoiler-title\" tabindex=\"0\" role=\"button\"><span class=\"su-spoiler-icon\"><\/span>Geograf\u00eda e Historia<\/div><div class=\"su-spoiler-content su-u-clearfix su-u-trim\">\n<ul>\n<li><a href=\"https:\/\/lopezdearenas.org\/inicio\/blog\/wp-content\/uploads\/2019\/06\/Criterios-Geo-Hist-ESO-2018-2019.pdf\">Criterios de Evaluaci\u00f3n &#8211; ESO<\/a><\/li>\n<li><a href=\"https:\/\/lopezdearenas.org\/inicio\/blog\/wp-content\/uploads\/2019\/05\/CRITERIOS-Geo-Hist-Bach.-2018-2019.pdf\">Criterios de Evaluaci\u00f3n &#8211; Bachilleratos<\/a><\/li>\n<\/ul>\n<\/div><\/div> <div class=\"su-spoiler su-spoiler-style-default su-spoiler-icon-plus su-spoiler-closed\" data-scroll-offset=\"0\" data-anchor-in-url=\"no\"><div class=\"su-spoiler-title\" tabindex=\"0\" role=\"button\"><span class=\"su-spoiler-icon\"><\/span>Cultura Cl\u00e1sica<\/div><div class=\"su-spoiler-content su-u-clearfix su-u-trim\">\n<ul>\n<li><a href=\"http:\/\/lopezdearenas.org\/inicio\/blog\/wp-content\/uploads\/2016\/11\/CONTENIDOS-Y-CRITERIOS-RD1105-CULTURA-CLASICA-1718.pdf\">Criterios de Evaluaci\u00f3n<\/a><\/li>\n<\/ul>\n<\/div><\/div> <div class=\"su-spoiler su-spoiler-style-default su-spoiler-icon-plus su-spoiler-closed\" data-scroll-offset=\"0\" data-anchor-in-url=\"no\"><div class=\"su-spoiler-title\" tabindex=\"0\" role=\"button\"><span class=\"su-spoiler-icon\"><\/span>Educaci\u00f3n Pl\u00e1stica y Visual<\/div><div class=\"su-spoiler-content su-u-clearfix su-u-trim\">\n<ul>\n<li><a href=\"http:\/\/lopezdearenas.org\/inicio\/blog\/wp-content\/uploads\/2016\/11\/CRITERIOS-EVALUACIO\u0301N.-ESTA\u0301NDARES-EPV-17_18.pdf\">Criterios de Evaluaci\u00f3n<\/a><\/li>\n<\/ul>\n<\/div><\/div>\n<div class=\"su-spoiler su-spoiler-style-default su-spoiler-icon-plus su-spoiler-closed\" data-scroll-offset=\"0\" data-anchor-in-url=\"no\"><div class=\"su-spoiler-title\" tabindex=\"0\" role=\"button\"><span class=\"su-spoiler-icon\"><\/span>Educaci\u00f3n F\u00edsica<\/div><div class=\"su-spoiler-content su-u-clearfix su-u-trim\">\n<ul>\n<li><a href=\"http:\/\/lopezdearenas.org\/inicio\/blog\/wp-content\/uploads\/2016\/11\/CRITERIOS-DE-EVALUACIO\u0301N-DE-EDUCACIO\u0301N-FI\u0301SICA-17-18.pdf\">Criterios de Evaluaci\u00f3n<\/a><\/li>\n<\/ul>\n<\/div><\/div>\n<div class=\"su-spoiler su-spoiler-style-default su-spoiler-icon-plus su-spoiler-closed\" data-scroll-offset=\"0\" data-anchor-in-url=\"no\"><div class=\"su-spoiler-title\" tabindex=\"0\" role=\"button\"><span class=\"su-spoiler-icon\"><\/span>Filosof\u00eda<\/div><div class=\"su-spoiler-content su-u-clearfix su-u-trim\">\n<ul>\n<li><a href=\"http:\/\/lopezdearenas.org\/inicio\/blog\/wp-content\/uploads\/2016\/11\/Filosofia1-Criterios-de-evaluacion-17-18.pdf\">Criterios de Evaluaci\u00f3n &#8211; Filosof\u00eda I<\/a><\/li>\n<li><a href=\"http:\/\/lopezdearenas.org\/inicio\/blog\/wp-content\/uploads\/2016\/11\/Hist-dela-filosofia-criterios-17-18.pdf\">Criterios de Evaluaci\u00f3n &#8211; Historia de la Filosof\u00eda<\/a><\/li>\n<\/ul>\n<\/div><\/div>\n<div class=\"su-spoiler su-spoiler-style-default su-spoiler-icon-plus su-spoiler-closed\" data-scroll-offset=\"0\" data-anchor-in-url=\"no\"><div class=\"su-spoiler-title\" tabindex=\"0\" role=\"button\"><span class=\"su-spoiler-icon\"><\/span>F\u00edsica y Qu\u00edmica<\/div><div class=\"su-spoiler-content su-u-clearfix su-u-trim\">\n<ul>\n<li><a href=\"http:\/\/lopezdearenas.org\/inicio\/blog\/wp-content\/uploads\/2016\/11\/contenidos-y-criterios-de-evaluacio\u0301n-FyQ.pdf\">Criterios de Evaluaci\u00f3n<\/a><\/li>\n<\/ul>\n<\/div><\/div>\n<div class=\"su-spoiler su-spoiler-style-default su-spoiler-icon-plus su-spoiler-closed\" data-scroll-offset=\"0\" data-anchor-in-url=\"no\"><div class=\"su-spoiler-title\" tabindex=\"0\" role=\"button\"><span class=\"su-spoiler-icon\"><\/span>Franc\u00e9s<\/div><div class=\"su-spoiler-content su-u-clearfix su-u-trim\">\n<ul>\n<li><a href=\"http:\/\/lopezdearenas.org\/inicio\/blog\/wp-content\/uploads\/2016\/11\/FRANCE\u0301S-2017-2018-CRITERIOS-DE-EVALUACIO\u0301N.pdf\">Criterios de Evaluaci\u00f3n<\/a><\/li>\n<\/ul>\n<\/div><\/div>\n<div class=\"su-spoiler su-spoiler-style-default su-spoiler-icon-plus su-spoiler-closed\" data-scroll-offset=\"0\" data-anchor-in-url=\"no\"><div class=\"su-spoiler-title\" tabindex=\"0\" role=\"button\"><span class=\"su-spoiler-icon\"><\/span>Inform\u00e1tica<\/div><div class=\"su-spoiler-content su-u-clearfix su-u-trim\">\n<ul>\n<li><a href=\"http:\/\/lopezdearenas.org\/inicio\/blog\/wp-content\/uploads\/2016\/11\/criterios-evaluacion-INFORM-2017-2018.pdf\">Criterios de Evaluaci\u00f3n<\/a><\/li>\n<\/ul>\n<\/div><\/div>\n<div class=\"su-spoiler su-spoiler-style-default su-spoiler-icon-plus su-spoiler-closed\" data-scroll-offset=\"0\" data-anchor-in-url=\"no\"><div class=\"su-spoiler-title\" tabindex=\"0\" role=\"button\"><span class=\"su-spoiler-icon\"><\/span>Ingl\u00e9s<\/div><div class=\"su-spoiler-content su-u-clearfix su-u-trim\">\n<ul>\n<li><a href=\"http:\/\/lopezdearenas.org\/inicio\/blog\/wp-content\/uploads\/2016\/11\/Criterios-de-evaluacio\u0301n-y-calificacio\u0301n.-Esta\u0301ndares-de-aprendizaje-ESO-y-BACHILLERATO-INGLES-17-18.pdf\">Criterios de Evaluaci\u00f3n<\/a><\/li>\n<\/ul>\n<\/div><\/div>\n<div class=\"su-spoiler su-spoiler-style-default su-spoiler-icon-plus su-spoiler-closed\" data-scroll-offset=\"0\" data-anchor-in-url=\"no\"><div class=\"su-spoiler-title\" tabindex=\"0\" role=\"button\"><span class=\"su-spoiler-icon\"><\/span>Lengua Castellana<\/div><div class=\"su-spoiler-content su-u-clearfix su-u-trim\">\n<ul>\n<li><a href=\"http:\/\/lopezdearenas.org\/inicio\/blog\/wp-content\/uploads\/2016\/11\/CRITERIOS-DE-EVALUACION-LCL-1CICLO.pdf\">Criterios de Evaluaci\u00f3n &#8211; ESO (Primer Ciclo)<\/a><\/li>\n<li><a href=\"http:\/\/lopezdearenas.org\/inicio\/blog\/wp-content\/uploads\/2016\/11\/CRITERIOS-DE-EVALUACION-4-ESO-LCL-17-18.pdf\">Criterios de Evaluaci\u00f3n &#8211; 4\u00ba ESO<\/a><\/li>\n<li><a href=\"http:\/\/lopezdearenas.org\/inicio\/blog\/wp-content\/uploads\/2016\/11\/CRITERIOS-DE-EVALUACION-LCL-1BTO.pdf\">Criterios de Evaluaci\u00f3n &#8211; 1\u00ba Bachillerato<\/a><\/li>\n<li><a href=\"http:\/\/lopezdearenas.org\/inicio\/blog\/wp-content\/uploads\/2016\/11\/CRITERIOS-DE-EVALUACION-LCL-2BTO.pdf\">Criterios de Evaluaci\u00f3n &#8211; 2\u00ba Bachillerato<\/a><\/li>\n<\/ul>\n<hr \/>\n<ul>\n<li><a href=\"http:\/\/lopezdearenas.org\/inicio\/blog\/wp-content\/uploads\/2016\/11\/CRITERIOS-DE-CALIFICACION-LCL-17-18.pdf\">Criterios de Calificaci\u00f3n<\/a><\/li>\n<\/ul>\n<\/div><\/div>\n<div class=\"su-spoiler su-spoiler-style-default su-spoiler-icon-plus su-spoiler-closed\" data-scroll-offset=\"0\" data-anchor-in-url=\"no\"><div class=\"su-spoiler-title\" tabindex=\"0\" role=\"button\"><span class=\"su-spoiler-icon\"><\/span>Matem\u00e1ticas<\/div><div class=\"su-spoiler-content su-u-clearfix su-u-trim\">\n<ul>\n<li><a href=\"http:\/\/lopezdearenas.org\/inicio\/blog\/wp-content\/uploads\/2016\/11\/1ESO-MAT-17-18.pdf\">Criterios de Evaluaci\u00f3n &#8211; 1\u00ba ESO<\/a><\/li>\n<li><a href=\"http:\/\/lopezdearenas.org\/inicio\/blog\/wp-content\/uploads\/2016\/11\/2ESO-MAT-17-18.pdf\">Criterios de Evaluaci\u00f3n &#8211; 2\u00ba ESO<\/a><\/li>\n<li><a href=\"http:\/\/lopezdearenas.org\/inicio\/blog\/wp-content\/uploads\/2016\/11\/2ESO-PMAR-17-18.pdf\">Criterios de Evaluaci\u00f3n &#8211; 2\u00ba ESO (PMAR)<\/a><\/li>\n<li><a href=\"http:\/\/lopezdearenas.org\/inicio\/blog\/wp-content\/uploads\/2016\/11\/3ESOACADM-MAT-17-18.pdf\">Criterios de Evaluaci\u00f3n &#8211; 3\u00ba ESO (Mat. Acad\u00e9micas)<\/a><\/li>\n<li><a href=\"http:\/\/lopezdearenas.org\/inicio\/blog\/wp-content\/uploads\/2016\/11\/3ESOAPLIC-MAT-17-18.pdf\">Criterios de Evaluaci\u00f3n &#8211; 3\u00ba ESO (Mat. Aplicadas)<\/a><\/li>\n<li><a href=\"http:\/\/lopezdearenas.org\/inicio\/blog\/wp-content\/uploads\/2016\/11\/4ESOACADM-MAT-17-18.pdf\">Criterios de Evaluaci\u00f3n &#8211; 4\u00ba ESO (Mat. Acad\u00e9micas)<\/a><\/li>\n<li><a href=\"http:\/\/lopezdearenas.org\/inicio\/blog\/wp-content\/uploads\/2016\/11\/4ESOAPLIC-MAT-17-18-b.pdf\">Criterios de Evaluaci\u00f3n &#8211; 4\u00ba ESO (Mat. Aplicadas)<\/a><\/li>\n<li><a href=\"http:\/\/lopezdearenas.org\/inicio\/blog\/wp-content\/uploads\/2016\/11\/BACH-CIENCIAS-MAT-17-18.pdf\">Criterios de Evaluaci\u00f3n &#8211; Bach. Cient\u00edfico-Tecnol\u00f3gico<\/a><\/li>\n<li><a href=\"http:\/\/lopezdearenas.org\/inicio\/blog\/wp-content\/uploads\/2016\/11\/BCCSS-MAT-17-18.pdf\">Criterios de Evaluaci\u00f3n &#8211; Bach. Ciencias Sociales<\/a><\/li>\n<li><\/li>\n<\/ul>\n<hr \/>\n<ul>\n<li><a href=\"http:\/\/lopezdearenas.org\/inicio\/blog\/wp-content\/uploads\/2016\/11\/Criterios-de-calificacion-17-18.pdf\">Criterios de Calificaci\u00f3n (* ver diligencia)<\/a><\/li>\n<li><a href=\"http:\/\/lopezdearenas.org\/inicio\/blog\/wp-content\/uploads\/2018\/04\/Diligencia_rectificacion_Matematicas.pdf\">* Diligencia que rectifica los Criterios de Calificaci\u00f3n de Bachilleratos<\/a><\/li>\n<\/ul>\n<\/div><\/div>\n<div class=\"su-spoiler su-spoiler-style-default su-spoiler-icon-plus su-spoiler-closed\" data-scroll-offset=\"0\" data-anchor-in-url=\"no\"><div class=\"su-spoiler-title\" tabindex=\"0\" role=\"button\"><span class=\"su-spoiler-icon\"><\/span>M\u00fasica<\/div><div class=\"su-spoiler-content su-u-clearfix su-u-trim\">\n<ul>\n<li><a href=\"http:\/\/lopezdearenas.org\/inicio\/blog\/wp-content\/uploads\/2016\/11\/Criterios-de-evaluacio\u0301n-y-esta\u0301ndares-de-aprendizaje-MUSICA-2017-18.pdf\">Criterios de Evaluacio\u0301n<\/a><\/li>\n<\/ul>\n<\/div><\/div>\n<div class=\"su-spoiler su-spoiler-style-default su-spoiler-icon-plus su-spoiler-closed\" data-scroll-offset=\"0\" data-anchor-in-url=\"no\"><div class=\"su-spoiler-title\" tabindex=\"0\" role=\"button\"><span class=\"su-spoiler-icon\"><\/span>Tecnolog\u00eda<\/div><div class=\"su-spoiler-content su-u-clearfix su-u-trim\">\n<ul>\n<li><a href=\"http:\/\/lopezdearenas.org\/inicio\/blog\/wp-content\/uploads\/2016\/11\/Crit.Eval_.Tecno-17-18.pdf\">Criterios de Evaluaci\u00f3n<\/a><\/li>\n<\/ul>\n<\/div><\/div>\n<div class=\"su-spoiler su-spoiler-style-default su-spoiler-icon-plus su-spoiler-closed\" data-scroll-offset=\"0\" data-anchor-in-url=\"no\"><div class=\"su-spoiler-title\" tabindex=\"0\" role=\"button\"><span class=\"su-spoiler-icon\"><\/span>Ciclos Formativos<\/div><div class=\"su-spoiler-content su-u-clearfix su-u-trim\">\n<ul>\n<li><a href=\"http:\/\/lopezdearenas.org\/inicio\/blog\/wp-content\/uploads\/2016\/11\/CRITERIOS-DE-CORRECCIO\u0301N-EVALUACIO\u0301N-Y-RECUPERACION-1\u00ba-DE-FPB-pilar-1718.pdf\">Criterios de Correcci\u00f3n, Evaluaci\u00f3n y Recuperaci\u00f3n &#8211; 1\u00ba FPB<\/a><\/li>\n<li><a href=\"http:\/\/lopezdearenas.org\/inicio\/blog\/wp-content\/uploads\/2016\/11\/criteriosevesoeconomiacuarto1718.pdf\">Criterios de Evaluaci\u00f3n &#8211; Econom\u00eda (4\u00ba ESO)<\/a><\/li>\n<li><a href=\"http:\/\/lopezdearenas.org\/inicio\/blog\/wp-content\/uploads\/2016\/11\/criteriosevbachculturaemprendedora1718.pdf\">Criterios de Evaluaci\u00f3n &#8211; Cultura Emprendedora (1\u00ba Bach.)<\/a><\/li>\n<li><a href=\"http:\/\/lopezdearenas.org\/inicio\/blog\/wp-content\/uploads\/2016\/11\/criteriosevbacheconomia1718.pdf\">Criterios de Evaluaci\u00f3n &#8211; Econom\u00eda (1\u00ba Bach.)<\/a><\/li>\n<li><a href=\"http:\/\/lopezdearenas.org\/inicio\/blog\/wp-content\/uploads\/2016\/11\/criteriosevbacheconomiadeempresa1718.pdf\">Criterios de Evaluaci\u00f3n &#8211; Econom\u00eda (2\u00ba Bach.)<\/a><\/li>\n<\/ul>\n<\/div><\/div>\n<\/div>\n","protected":false},"excerpt":{"rendered":"","protected":false},"author":1,"featured_media":0,"parent":0,"menu_order":0,"comment_status":"closed","ping_status":"closed","template":"","meta":{"footnotes":""},"class_list":["post-4893","page","type-page","status-publish","hentry"],"jetpack_sharing_enabled":true,"_links":{"self":[{"href":"https:\/\/lopezdearenas.org\/inicio\/blog\/wp-json\/wp\/v2\/pages\/4893","targetHints":{"allow":["GET"]}}],"collection":[{"href":"https:\/\/lopezdearenas.org\/inicio\/blog\/wp-json\/wp\/v2\/pages"}],"about":[{"href":"https:\/\/lopezdearenas.org\/inicio\/blog\/wp-json\/wp\/v2\/types\/page"}],"author":[{"embeddable":true,"href":"https:\/\/lopezdearenas.org\/inicio\/blog\/wp-json\/wp\/v2\/users\/1"}],"replies":[{"embeddable":true,"href":"https:\/\/lopezdearenas.org\/inicio\/blog\/wp-json\/wp\/v2\/comments?post=4893"}],"version-history":[{"count":23,"href":"https:\/\/lopezdearenas.org\/inicio\/blog\/wp-json\/wp\/v2\/pages\/4893\/revisions"}],"predecessor-version":[{"id":7404,"href":"https:\/\/lopezdearenas.org\/inicio\/blog\/wp-json\/wp\/v2\/pages\/4893\/revisions\/7404"}],"wp:attachment":[{"href":"https:\/\/lopezdearenas.org\/inicio\/blog\/wp-json\/wp\/v2\/media?parent=4893"}],"curies":[{"name":"wp","href":"https:\/\/api.w.org\/{rel}","templated":true}]}}