{"id":4561,"date":"2016-05-22T17:57:54","date_gmt":"2016-05-22T16:57:54","guid":{"rendered":"http:\/\/lopezdearenas.org\/inicio\/blog\/?page_id=4561"},"modified":"2016-07-06T09:32:40","modified_gmt":"2016-07-06T08:32:40","slug":"roboteando-ii","status":"publish","type":"page","link":"https:\/\/lopezdearenas.org\/inicio\/blog\/roboteando-ii\/","title":{"rendered":"Roboteando II"},"content":{"rendered":"<p>En esta p\u00e1gina se ir\u00e1 introduciendo la informaci\u00f3n relativa al proyecto Roboteando II (2\u00aa Edici\u00f3n) desarrollado bajo el programa Andaluc\u00eda Profundiza.<\/p>\n<p><span style=\"color: #008000;\"><strong>1\u00aa Sesi\u00f3n<\/strong><\/span><\/p>\n<p>Identificaci\u00f3n de los sensores y los actuadores. Descarga y familiarizaci\u00f3n del software de programaci\u00f3n.<\/p>\n<p>En la primera sesi\u00f3n nos encontramos que aproximadamente la mitad del alumnado hab\u00eda estado en el programa de roboteando del curso pasado. Nos organizamos en parejas combinando un alumno con experiencia con otro novato. La primera actividad consisti\u00f3 en descargarnos el lenguaje de programaci\u00f3n de Lego en todos los ordenadores y aquellos grupos que terminaron antes se descargaron tambi\u00e9n el entorno de programaci\u00f3n de arduino para windows. Se mostraron los distintos actuadores y sensores realizando un s\u00edmil con el cuerpo humano.<\/p>\n<p><img loading=\"lazy\" decoding=\"async\" class=\"aligncenter size-large wp-image-4563\" src=\"http:\/\/lopezdearenas.org\/inicio\/blog\/wp-content\/uploads\/2016\/05\/IMG_20160421_192951-copia-1024x576.jpg\" alt=\"IMG_20160421_192951 copia\" width=\"584\" height=\"329\" srcset=\"https:\/\/lopezdearenas.org\/inicio\/blog\/wp-content\/uploads\/2016\/05\/IMG_20160421_192951-copia-1024x576.jpg 1024w, https:\/\/lopezdearenas.org\/inicio\/blog\/wp-content\/uploads\/2016\/05\/IMG_20160421_192951-copia-300x169.jpg 300w, https:\/\/lopezdearenas.org\/inicio\/blog\/wp-content\/uploads\/2016\/05\/IMG_20160421_192951-copia-768x432.jpg 768w, https:\/\/lopezdearenas.org\/inicio\/blog\/wp-content\/uploads\/2016\/05\/IMG_20160421_192951-copia-500x281.jpg 500w, https:\/\/lopezdearenas.org\/inicio\/blog\/wp-content\/uploads\/2016\/05\/IMG_20160421_192951-copia.jpg 1200w\" sizes=\"auto, (max-width: 584px) 100vw, 584px\" \/> <img loading=\"lazy\" decoding=\"async\" class=\"aligncenter size-large wp-image-4564\" src=\"http:\/\/lopezdearenas.org\/inicio\/blog\/wp-content\/uploads\/2016\/05\/IMG_20160421_193049-copia-1024x576.jpg\" alt=\"IMG_20160421_193049 copia\" width=\"584\" height=\"329\" srcset=\"https:\/\/lopezdearenas.org\/inicio\/blog\/wp-content\/uploads\/2016\/05\/IMG_20160421_193049-copia-1024x576.jpg 1024w, https:\/\/lopezdearenas.org\/inicio\/blog\/wp-content\/uploads\/2016\/05\/IMG_20160421_193049-copia-300x169.jpg 300w, https:\/\/lopezdearenas.org\/inicio\/blog\/wp-content\/uploads\/2016\/05\/IMG_20160421_193049-copia-768x432.jpg 768w, https:\/\/lopezdearenas.org\/inicio\/blog\/wp-content\/uploads\/2016\/05\/IMG_20160421_193049-copia-500x281.jpg 500w, https:\/\/lopezdearenas.org\/inicio\/blog\/wp-content\/uploads\/2016\/05\/IMG_20160421_193049-copia.jpg 1200w\" sizes=\"auto, (max-width: 584px) 100vw, 584px\" \/> <img loading=\"lazy\" decoding=\"async\" class=\"aligncenter size-large wp-image-4565\" src=\"http:\/\/lopezdearenas.org\/inicio\/blog\/wp-content\/uploads\/2016\/05\/IMG_20160421_193208-copia-1024x576.jpg\" alt=\"IMG_20160421_193208 copia\" width=\"584\" height=\"329\" srcset=\"https:\/\/lopezdearenas.org\/inicio\/blog\/wp-content\/uploads\/2016\/05\/IMG_20160421_193208-copia-1024x576.jpg 1024w, https:\/\/lopezdearenas.org\/inicio\/blog\/wp-content\/uploads\/2016\/05\/IMG_20160421_193208-copia-300x169.jpg 300w, https:\/\/lopezdearenas.org\/inicio\/blog\/wp-content\/uploads\/2016\/05\/IMG_20160421_193208-copia-768x432.jpg 768w, https:\/\/lopezdearenas.org\/inicio\/blog\/wp-content\/uploads\/2016\/05\/IMG_20160421_193208-copia-500x281.jpg 500w, https:\/\/lopezdearenas.org\/inicio\/blog\/wp-content\/uploads\/2016\/05\/IMG_20160421_193208-copia.jpg 1200w\" sizes=\"auto, (max-width: 584px) 100vw, 584px\" \/> <img loading=\"lazy\" decoding=\"async\" class=\"aligncenter size-large wp-image-4566\" src=\"http:\/\/lopezdearenas.org\/inicio\/blog\/wp-content\/uploads\/2016\/05\/IMG_20160421_193334-copia-1024x577.jpg\" alt=\"IMG_20160421_193334 copia\" width=\"584\" height=\"329\" srcset=\"https:\/\/lopezdearenas.org\/inicio\/blog\/wp-content\/uploads\/2016\/05\/IMG_20160421_193334-copia-1024x577.jpg 1024w, https:\/\/lopezdearenas.org\/inicio\/blog\/wp-content\/uploads\/2016\/05\/IMG_20160421_193334-copia-300x169.jpg 300w, https:\/\/lopezdearenas.org\/inicio\/blog\/wp-content\/uploads\/2016\/05\/IMG_20160421_193334-copia-768x433.jpg 768w, https:\/\/lopezdearenas.org\/inicio\/blog\/wp-content\/uploads\/2016\/05\/IMG_20160421_193334-copia-500x282.jpg 500w, https:\/\/lopezdearenas.org\/inicio\/blog\/wp-content\/uploads\/2016\/05\/IMG_20160421_193334-copia.jpg 1200w\" sizes=\"auto, (max-width: 584px) 100vw, 584px\" \/><\/p>\n<p><span style=\"color: #008000;\"><strong>2\u00aa Sesi\u00f3n<\/strong><\/span><\/p>\n<p>Funcionamiento de los actuadores. Motores. Uso de los bloques de acci\u00f3n. Funcionamiento de los sensores. Sensor de color, sensor t\u00e1ctil, sensor ultras\u00f3nico, sensor de \u00a0infrarrojos. Uso de los bloques de sensores.<\/p>\n<p>En la segunda sesi\u00f3n se explic\u00f3 y record\u00f3 el funcionamiento de los motores as\u00ed como los distintos bloques de acci\u00f3n, potencias, giros&#8230; Tambi\u00e9n se explic\u00f3 el sensor de color en modo reflexi\u00f3n, el sensor t\u00e1ctil y el sensor de infrarrojos como sensor de proximidad. Se vio la posibilidad de usar hasta cuatro sensores simult\u00e1neamente. Los grupos m\u00e1s adelantados pod\u00edan comprobar que la tarjeta de arduino funcionaba correctamente aplicando algunos de los programas de ejemplo.<\/p>\n[embedplusvideo height=\u00bb438&#8243; width=\u00bb584&#8243; editlink=\u00bbhttp:\/\/bit.ly\/20wX4s7&#8243; standard=\u00bbhttp:\/\/www.youtube.com\/v\/tT-eScitgsc?fs=1&#8243; vars=\u00bbytid=tT-eScitgsc&amp;width=584&amp;height=438&amp;start=&amp;stop=&amp;rs=w&amp;hd=0&amp;autoplay=0&amp;react=1&amp;chapters=&amp;notes=\u00bb id=\u00bbep1597&#8243; \/]\n<p><span style=\"color: #008000;\"><strong>3\u00aa Sesi\u00f3n<\/strong><\/span><\/p>\n<p>Uso de los bloques de flujo, bloques de operaciones de datos y bloques avanzados. Primeros programas.<\/p>\n<p>En la tercera sesi\u00f3n se repasaron el uso de los bloques de flujo y especialmente los bloques de tomas de decisiones (interruptor) y los bucles combinando un bucle dentro de otro bucle o interruptores dentro de otros interruptores. Se realizan los primeros programas en el que el robot va andando cada vez mas lento conforme se acerca a un objeto, a la distancia de 10 cm se para y ladra.<\/p>\n[embedplusvideo height=\u00bb438&#8243; width=\u00bb584&#8243; editlink=\u00bbhttp:\/\/bit.ly\/20wWyua\u00bb standard=\u00bbhttp:\/\/www.youtube.com\/v\/lqCDfHtAyC8?fs=1&#8243; vars=\u00bbytid=lqCDfHtAyC8&amp;width=584&amp;height=438&amp;start=&amp;stop=&amp;rs=w&amp;hd=0&amp;autoplay=0&amp;react=1&amp;chapters=&amp;notes=\u00bb id=\u00bbep3614&#8243; \/]\n<p><span style=\"color: #008000;\"><strong>4\u00aa Sesi\u00f3n<\/strong><\/span><\/p>\n<p>Construcci\u00f3n del primer robot y primer programa. Robot que se mueve, reacciona al contacto y evite obst\u00e1culos. Mover y coger objetos.<\/p>\n<p>En la cuarta sesi\u00f3n nuestro objetivo \u00a0es a partir del robot seguidor de l\u00ednea del a\u00f1o pasado conseguir que el robot siga la l\u00ednea negra mediante el sensor de color pero que si detecta un obst\u00e1culo en el camino (mediante el sensor de infrarrojos) sea capaz de rodearlo y continuar luego siguiendo la l\u00ednea. \u00a0Tras realizar la programaci\u00f3n por partes conseguimos que el robot realice su funci\u00f3n. No nos ha dado tiempo en esta sesi\u00f3n de desarrollar el robot que coge objetos.<\/p>\n[embedplusvideo height=\u00bb438&#8243; width=\u00bb584&#8243; editlink=\u00bbhttp:\/\/bit.ly\/20wX6Ad\u00bb standard=\u00bbhttp:\/\/www.youtube.com\/v\/jTe-eAg8KdM?fs=1&#8243; vars=\u00bbytid=jTe-eAg8KdM&amp;width=584&amp;height=438&amp;start=&amp;stop=&amp;rs=w&amp;hd=0&amp;autoplay=0&amp;react=1&amp;chapters=&amp;notes=\u00bb id=\u00bbep7401&#8243; \/]\n<p><span style=\"color: #008000;\"><strong>5\u00aa Sesi\u00f3n<\/strong><\/span><\/p>\n<p>Aprender a trabajar con bucles, conmutadores, matem\u00e1ticas b\u00e1sicas, variables, matrices, l\u00f3gica, a enviar mensajes y a calibrar. Para poner en pr\u00e1ctica lo aprendido anteriormente nos propusimos que nuestro robot fuera capaz de seguir la l\u00ednea, rodear obst\u00e1culos e incluso coger algunos objetos, desgraciadamente no ten\u00edamos suficientes sensores as\u00ed que nos propusimos desarrollarlo por partes. Por lo tanto el siguiente objetivo era conseguir que el robot cogiera objetos, esto nos supuso un desaf\u00edo no s\u00f3lo de programaci\u00f3n sino tambi\u00e9n mec\u00e1nico. En el video de la p\u00e1gina del centro se observa como el robot reconoce un objeto, en este caso la mano y la agarra.<\/p>\n<p><a href=\"http:\/\/lopezdearenas.org\/inicio\/blog\/wp-content\/uploads\/2016\/05\/atrapamano-5.jpg\"><img loading=\"lazy\" decoding=\"async\" class=\"aligncenter size-large wp-image-4680\" src=\"http:\/\/lopezdearenas.org\/inicio\/blog\/wp-content\/uploads\/2016\/05\/atrapamano-5-1024x576.jpg\" alt=\"atrapamano-5\" width=\"584\" height=\"329\" srcset=\"https:\/\/lopezdearenas.org\/inicio\/blog\/wp-content\/uploads\/2016\/05\/atrapamano-5-1024x576.jpg 1024w, https:\/\/lopezdearenas.org\/inicio\/blog\/wp-content\/uploads\/2016\/05\/atrapamano-5-300x169.jpg 300w, https:\/\/lopezdearenas.org\/inicio\/blog\/wp-content\/uploads\/2016\/05\/atrapamano-5-768x432.jpg 768w, https:\/\/lopezdearenas.org\/inicio\/blog\/wp-content\/uploads\/2016\/05\/atrapamano-5-500x281.jpg 500w\" sizes=\"auto, (max-width: 584px) 100vw, 584px\" \/><\/a><\/p>\n[embedplusvideo height=\u00bb438&#8243; width=\u00bb584&#8243; editlink=\u00bbhttp:\/\/bit.ly\/29gxHGo\u00bb standard=\u00bbhttp:\/\/www.youtube.com\/v\/_Xn4B5KcuZ4?fs=1&#8243; vars=\u00bbytid=_Xn4B5KcuZ4&amp;width=584&amp;height=438&amp;start=&amp;stop=&amp;rs=w&amp;hd=0&amp;autoplay=0&amp;react=1&amp;chapters=&amp;notes=\u00bb id=\u00bbep1836&#8243; \/]\n<p><span style=\"color: #008000;\"><strong>6\u00aa Sesi\u00f3n<\/strong><\/span><\/p>\n<p>Aprender a realizar registro de datos, predicciones, an\u00e1lisis y c\u00e1lculo de un conjunto de datos y programaci\u00f3n de gr\u00e1ficos.Tras una breve explicaci\u00f3n de como se realiza el registro de datos, el alumnado decide terminar el robot para que pueda atrapar objetos que se encuentren cerca y que tengan una determinada caracter\u00edstica, por ejemplo que sea verde. \u00a0En el video se observa como ahora le damos la mano y no la atrapa, introducimos un m\u00f3vil y tampoco, sin embargo metemos un palo suficientemente cerca y de color verde, lo agarra, si al palo le damos la vuelta y lo ponemos por la cara que no est\u00e1 pintada de verde no le hace nada.<\/p>\n<p><a href=\"http:\/\/lopezdearenas.org\/inicio\/blog\/wp-content\/uploads\/2016\/05\/atrapaobjetoverde-6.jpg\"><img loading=\"lazy\" decoding=\"async\" class=\"aligncenter size-large wp-image-4682\" src=\"http:\/\/lopezdearenas.org\/inicio\/blog\/wp-content\/uploads\/2016\/05\/atrapaobjetoverde-6-1024x576.jpg\" alt=\"atrapaobjetoverde-6\" width=\"584\" height=\"329\" srcset=\"https:\/\/lopezdearenas.org\/inicio\/blog\/wp-content\/uploads\/2016\/05\/atrapaobjetoverde-6-1024x576.jpg 1024w, https:\/\/lopezdearenas.org\/inicio\/blog\/wp-content\/uploads\/2016\/05\/atrapaobjetoverde-6-300x169.jpg 300w, https:\/\/lopezdearenas.org\/inicio\/blog\/wp-content\/uploads\/2016\/05\/atrapaobjetoverde-6-768x432.jpg 768w, https:\/\/lopezdearenas.org\/inicio\/blog\/wp-content\/uploads\/2016\/05\/atrapaobjetoverde-6-500x281.jpg 500w\" sizes=\"auto, (max-width: 584px) 100vw, 584px\" \/><\/a><\/p>\n[embedplusvideo height=\u00bb438&#8243; width=\u00bb584&#8243; editlink=\u00bbhttp:\/\/bit.ly\/29gzGdq\u00bb standard=\u00bbhttp:\/\/www.youtube.com\/v\/PYzf16F73hY?fs=1&#8243; vars=\u00bbytid=PYzf16F73hY&amp;width=584&amp;height=438&amp;start=&amp;stop=&amp;rs=w&amp;hd=0&amp;autoplay=0&amp;react=1&amp;chapters=&amp;notes=\u00bb id=\u00bbep1260&#8243; \/]\n<p><span style=\"color: #008000;\"><strong>7\u00aa Sesi\u00f3n<\/strong><\/span><\/p>\n<p>Programaci\u00f3n libre de un robot. Los alumnos est\u00e1n interesados en saber un poco m\u00e1s sobre arduino, es por ello que nos decidimos a realizar un peque\u00f1o programa para controlar el encendido y el apagado de un led.<\/p>\n<p><a href=\"http:\/\/lopezdearenas.org\/inicio\/blog\/wp-content\/uploads\/2016\/05\/intermitente.jpg\"><img loading=\"lazy\" decoding=\"async\" class=\"aligncenter size-large wp-image-4684\" src=\"http:\/\/lopezdearenas.org\/inicio\/blog\/wp-content\/uploads\/2016\/05\/intermitente-576x1024.jpg\" alt=\"intermitente\" width=\"576\" height=\"1024\" srcset=\"https:\/\/lopezdearenas.org\/inicio\/blog\/wp-content\/uploads\/2016\/05\/intermitente-576x1024.jpg 576w, https:\/\/lopezdearenas.org\/inicio\/blog\/wp-content\/uploads\/2016\/05\/intermitente-169x300.jpg 169w, https:\/\/lopezdearenas.org\/inicio\/blog\/wp-content\/uploads\/2016\/05\/intermitente-768x1365.jpg 768w, https:\/\/lopezdearenas.org\/inicio\/blog\/wp-content\/uploads\/2016\/05\/intermitente.jpg 2016w\" sizes=\"auto, (max-width: 576px) 100vw, 576px\" \/><\/a><\/p>\n[embedplusvideo height=\u00bb438&#8243; width=\u00bb584&#8243; editlink=\u00bbhttp:\/\/bit.ly\/29gyjf2&#8243; standard=\u00bbhttp:\/\/www.youtube.com\/v\/o1fmRdmAlgg?fs=1&#8243; vars=\u00bbytid=o1fmRdmAlgg&amp;width=584&amp;height=438&amp;start=&amp;stop=&amp;rs=w&amp;hd=0&amp;autoplay=0&amp;react=1&amp;chapters=&amp;notes=\u00bb id=\u00bbep1794&#8243; \/]\n<p><span style=\"color: #008000;\"><strong>8\u00ba Sesi\u00f3n<\/strong><\/span><\/p>\n<p>Nos saltamos lo inicialmente programado para esta sesi\u00f3n y nos decidimos a realizar un sem\u00e1foro con arduino.<\/p>\n<p><a href=\"http:\/\/lopezdearenas.org\/inicio\/blog\/wp-content\/uploads\/2016\/05\/semaforo.jpg\"><img loading=\"lazy\" decoding=\"async\" class=\"aligncenter size-large wp-image-4685\" src=\"http:\/\/lopezdearenas.org\/inicio\/blog\/wp-content\/uploads\/2016\/05\/semaforo-576x1024.jpg\" alt=\"semaforo\" width=\"576\" height=\"1024\" srcset=\"https:\/\/lopezdearenas.org\/inicio\/blog\/wp-content\/uploads\/2016\/05\/semaforo-576x1024.jpg 576w, https:\/\/lopezdearenas.org\/inicio\/blog\/wp-content\/uploads\/2016\/05\/semaforo-169x300.jpg 169w, https:\/\/lopezdearenas.org\/inicio\/blog\/wp-content\/uploads\/2016\/05\/semaforo-768x1365.jpg 768w, https:\/\/lopezdearenas.org\/inicio\/blog\/wp-content\/uploads\/2016\/05\/semaforo.jpg 2016w\" sizes=\"auto, (max-width: 576px) 100vw, 576px\" \/><\/a><\/p>\n[embedplusvideo height=\u00bb438&#8243; width=\u00bb584&#8243; editlink=\u00bbhttp:\/\/bit.ly\/29gzn2j\u00bb standard=\u00bbhttp:\/\/www.youtube.com\/v\/OkMTSr3WVxs?fs=1&#8243; vars=\u00bbytid=OkMTSr3WVxs&amp;width=584&amp;height=438&amp;start=&amp;stop=&amp;rs=w&amp;hd=0&amp;autoplay=0&amp;react=1&amp;chapters=&amp;notes=\u00bb id=\u00bbep3778&#8243; \/]\n<p>&nbsp;<\/p>\n","protected":false},"excerpt":{"rendered":"<p>En esta p\u00e1gina se ir\u00e1 introduciendo la informaci\u00f3n relativa al proyecto Roboteando II (2\u00aa Edici\u00f3n) desarrollado bajo el programa Andaluc\u00eda Profundiza. 1\u00aa Sesi\u00f3n Identificaci\u00f3n de los sensores y los actuadores. Descarga y familiarizaci\u00f3n del software de programaci\u00f3n. En la primera &hellip; <a href=\"https:\/\/lopezdearenas.org\/inicio\/blog\/roboteando-ii\/\">Sigue leyendo <span class=\"meta-nav\">&rarr;<\/span><\/a><\/p>\n","protected":false},"author":1,"featured_media":0,"parent":0,"menu_order":0,"comment_status":"closed","ping_status":"closed","template":"","meta":{"footnotes":""},"class_list":["post-4561","page","type-page","status-publish","hentry"],"jetpack_sharing_enabled":true,"_links":{"self":[{"href":"https:\/\/lopezdearenas.org\/inicio\/blog\/wp-json\/wp\/v2\/pages\/4561","targetHints":{"allow":["GET"]}}],"collection":[{"href":"https:\/\/lopezdearenas.org\/inicio\/blog\/wp-json\/wp\/v2\/pages"}],"about":[{"href":"https:\/\/lopezdearenas.org\/inicio\/blog\/wp-json\/wp\/v2\/types\/page"}],"author":[{"embeddable":true,"href":"https:\/\/lopezdearenas.org\/inicio\/blog\/wp-json\/wp\/v2\/users\/1"}],"replies":[{"embeddable":true,"href":"https:\/\/lopezdearenas.org\/inicio\/blog\/wp-json\/wp\/v2\/comments?post=4561"}],"version-history":[{"count":12,"href":"https:\/\/lopezdearenas.org\/inicio\/blog\/wp-json\/wp\/v2\/pages\/4561\/revisions"}],"predecessor-version":[{"id":4687,"href":"https:\/\/lopezdearenas.org\/inicio\/blog\/wp-json\/wp\/v2\/pages\/4561\/revisions\/4687"}],"wp:attachment":[{"href":"https:\/\/lopezdearenas.org\/inicio\/blog\/wp-json\/wp\/v2\/media?parent=4561"}],"curies":[{"name":"wp","href":"https:\/\/api.w.org\/{rel}","templated":true}]}}