{"id":411,"date":"2014-01-13T13:48:22","date_gmt":"2014-01-13T12:48:22","guid":{"rendered":"http:\/\/lopezdearenas.org\/inicio\/blog\/?page_id=411"},"modified":"2025-11-26T12:04:26","modified_gmt":"2025-11-26T11:04:26","slug":"departamento-de-ingles","status":"publish","type":"page","link":"https:\/\/lopezdearenas.org\/inicio\/blog\/departamento-de-ingles\/","title":{"rendered":"Departamento de Ingl\u00e9s"},"content":{"rendered":"\n<div class=\"wp-block-group\"><div class=\"wp-block-group__inner-container is-layout-flow wp-block-group-is-layout-flow\">\n<p><span style=\"color: #008000;\"><strong>Profesorado:<\/strong><\/span><\/p>\n<ul>\n<li>Galobart Morilla, Alejandra<\/li>\n<li>Mart\u00edn Morente, Pedro\u00a0<\/li>\n<li>Rodr\u00edguez Guisado, Ana Mar\u00eda<\/li>\n<li>S\u00e1nchez L\u00f3pez, F\u00e1tima (<strong>Jefa del Departamento<\/strong>)<\/li>\n<li>S\u00e1nchez Vergara, Juli\u00e1n<\/li>\n<li>Vargas Catal\u00e1n, Laura<\/li>\n<li>Vera Casar, Rosa Mar\u00eda<\/li>\n<li>Vinogradov Novic, Elena<\/li>\n<\/ul>\n<p><span style=\"color: #008000;\"><strong>Materias:<\/strong><\/span><\/p>\n\n\n\n<p>Ingl\u00e9s 1\u00ba ESO<\/p>\n\n\n\n<p>Ingl\u00e9s 2\u00ba ESO<\/p>\n\n\n\n<p>Ingl\u00e9s 3\u00ba ESO<\/p>\n\n\n\n<p>Ingl\u00e9s 4\u00ba ESO<\/p>\n\n\n\n<p>Ingl\u00e9s 1\u00ba Bachillerato<\/p>\n\n\n\n<p>Ingl\u00e9s 2\u00ba Bachillerato<\/p>\n\n\n\n<p>Comunicaci\u00f3n y sociedad I (1\u00baCFGB)<\/p>\n\n\n\n<p>Comunicaci\u00f3n y sociedad II (2\u00baCFGB)<\/p>\n\n\n\n<p>Ingl\u00e9s 1\u00ba Gesti\u00f3n Administrativa<\/p>\n\n\n\n<p>Ingl\u00e9s 1\u00ba Administraci\u00f3n y Finanzas<\/p>\n\n\n\n<p>Ingl\u00e9s 1\u00ba Asistencia a la direcci\u00f3n<\/p>\n<\/div><\/div>\n\n\n<p><span style=\"color: #008000;\"><strong>Criterios de evaluaci\u00f3n:<\/strong><\/span><\/p>\n\n\n<p><a href=\"https:\/\/lopezdearenas.org\/inicio\/blog\/wp-content\/uploads\/2024\/01\/Ingles_-CE-competencias-saberes-ESO-y-Bach.pdf\">Criterios de evaluaci\u00f3n, competencias y saberes (ESO y Bachillerato)<\/a><\/p>\n\n\n\n<p><a href=\"https:\/\/lopezdearenas.org\/inicio\/blog\/wp-content\/uploads\/2024\/01\/FPB-Y-CICLOS-FORMATIVOS-RESULTADOS-DE-APRENDIZAJE-CRITERIOS-DE-EVALUACION-CRITERIOS-DE-CALIFICACION.docx-1.pdf\">Criterios de evaluaci\u00f3n, criterios de calificaci\u00f3n, resultados de aprendizaje (FPB y Ciclos Formativos)<\/a><\/p>\n","protected":false},"excerpt":{"rendered":"<p>Profesorado: Galobart Morilla, Alejandra Mart\u00edn Morente, Pedro\u00a0 Rodr\u00edguez Guisado, Ana Mar\u00eda S\u00e1nchez L\u00f3pez, F\u00e1tima (Jefa del Departamento) S\u00e1nchez Vergara, Juli\u00e1n Vargas Catal\u00e1n, Laura Vera Casar, Rosa Mar\u00eda Vinogradov Novic, Elena Materias: Ingl\u00e9s 1\u00ba ESO Ingl\u00e9s 2\u00ba ESO Ingl\u00e9s 3\u00ba ESO &hellip; <a href=\"https:\/\/lopezdearenas.org\/inicio\/blog\/departamento-de-ingles\/\">Sigue leyendo <span class=\"meta-nav\">&rarr;<\/span><\/a><\/p>\n","protected":false},"author":1,"featured_media":0,"parent":0,"menu_order":0,"comment_status":"closed","ping_status":"open","template":"","meta":{"footnotes":""},"class_list":["post-411","page","type-page","status-publish","hentry"],"jetpack_sharing_enabled":false,"_links":{"self":[{"href":"https:\/\/lopezdearenas.org\/inicio\/blog\/wp-json\/wp\/v2\/pages\/411","targetHints":{"allow":["GET"]}}],"collection":[{"href":"https:\/\/lopezdearenas.org\/inicio\/blog\/wp-json\/wp\/v2\/pages"}],"about":[{"href":"https:\/\/lopezdearenas.org\/inicio\/blog\/wp-json\/wp\/v2\/types\/page"}],"author":[{"embeddable":true,"href":"https:\/\/lopezdearenas.org\/inicio\/blog\/wp-json\/wp\/v2\/users\/1"}],"replies":[{"embeddable":true,"href":"https:\/\/lopezdearenas.org\/inicio\/blog\/wp-json\/wp\/v2\/comments?post=411"}],"version-history":[{"count":21,"href":"https:\/\/lopezdearenas.org\/inicio\/blog\/wp-json\/wp\/v2\/pages\/411\/revisions"}],"predecessor-version":[{"id":17450,"href":"https:\/\/lopezdearenas.org\/inicio\/blog\/wp-json\/wp\/v2\/pages\/411\/revisions\/17450"}],"wp:attachment":[{"href":"https:\/\/lopezdearenas.org\/inicio\/blog\/wp-json\/wp\/v2\/media?parent=411"}],"curies":[{"name":"wp","href":"https:\/\/api.w.org\/{rel}","templated":true}]}}