{"id":3995,"date":"2015-11-30T18:23:46","date_gmt":"2015-11-30T17:23:46","guid":{"rendered":"http:\/\/lopezdearenas.org\/inicio\/blog\/?page_id=3995"},"modified":"2015-11-30T18:31:05","modified_gmt":"2015-11-30T17:31:05","slug":"educacion-economica-financiera","status":"publish","type":"page","link":"https:\/\/lopezdearenas.org\/inicio\/blog\/educacion-economica-financiera\/","title":{"rendered":"Programa de Educaci\u00f3n Econ\u00f3mica y Financiera"},"content":{"rendered":"<p>El programa se inserta como una de las acciones del Plan para el Fomento de la Cultura Emprendedora en el Sistema Educativo P\u00fablico de Andaluc\u00eda.<\/p>\n<p>La situaci\u00f3n econ\u00f3mica actual ha evidenciado la necesidad de organizar un sistema de formaci\u00f3n econ\u00f3mica y financiera en relaci\u00f3n con una serie de \u00e1reas tem\u00e1ticas que potencien la cultura emprendedora en los centros educativos andaluces:<\/p>\n<ol>\n<li>Familias<\/li>\n<li>Empresas<\/li>\n<li>Estado<\/li>\n<li>Cultura Emprendedora<\/li>\n<\/ol>\n<p>El programa <strong>\u201cEDUCACI\u00d3N ECON\u00d3MICA Y FINANCIERA\u201d<\/strong>, tiene como objetivo potenciar los conocimientos, destrezas y habilidades b\u00e1sicas que permitan al alumnado comprender la importancia de conceptos clave como el ahorro, los ingresos, el presupuesto personal, el coste de los productos, la calidad de vida o el consumo responsable y sobre todo que le doten de recursos para entender con responsabilidad la sociedad que les rodea, permitiendo que act\u00faen de forma cr\u00edtica, innovadora, y con actitudes solidarias y \u00e9ticas, en definitiva un ciudadano con conocimientos globales para llevar a cabo actuaciones locales responsables en su entorno.<\/p>\n<p><span style=\"color: #008000;\"><strong><u>OBJETIVOS<\/u><\/strong><\/span><\/p>\n<p>&#8211; Impulsar la Formaci\u00f3n Econ\u00f3mica y Financiera como complemento indispensable para la puesta en marcha de iniciativas emprendedoras.<\/p>\n<p>&#8211; Poner a disposici\u00f3n del personal docente los recursos educativos generados para el Plan de Cultura Emprendedora a las materias, \u00e1reas y m\u00f3dulos que tengan relaci\u00f3n con el mismo.<\/p>\n<p>&#8211; Familiarizar al alumnado con las finanzas para intentar conseguir unas intervenciones responsables de la ciudadan\u00eda.<\/p>\n<p>&#8211; Contextualizar el sistema econ\u00f3mico y las relaciones entre los diferentes agentes econ\u00f3micos.<\/p>\n<p><span style=\"color: #008000;\"><strong><u>ALUMNADO PARTICIPANTE<\/u><\/strong><\/span><\/p>\n<p>Alumnado de ESO, Bachillerato, Formaci\u00f3n Profesional B\u00e1sica y Ciclos Formativos.<\/p>\n<p>Desde el IES L\u00f3pez de Arenas, nos hemos inscrito en dicho programa una serie de profesores y desde el curso pasado tenemos un blog en el que subimos actividades, noticias y recursos relacionados con este programa.<\/p>\n<p><a href=\"http:\/\/edufiiesla.blogspot.com.es\/\" target=\"_blank\">Blog del proyecto<\/a><\/p>\n","protected":false},"excerpt":{"rendered":"<p>El programa se inserta como una de las acciones del Plan para el Fomento de la Cultura Emprendedora en el Sistema Educativo P\u00fablico de Andaluc\u00eda. La situaci\u00f3n econ\u00f3mica actual ha evidenciado la necesidad de organizar un sistema de formaci\u00f3n econ\u00f3mica &hellip; <a href=\"https:\/\/lopezdearenas.org\/inicio\/blog\/educacion-economica-financiera\/\">Sigue leyendo <span class=\"meta-nav\">&rarr;<\/span><\/a><\/p>\n","protected":false},"author":1,"featured_media":0,"parent":0,"menu_order":0,"comment_status":"closed","ping_status":"closed","template":"","meta":{"footnotes":""},"class_list":["post-3995","page","type-page","status-publish","hentry"],"jetpack_sharing_enabled":true,"_links":{"self":[{"href":"https:\/\/lopezdearenas.org\/inicio\/blog\/wp-json\/wp\/v2\/pages\/3995","targetHints":{"allow":["GET"]}}],"collection":[{"href":"https:\/\/lopezdearenas.org\/inicio\/blog\/wp-json\/wp\/v2\/pages"}],"about":[{"href":"https:\/\/lopezdearenas.org\/inicio\/blog\/wp-json\/wp\/v2\/types\/page"}],"author":[{"embeddable":true,"href":"https:\/\/lopezdearenas.org\/inicio\/blog\/wp-json\/wp\/v2\/users\/1"}],"replies":[{"embeddable":true,"href":"https:\/\/lopezdearenas.org\/inicio\/blog\/wp-json\/wp\/v2\/comments?post=3995"}],"version-history":[{"count":2,"href":"https:\/\/lopezdearenas.org\/inicio\/blog\/wp-json\/wp\/v2\/pages\/3995\/revisions"}],"predecessor-version":[{"id":3999,"href":"https:\/\/lopezdearenas.org\/inicio\/blog\/wp-json\/wp\/v2\/pages\/3995\/revisions\/3999"}],"wp:attachment":[{"href":"https:\/\/lopezdearenas.org\/inicio\/blog\/wp-json\/wp\/v2\/media?parent=3995"}],"curies":[{"name":"wp","href":"https:\/\/api.w.org\/{rel}","templated":true}]}}