{"id":273,"date":"2013-10-07T11:48:56","date_gmt":"2013-10-07T10:48:56","guid":{"rendered":"http:\/\/lopezdearenas.org\/inicio\/blog\/?page_id=273"},"modified":"2025-11-19T13:53:23","modified_gmt":"2025-11-19T12:53:23","slug":"departamento-de-fisica-y-quimica","status":"publish","type":"page","link":"https:\/\/lopezdearenas.org\/inicio\/blog\/departamento-de-fisica-y-quimica\/","title":{"rendered":"Departamento de F\u00edsica y Qu\u00edmica"},"content":{"rendered":"<p><span style=\"color: #008000;\"><strong>Profesorado:<\/strong><\/span><\/p>\n<ul>\n<li>\u00c1lvarez Boh\u00f3rquez, Manuel (<strong>Jefe del Departamento<\/strong>)<\/li>\n<li>Campa\u00f1a Jim\u00e9nez, Fabiola\u00a0<\/li>\n<li>Duque Fern\u00e1ndez, Consuelo<\/li>\n<li><span data-sheets-root=\"1\">Ruiz Ruiz, Fernando<\/span><\/li>\n<\/ul>\n<p><span style=\"color: #008000;\"><strong>Materias:<\/strong><\/span><\/p>\n<ul>\n<li>F\u00edsica y Qu\u00edmica &#8211; 2\u00ba, 3\u00ba y 4\u00ba ESO<\/li>\n<li>\u00c1mbito Cient\u00edfico- Tecnol\u00f3gico (3\u00ba ESO)<\/li>\n<li>F\u00edsica y Qu\u00edmica &#8211; 1\u00ba Bachillerato<\/li>\n<li>Qu\u00edmica &#8211; 2\u00ba Bachillerato<\/li>\n<li>F\u00edsica &#8211; 2\u00ba Bachillerato<\/li>\n<\/ul>\n<p><span style=\"color: #008000;\"><strong>Criterios de evaluaci\u00f3n:<\/strong><\/span><\/p>\n\n\n<p><a href=\"https:\/\/lopezdearenas.org\/inicio\/blog\/wp-content\/uploads\/2023\/12\/ANEXO-II-ESO-CRITERIOS-C-ESP-SABERES-BASICOS.pdf\">Anexo II &#8211; ESO<\/a><\/p>\n\n\n\n<p><a href=\"https:\/\/lopezdearenas.org\/inicio\/blog\/wp-content\/uploads\/2023\/12\/ANEXO-IV-BACHILLERATO-CRITERIOS-C-ESP-SABERES-BASICOS.pdf\">Anexo IV &#8211; Bachillerato<\/a><\/p>\n","protected":false},"excerpt":{"rendered":"<p>Profesorado: \u00c1lvarez Boh\u00f3rquez, Manuel (Jefe del Departamento) Campa\u00f1a Jim\u00e9nez, Fabiola\u00a0 Duque Fern\u00e1ndez, Consuelo Ruiz Ruiz, Fernando Materias: F\u00edsica y Qu\u00edmica &#8211; 2\u00ba, 3\u00ba y 4\u00ba ESO \u00c1mbito Cient\u00edfico- Tecnol\u00f3gico (3\u00ba ESO) F\u00edsica y Qu\u00edmica &#8211; 1\u00ba Bachillerato Qu\u00edmica &#8211; 2\u00ba &hellip; <a href=\"https:\/\/lopezdearenas.org\/inicio\/blog\/departamento-de-fisica-y-quimica\/\">Sigue leyendo <span class=\"meta-nav\">&rarr;<\/span><\/a><\/p>\n","protected":false},"author":1,"featured_media":0,"parent":0,"menu_order":0,"comment_status":"closed","ping_status":"open","template":"","meta":{"footnotes":""},"class_list":["post-273","page","type-page","status-publish","hentry"],"jetpack_sharing_enabled":false,"_links":{"self":[{"href":"https:\/\/lopezdearenas.org\/inicio\/blog\/wp-json\/wp\/v2\/pages\/273","targetHints":{"allow":["GET"]}}],"collection":[{"href":"https:\/\/lopezdearenas.org\/inicio\/blog\/wp-json\/wp\/v2\/pages"}],"about":[{"href":"https:\/\/lopezdearenas.org\/inicio\/blog\/wp-json\/wp\/v2\/types\/page"}],"author":[{"embeddable":true,"href":"https:\/\/lopezdearenas.org\/inicio\/blog\/wp-json\/wp\/v2\/users\/1"}],"replies":[{"embeddable":true,"href":"https:\/\/lopezdearenas.org\/inicio\/blog\/wp-json\/wp\/v2\/comments?post=273"}],"version-history":[{"count":17,"href":"https:\/\/lopezdearenas.org\/inicio\/blog\/wp-json\/wp\/v2\/pages\/273\/revisions"}],"predecessor-version":[{"id":17360,"href":"https:\/\/lopezdearenas.org\/inicio\/blog\/wp-json\/wp\/v2\/pages\/273\/revisions\/17360"}],"wp:attachment":[{"href":"https:\/\/lopezdearenas.org\/inicio\/blog\/wp-json\/wp\/v2\/media?parent=273"}],"curies":[{"name":"wp","href":"https:\/\/api.w.org\/{rel}","templated":true}]}}