{"id":256,"date":"2013-10-03T10:41:02","date_gmt":"2013-10-03T09:41:02","guid":{"rendered":"http:\/\/lopezdearenas.org\/inicio\/blog\/?page_id=256"},"modified":"2025-11-26T10:41:05","modified_gmt":"2025-11-26T09:41:05","slug":"departamento-de-biologia-y-geologia","status":"publish","type":"page","link":"https:\/\/lopezdearenas.org\/inicio\/blog\/departamento-de-biologia-y-geologia\/","title":{"rendered":"Departamento de Biolog\u00eda y Geolog\u00eda"},"content":{"rendered":"<p><span style=\"color: #008000;\"><strong>Profesorado:<\/strong><\/span><\/p>\n<ul>\n<li>Bersab\u00e9 Hidalgo, Sara Mar\u00eda\u00a0<\/li>\n<li>Talavera Ramos, M\u00aa Lourdes (<strong>Jefa del Departamento<\/strong>)<\/li>\n<li>Ru\u00edz Gonz\u00e1lez, Pilar<\/li>\n<\/ul>\n<p><span style=\"color: #008000;\"><strong>Materias:<\/strong><\/span><\/p>\n<ul>\n<li>Biolog\u00eda y Geolog\u00eda 1\u00ba,3\u00ba y 4\u00ba ESO<\/li>\n<li>Cultura cient\u00edfica 4\u00ba ESO<\/li>\n<li>Biolog\u00eda y Geolog\u00eda 1\u00ba y 2\u00ba Bachillerato Ciencias<\/li>\n<li>Anatom\u00eda Aplicada 1\u00ba Bachillerato Ciencias<\/li>\n<li>\u00c1mbito de Ciencias Aplicada 1\u00ba y 2\u00ba CFGB SERVICIOS ADMINISTRATIVOS<\/li>\n<\/ul>\n<p><span style=\"color: #008000;\"><strong>Criterios de evaluaci\u00f3n:<\/strong><\/span><\/p>\n\n\n<div class=\"wp-block-file\"><a id=\"wp-block-file--media-eccff095-4e32-404b-99e5-4b30c539b67b\" href=\"https:\/\/lopezdearenas.org\/inicio\/blog\/wp-content\/uploads\/2025\/11\/Criterios-de-evaluacion-Biologia-y-Geologia.pdf\">Criterios de evaluaci\u00f3n Biolog\u00eda y Geolog\u00eda<\/a><\/div>\n\n\n\n<p><\/p>\n\n\n\n<p><\/p>\n","protected":false},"excerpt":{"rendered":"<p>Profesorado: Bersab\u00e9 Hidalgo, Sara Mar\u00eda\u00a0 Talavera Ramos, M\u00aa Lourdes (Jefa del Departamento) Ru\u00edz Gonz\u00e1lez, Pilar Materias: Biolog\u00eda y Geolog\u00eda 1\u00ba,3\u00ba y 4\u00ba ESO Cultura cient\u00edfica 4\u00ba ESO Biolog\u00eda y Geolog\u00eda 1\u00ba y 2\u00ba Bachillerato Ciencias Anatom\u00eda Aplicada 1\u00ba Bachillerato Ciencias &hellip; <a href=\"https:\/\/lopezdearenas.org\/inicio\/blog\/departamento-de-biologia-y-geologia\/\">Sigue leyendo <span class=\"meta-nav\">&rarr;<\/span><\/a><\/p>\n","protected":false},"author":1,"featured_media":0,"parent":0,"menu_order":0,"comment_status":"closed","ping_status":"open","template":"","meta":{"footnotes":""},"class_list":["post-256","page","type-page","status-publish","hentry"],"jetpack_sharing_enabled":false,"_links":{"self":[{"href":"https:\/\/lopezdearenas.org\/inicio\/blog\/wp-json\/wp\/v2\/pages\/256","targetHints":{"allow":["GET"]}}],"collection":[{"href":"https:\/\/lopezdearenas.org\/inicio\/blog\/wp-json\/wp\/v2\/pages"}],"about":[{"href":"https:\/\/lopezdearenas.org\/inicio\/blog\/wp-json\/wp\/v2\/types\/page"}],"author":[{"embeddable":true,"href":"https:\/\/lopezdearenas.org\/inicio\/blog\/wp-json\/wp\/v2\/users\/1"}],"replies":[{"embeddable":true,"href":"https:\/\/lopezdearenas.org\/inicio\/blog\/wp-json\/wp\/v2\/comments?post=256"}],"version-history":[{"count":25,"href":"https:\/\/lopezdearenas.org\/inicio\/blog\/wp-json\/wp\/v2\/pages\/256\/revisions"}],"predecessor-version":[{"id":17442,"href":"https:\/\/lopezdearenas.org\/inicio\/blog\/wp-json\/wp\/v2\/pages\/256\/revisions\/17442"}],"wp:attachment":[{"href":"https:\/\/lopezdearenas.org\/inicio\/blog\/wp-json\/wp\/v2\/media?parent=256"}],"curies":[{"name":"wp","href":"https:\/\/api.w.org\/{rel}","templated":true}]}}