{"id":250,"date":"2013-10-02T17:04:44","date_gmt":"2013-10-02T16:04:44","guid":{"rendered":"http:\/\/lopezdearenas.org\/inicio\/blog\/?page_id=250"},"modified":"2025-04-25T21:43:48","modified_gmt":"2025-04-25T20:43:48","slug":"departamento-de-administrativo","status":"publish","type":"page","link":"https:\/\/lopezdearenas.org\/inicio\/blog\/departamento-de-administrativo\/","title":{"rendered":"Departamento de Administrativo"},"content":{"rendered":"<p><span style=\"text-decoration: underline;\"><span style=\"color: #333399;\"><strong>Profesorado:<\/strong><\/span><\/span><\/p>\n<ul>\n<li>Baco Ru\u00edz, Ana Bel\u00e9n<\/li>\n<li>Fern\u00e1ndez Garc\u00eda, Rosal\u00eda<\/li>\n<li>Gallardo Lozano, Patricia<\/li>\n<li>Garc\u00eda Maqueda, Miriam<\/li>\n<li>L\u00f3pez M\u00e1rquez, Marta<\/li>\n<li>Mateo Vega, Manuel<\/li>\n<li>M\u00e9ndez Garc\u00eda, Blanca<\/li>\n<li>Mor\u00f3n Romero, M\u00aa Dolores<\/li>\n<li>P\u00e9rez Barrera, Coral<\/li>\n<li>Talaver\u00f3n Baco, Margarita<\/li>\n<li>Zambrano Gonz\u00e1lez, Juan Antonio (<strong>Jefe del Departamento<\/strong>)<\/li>\n<li>Zamora Jim\u00e9nez, Josefa<\/li>\n<\/ul>\n<p><span style=\"text-decoration: underline;\"><span style=\"color: #333399;\"><strong>Ense\u00f1anzas<\/strong><\/span><\/span><\/p>\n\n\n<figure class=\"wp-block-table\"><table class=\"has-fixed-layout\"><thead><tr><th>nombre del ciclo<\/th><th><strong>grado<\/strong><\/th><\/tr><\/thead><tbody><tr><td>Servicios administrativos<\/td><td>B\u00e1sico<\/td><\/tr><tr><td>Gesti\u00f3n Administrativa<\/td><td>Medio<\/td><\/tr><tr><td>Administraci\u00f3n y Finanzas<\/td><td>Superior<\/td><\/tr><tr><td>Asistencia a la Direcci\u00f3n<\/td><td>Superior<\/td><\/tr><\/tbody><\/table><\/figure>\n\n\n\n<div class=\"wp-block-group has-background is-vertical is-layout-flex wp-container-core-group-is-layout-8cf370e7 wp-block-group-is-layout-flex\" style=\"background-color:#f9f9fd\">\n<p class=\"has-text-color has-link-color wp-elements-4e5a1f63c972e691a6ae548cb3a6265e\" style=\"color:#193484\"><strong><strong><span style=\"text-decoration: underline;\">Materias y Criterios de evaluaci\u00f3n<\/span>:<\/strong><\/strong><\/p>\n\n\n\n<div class=\"wp-block-file\"><a id=\"wp-block-file--media-d306c8b2-8ad1-421e-9205-9c1bd4098f80\" href=\"https:\/\/lopezdearenas.org\/inicio\/blog\/wp-content\/uploads\/2025\/04\/01_Itinerario-FP-basica.pdf\">01_Itinerario (FP b\u00e1sica)<\/a><\/div>\n\n\n\n<div class=\"wp-block-file\"><a id=\"wp-block-file--media-c7907625-5de6-4df0-aec3-4c1ec32ba67b\" href=\"https:\/\/lopezdearenas.org\/inicio\/blog\/wp-content\/uploads\/2025\/04\/02_RA-y-CE-ACLI.docx.pdf\">02_RA y CE ACLI.docx<\/a><\/div>\n\n\n\n<div class=\"wp-block-file\"><a id=\"wp-block-file--media-3afc90e9-b681-48bb-ade2-151866e82924\" href=\"https:\/\/lopezdearenas.org\/inicio\/blog\/wp-content\/uploads\/2025\/04\/03_RA-Y-CE-TAB.docx.pdf\">03_RA Y CE TAB.docx<\/a><\/div>\n\n\n\n<div class=\"wp-block-file\"><a id=\"wp-block-file--media-3527a3df-a30e-4719-b9fb-31e7d76bd79a\" href=\"https:\/\/lopezdearenas.org\/inicio\/blog\/wp-content\/uploads\/2025\/04\/04_RA-Y-CE-TID.docx.pdf\">04_RA Y CE TID.docx<\/a><\/div>\n\n\n\n<div class=\"wp-block-file\"><a id=\"wp-block-file--media-aa38dbcb-a0f3-4622-8252-b9f34824177b\" href=\"https:\/\/lopezdearenas.org\/inicio\/blog\/wp-content\/uploads\/2025\/04\/05_AYC.-CRITERIOS-DE-EVALUACION-Y-RA.docx.pdf\">05_AYC. CRITERIOS DE EVALUACI\u00d3N Y RA..docx<\/a><\/div>\n\n\n\n<div class=\"wp-block-file\"><a id=\"wp-block-file--media-bdced770-d704-40f2-a88f-434a080e435f\" href=\"https:\/\/lopezdearenas.org\/inicio\/blog\/wp-content\/uploads\/2025\/04\/06_PPYVP.-CRITERIOS-DE-EVALUACION-Y-RA.docx.pdf\">06_PPYVP. CRITERIOS DE EVALUACION Y RA..docx<\/a><\/div>\n\n\n\n<div class=\"wp-block-file\"><a id=\"wp-block-file--media-eefd99f1-2f46-4f43-a91a-565ec4e3f130\" href=\"https:\/\/lopezdearenas.org\/inicio\/blog\/wp-content\/uploads\/2025\/04\/07_ABO.-CRITERIO-DE-EVALUACION-Y-RA.docx.pdf\">07_ABO. CRITERIO DE EVALUACION Y RA..docx<\/a><\/div>\n\n\n\n<div class=\"wp-block-file\"><a id=\"wp-block-file--media-5faabcdf-b99b-4268-97ee-796ca387d9e4\" href=\"https:\/\/lopezdearenas.org\/inicio\/blog\/wp-content\/uploads\/2025\/04\/09_1o-CFGM-GA-DIGITALIZACION-APLICADA-A-LOS-SECTORES-PRODUCTIVOS.docx.pdf\">09_1\u00ba CFGM &#8211; GA &#8211; DIGITALIZACI\u00d3N APLICADA A LOS SECTORES PRODUCTIVOS.docx<\/a><\/div>\n\n\n\n<div class=\"wp-block-file\"><a id=\"wp-block-file--media-278489e7-4b40-4400-b8ea-6b5ddf4f76df\" href=\"https:\/\/lopezdearenas.org\/inicio\/blog\/wp-content\/uploads\/2025\/04\/10_1o-CFGM-GA-TECNICA-CONTABLE.docx.pdf\">10_1\u00ba CFGM &#8211; GA &#8211; T\u00c9CNICA CONTABLE.docx<\/a><\/div>\n\n\n\n<div class=\"wp-block-file\"><a id=\"wp-block-file--media-a60e5a31-d928-4943-b637-8cbaf02a529f\" href=\"https:\/\/lopezdearenas.org\/inicio\/blog\/wp-content\/uploads\/2025\/04\/11_1o-CFGM-GA-SOSTENIBILIDAD-APLICADA-AL-SISTEMA-PRODUCTIVO.docx.pdf\">11_1\u00ba CFGM &#8211; GA- SOSTENIBILIDAD APLICADA AL SISTEMA PRODUCTIVO.docx<\/a><\/div>\n\n\n\n<div class=\"wp-block-group is-nowrap is-layout-flex wp-container-core-group-is-layout-ad2f72ca wp-block-group-is-layout-flex\">\n<div class=\"wp-block-file\"><a id=\"wp-block-file--media-96731586-17b7-4e66-ac07-4d5436f4f36f\" href=\"https:\/\/lopezdearenas.org\/inicio\/blog\/wp-content\/uploads\/2025\/04\/12_CEAC-1o-GM-CRITERIOS-DE-EVALUACION-1.pdf\">12_CEAC-1\u00ba GM-CRITERIOS DE EVALUACI\u00d3N (1)<\/a><\/div>\n<\/div>\n\n\n\n<div class=\"wp-block-file\"><a id=\"wp-block-file--media-6455ace4-8e70-458b-a322-6a314fec50bf\" href=\"https:\/\/lopezdearenas.org\/inicio\/blog\/wp-content\/uploads\/2025\/04\/13_Itinerario-I-GM-y-GS.pdf\">13_Itinerario I (GM y GS)<\/a><\/div>\n\n\n\n<div class=\"wp-block-file\"><a id=\"wp-block-file--media-856cc37a-35e9-4d56-9f5e-104160d51a8d\" href=\"https:\/\/lopezdearenas.org\/inicio\/blog\/wp-content\/uploads\/2025\/04\/14_RA-Y-CE-MODULO-440-TRATAMIENTO-INFORMATICO-DE-LA-INFORMACION-24.25.pdf\">14_RA Y CE MODULO 440 TRATAMIENTO INFORM\u00c1TICO DE LA INFORMACI\u00d3N 24.25<\/a><\/div>\n\n\n\n<div class=\"wp-block-file\"><a id=\"wp-block-file--media-6f563412-abd8-4a4e-857a-c0fc2117aec6\" href=\"https:\/\/lopezdearenas.org\/inicio\/blog\/wp-content\/uploads\/2025\/04\/15_RA-Y-CE-OACV.pdf\">15_RA Y CE OACV<\/a><\/div>\n\n\n\n<div class=\"wp-block-file\"><a id=\"wp-block-file--media-f05194c8-6bb7-471c-837f-a124829c8682\" href=\"https:\/\/lopezdearenas.org\/inicio\/blog\/wp-content\/uploads\/2025\/04\/16_2o-CFGM-GA-EMPRESA-EN-EL-AULA.docx.pdf\">16_2\u00ba CFGM &#8211; GA &#8211; EMPRESA EN EL AULA.docx<\/a><\/div>\n\n\n\n<div class=\"wp-block-file\"><a id=\"wp-block-file--media-929aaaf0-c9ef-4bac-9fd6-d094aabee94b\" href=\"https:\/\/lopezdearenas.org\/inicio\/blog\/wp-content\/uploads\/2025\/04\/17_OARRHH-2o-GM-CRITERIOS-DE-EVALUACION.pdf\">17_OARRHH-2\u00ba GM- CRITERIOS DE EVALUACI\u00d3N<\/a><\/div>\n\n\n\n<div class=\"wp-block-file\"><a id=\"wp-block-file--media-87db798e-3d04-4900-8486-fb11d5a8d1c3\" href=\"https:\/\/lopezdearenas.org\/inicio\/blog\/wp-content\/uploads\/2025\/04\/18_RA-Y-CE-TDC.pdf\">18_RA Y CE TDC<\/a><\/div>\n\n\n\n<div class=\"wp-block-file\"><a id=\"wp-block-file--media-ecc6a6a5-2385-4bea-9e16-ef3e9c9895ce\" href=\"https:\/\/lopezdearenas.org\/inicio\/blog\/wp-content\/uploads\/2025\/04\/19_CE-Y-RA-1o-CFGS-Adminisracion-y-Financas-PIAC.pdf\">19_CE Y RA 1\u00ba CFGS Adminisraci\u00f3n y Financas PIAC<\/a><\/div>\n\n\n\n<div class=\"wp-block-file\"><a id=\"wp-block-file--media-fa33960d-d551-4993-93bb-c45638bd5499\" href=\"https:\/\/lopezdearenas.org\/inicio\/blog\/wp-content\/uploads\/2025\/04\/20_RA-Y-CE-1o-CFGS-Administracion-y-Finanzas-GDJE.pdf\">20_RA Y CE  1\u00ba CFGS Administraci\u00f3n y Finanzas GDJE<\/a><\/div>\n\n\n\n<div class=\"wp-block-file\"><a id=\"wp-block-file--media-44c309b9-27c2-4386-ab1b-209badca1fc3\" href=\"https:\/\/lopezdearenas.org\/inicio\/blog\/wp-content\/uploads\/2025\/04\/21_RA-Y-CE-0649-OPI-ADMON-Y-FINANZAS.pdf\">21_RA Y CE 0649 OPI ADM\u00d3N Y FINANZAS<\/a><\/div>\n\n\n\n<div class=\"wp-block-file\"><a id=\"wp-block-file--media-f6ed7d21-90bf-4d7e-a991-eeb54cc5f086\" href=\"https:\/\/lopezdearenas.org\/inicio\/blog\/wp-content\/uploads\/2025\/04\/22_RA-Y-CE-COMUNICACION-Y-ATENCION-AL-CLIENTE-AFI.pdf\">22_RA Y CE COMUNICACI\u00d3N Y ATENCI\u00d3N AL CLIENTE AFI<\/a><\/div>\n\n\n\n<div class=\"wp-block-file\"><a id=\"wp-block-file--media-465bf3b9-d705-41c3-a45c-b4e8e3116bd3\" href=\"https:\/\/lopezdearenas.org\/inicio\/blog\/wp-content\/uploads\/2025\/04\/23_RA-Y-CE-DIGITALIZACION-APLICADA-A-LOS-SECTORES-PRODUCTIVOS.docx.pdf\">23_RA Y CE DIGITALIZACI\u00d3N APLICADA A LOS SECTORES PRODUCTIVOS.docx<\/a><\/div>\n\n\n\n<div class=\"wp-block-file\"><a id=\"wp-block-file--media-a3215863-c04a-42d1-a85a-df0d8c182be3\" href=\"https:\/\/lopezdearenas.org\/inicio\/blog\/wp-content\/uploads\/2025\/04\/24_RA-Y-CE-Itinerario-I-GM-y-GS.pdf\">24_RA Y CE Itinerario I (GM y GS)<\/a><\/div>\n\n\n\n<div class=\"wp-block-file\"><a id=\"wp-block-file--media-37c0b957-a40e-48a0-86f0-c868dd0e91a6\" href=\"https:\/\/lopezdearenas.org\/inicio\/blog\/wp-content\/uploads\/2025\/04\/25_RA-Y-CE-RRHH-Y-RSC.pdf\">25_RA Y CE RRHH Y RSC<\/a><\/div>\n\n\n\n<div class=\"wp-block-file\"><a id=\"wp-block-file--media-afa41ee0-62d4-4a9b-b983-fadaa52aee09\" href=\"https:\/\/lopezdearenas.org\/inicio\/blog\/wp-content\/uploads\/2025\/04\/26_RA-Y-CESOSTENIBILIDAD-APLICADA-AL-SISTEMA-PRODUCTIVO.docx.pdf\">26_RA Y CESOSTENIBILIDAD APLICADA AL SISTEMA PRODUCTIVO.docx<\/a><\/div>\n\n\n\n<div class=\"wp-block-file\"><a id=\"wp-block-file--media-79e1aeea-b674-4d69-9a5d-22b7cb475043\" href=\"https:\/\/lopezdearenas.org\/inicio\/blog\/wp-content\/uploads\/2025\/04\/27_RA-Y-CE-2o-CFGS-Administracion-y-Finanzas-GF-24-25.pdf\">27_RA Y CE 2\u00ba CFGS Administraci\u00f3n y Finanzas GF 24-25<\/a><\/div>\n\n\n\n<div class=\"wp-block-file\"><a id=\"wp-block-file--media-40dd05db-a018-4205-aa13-f9a7834fb127\" href=\"https:\/\/lopezdearenas.org\/inicio\/blog\/wp-content\/uploads\/2025\/04\/28-RA-Y-CE-CF.pdf\">28-RA Y CE CF<\/a><\/div>\n\n\n\n<div class=\"wp-block-file\"><a id=\"wp-block-file--media-1230d278-de81-4fb1-ad1f-d428f9ead863\" href=\"https:\/\/lopezdearenas.org\/inicio\/blog\/wp-content\/uploads\/2025\/04\/29-RA-Y-CE-LOGISTICA.pdf\">29-RA Y CE LOGISTICA<\/a><\/div>\n\n\n\n<div class=\"wp-block-file\"><a id=\"wp-block-file--media-7f11a4d8-5608-476d-badb-41dfbccefbe1\" href=\"https:\/\/lopezdearenas.org\/inicio\/blog\/wp-content\/uploads\/2025\/04\/30_RA-Y-CE-RRHH-.pdf\">30_RA Y CE RRHH<\/a><\/div>\n\n\n\n<div class=\"wp-block-file\"><a id=\"wp-block-file--media-8933109e-af80-43c4-a61d-ce15265b1ebe\" href=\"https:\/\/lopezdearenas.org\/inicio\/blog\/wp-content\/uploads\/2025\/04\/31_RA-Y-CE-SIMULACION-EMPRESARIAL.pdf\">31_RA Y CE SIMULACI\u00d3N EMPRESARIAL<\/a><\/div>\n\n\n\n<div class=\"wp-block-file\"><a id=\"wp-block-file--media-37c39606-80c0-468e-9b11-ae5c542cb6cd\" href=\"https:\/\/lopezdearenas.org\/inicio\/blog\/wp-content\/uploads\/2025\/04\/32_RA-Y-CE-COMUNICACION-Y-ATENCION-AL-CLIENTE-AFI.pdf\">32_RA Y CE COMUNICACI\u00d3N Y ATENCI\u00d3N AL CLIENTE AFI<\/a><\/div>\n\n\n\n<div class=\"wp-block-file\"><a id=\"wp-block-file--media-c7bb4b42-3b1f-4929-a357-63a43e6d4f5d\" href=\"https:\/\/lopezdearenas.org\/inicio\/blog\/wp-content\/uploads\/2025\/04\/33_RA-Y-CE-DE-DIGITALIZACION.pdf\">33_RA Y CE DE DIGITALIZACI\u00d3N<\/a><\/div>\n\n\n\n<div class=\"wp-block-file\"><a id=\"wp-block-file--media-77dc3eb7-6d20-47a5-a843-8cf9a285fba1\" href=\"https:\/\/lopezdearenas.org\/inicio\/blog\/wp-content\/uploads\/2025\/04\/34-RA-Y-CE-DE-PIAC.pdf\">34-RA Y CE DE PIAC<\/a><\/div>\n\n\n\n<div class=\"wp-block-file\"><a id=\"wp-block-file--media-1e59ee69-81b5-4917-83bb-02cd6ae0988c\" href=\"https:\/\/lopezdearenas.org\/inicio\/blog\/wp-content\/uploads\/2025\/04\/35_RA-Y-CE-DE-SOSTENIBILIDAD.pdf\">35_RA Y CE DE SOSTENIBILIDAD<\/a><\/div>\n\n\n\n<div class=\"wp-block-file\"><a id=\"wp-block-file--media-811a7e55-299e-4dcf-a2e2-f0026bb12e88\" href=\"https:\/\/lopezdearenas.org\/inicio\/blog\/wp-content\/uploads\/2025\/04\/36-RA-Y-CE-GDJE.pdf\">36-RA Y CE GDJE<\/a><\/div>\n\n\n\n<div class=\"wp-block-file\"><a id=\"wp-block-file--media-67ba5186-1535-4435-8280-84a7d10acfce\" href=\"https:\/\/lopezdearenas.org\/inicio\/blog\/wp-content\/uploads\/2025\/04\/37_RA-Y-CE-Itinerario-I-GM-y-GS.pdf\">37_RA Y CE Itinerario I (GM y GS)<\/a><\/div>\n\n\n\n<div class=\"wp-block-file\"><a id=\"wp-block-file--media-b24c1f72-c21a-4394-8d56-6d7a97df3dcb\" href=\"https:\/\/lopezdearenas.org\/inicio\/blog\/wp-content\/uploads\/2025\/04\/38-RA-Y-CE-MODULO-0469-OPI.-ASISTENCIA-A-LA-DIRECCION-.pdf\">38-RA Y CE M\u00d3DULO 0469 OPI. ASISTENCIA A LA DIRECCI\u00d3N<\/a><\/div>\n\n\n\n<div class=\"wp-block-file\"><a id=\"wp-block-file--media-b3aa234e-d41c-4740-97bd-02a6a33b3681\" href=\"https:\/\/lopezdearenas.org\/inicio\/blog\/wp-content\/uploads\/2025\/04\/39_RRHH-1oAD-CRITERIOS-DE-EVALUACION.pdf\">39_RRHH-1\u00baAD- CRITERIOS DE EVALUACION<\/a><\/div>\n\n\n\n<div class=\"wp-block-file\"><a id=\"wp-block-file--media-2ca03322-1fd2-404c-8669-f510d5d3f75b\" href=\"https:\/\/lopezdearenas.org\/inicio\/blog\/wp-content\/uploads\/2025\/04\/40_GAI-2o-ASD-CRITERIOS-EVALUACION.pdf\">40_GAI- 2\u00ba ASD-CRITERIOS EVALUACI\u00d3N<\/a><\/div>\n\n\n\n<div class=\"wp-block-file\"><a id=\"wp-block-file--media-926ded8a-f539-4979-a99d-1b094cba7c12\" href=\"https:\/\/lopezdearenas.org\/inicio\/blog\/wp-content\/uploads\/2025\/04\/41_RA-Y-CE-DE-ORGENIZACION-DE-EVENTOS.pdf\">41_RA Y CE DE ORGENIZACI\u00d3N DE EVENTOS.<\/a><\/div>\n\n\n\n<div class=\"wp-block-file\"><a id=\"wp-block-file--media-6dd8de5b-7ed3-4318-9d89-898ba0729ca6\" href=\"https:\/\/lopezdearenas.org\/inicio\/blog\/wp-content\/uploads\/2025\/04\/42_RA-Y-CE-PE.pdf\">42_RA Y CE PE<\/a><\/div>\n\n\n\n<div class=\"wp-block-file\"><a id=\"wp-block-file--media-c2984c55-eb4d-47c3-a5cf-cc7fd79b1546\" href=\"https:\/\/lopezdearenas.org\/inicio\/blog\/wp-content\/uploads\/2025\/04\/43_Itinerario-I-GM-y-GS.pdf\">43_Itinerario I (GM y GS)<\/a><\/div>\n\n\n\n<div class=\"wp-block-file\"><a id=\"wp-block-file--media-948214a7-56a5-49a7-ab4f-8ae551352e17\" href=\"https:\/\/lopezdearenas.org\/inicio\/blog\/wp-content\/uploads\/2025\/04\/44_Empresa-e-Iniciativa-Emprendedora-2o-pcia.pdf\">44_Empresa e Iniciativa Emprendedora  (2\u00ba pcia)<\/a><\/div>\n\n\n\n<div class=\"wp-block-file\"><a id=\"wp-block-file--media-87924bb1-29fb-474d-bb90-81933ff48d4b\" href=\"https:\/\/lopezdearenas.org\/inicio\/blog\/wp-content\/uploads\/2025\/04\/45_Competencias-especificas-y-criterios-de-evaluacion-CEE-.pdf\">45_Competencias espec\u00edficas y criterios de evaluaci\u00f3n CEE<\/a><\/div>\n\n\n\n<div class=\"wp-block-file\"><a id=\"wp-block-file--media-68915cde-3f23-49f6-8147-60d7e9a4ff42\" href=\"https:\/\/lopezdearenas.org\/inicio\/blog\/wp-content\/uploads\/2025\/04\/46_Competencias-especificas-y-criterios-de-evaluacion-ECO-.pdf\">46_Competencias espec\u00edficas y criterios de evaluaci\u00f3n ECO<\/a><\/div>\n\n\n\n<div class=\"wp-block-file\"><a id=\"wp-block-file--media-6c4f4e5c-f3c5-4210-bda0-fad3209b2ca6\" href=\"https:\/\/lopezdearenas.org\/inicio\/blog\/wp-content\/uploads\/2025\/04\/47_Competencias-especificas-y-criterios-de-evaluacion-EDMN-.pdf\">47_Competencias espec\u00edficas y criterios de evaluaci\u00f3n EDMN<\/a><\/div>\n\n\n\n<div class=\"wp-block-file\"><a id=\"wp-block-file--media-4734bba4-9746-439b-a643-640bc930b14c\" href=\"https:\/\/lopezdearenas.org\/inicio\/blog\/wp-content\/uploads\/2025\/04\/48_Competencias-especificas-y-criterios-de-evaluacion-EYA.pdf\">48_Competencias espec\u00edficas y criterios de evaluaci\u00f3n EYA<\/a><\/div>\n\n\n\n<div class=\"wp-block-file\"><a id=\"wp-block-file--media-97051d2a-a157-46cb-9672-8b67290f1b89\" href=\"https:\/\/lopezdearenas.org\/inicio\/blog\/wp-content\/uploads\/2025\/04\/49_Competencias-especificas-y-criterios-de-evaluacion-EYE.pdf\">49_Competencias espec\u00edficas y criterios de evaluaci\u00f3n EYE<\/a><\/div>\n\n\n\n<div class=\"wp-block-file\"><a id=\"wp-block-file--media-c6cbc95b-c3c5-4e0f-9d98-88bceac370ac\" href=\"https:\/\/lopezdearenas.org\/inicio\/blog\/wp-content\/uploads\/2025\/04\/50-Competencias-especificas-y-criterios-de-evaluacion-FOPP.pdf\">50-Competencias espec\u00edficas y criterios de evaluaci\u00f3n FOPP<\/a><\/div>\n<\/div>\n\n\n\n<p><\/p>\n","protected":false},"excerpt":{"rendered":"<p>Profesorado: Baco Ru\u00edz, Ana Bel\u00e9n Fern\u00e1ndez Garc\u00eda, Rosal\u00eda Gallardo Lozano, Patricia Garc\u00eda Maqueda, Miriam L\u00f3pez M\u00e1rquez, Marta Mateo Vega, Manuel M\u00e9ndez Garc\u00eda, Blanca Mor\u00f3n Romero, M\u00aa Dolores P\u00e9rez Barrera, Coral Talaver\u00f3n Baco, Margarita Zambrano Gonz\u00e1lez, Juan Antonio (Jefe del Departamento) &hellip; <a href=\"https:\/\/lopezdearenas.org\/inicio\/blog\/departamento-de-administrativo\/\">Sigue leyendo <span class=\"meta-nav\">&rarr;<\/span><\/a><\/p>\n","protected":false},"author":1,"featured_media":0,"parent":0,"menu_order":0,"comment_status":"closed","ping_status":"open","template":"","meta":{"footnotes":""},"class_list":["post-250","page","type-page","status-publish","hentry"],"jetpack_sharing_enabled":false,"_links":{"self":[{"href":"https:\/\/lopezdearenas.org\/inicio\/blog\/wp-json\/wp\/v2\/pages\/250","targetHints":{"allow":["GET"]}}],"collection":[{"href":"https:\/\/lopezdearenas.org\/inicio\/blog\/wp-json\/wp\/v2\/pages"}],"about":[{"href":"https:\/\/lopezdearenas.org\/inicio\/blog\/wp-json\/wp\/v2\/types\/page"}],"author":[{"embeddable":true,"href":"https:\/\/lopezdearenas.org\/inicio\/blog\/wp-json\/wp\/v2\/users\/1"}],"replies":[{"embeddable":true,"href":"https:\/\/lopezdearenas.org\/inicio\/blog\/wp-json\/wp\/v2\/comments?post=250"}],"version-history":[{"count":37,"href":"https:\/\/lopezdearenas.org\/inicio\/blog\/wp-json\/wp\/v2\/pages\/250\/revisions"}],"predecessor-version":[{"id":16857,"href":"https:\/\/lopezdearenas.org\/inicio\/blog\/wp-json\/wp\/v2\/pages\/250\/revisions\/16857"}],"wp:attachment":[{"href":"https:\/\/lopezdearenas.org\/inicio\/blog\/wp-json\/wp\/v2\/media?parent=250"}],"curies":[{"name":"wp","href":"https:\/\/api.w.org\/{rel}","templated":true}]}}