{"id":247,"date":"2013-10-02T16:31:49","date_gmt":"2013-10-02T15:31:49","guid":{"rendered":"http:\/\/lopezdearenas.org\/inicio\/blog\/?page_id=247"},"modified":"2025-12-01T13:15:48","modified_gmt":"2025-12-01T12:15:48","slug":"departamento-de-informatica","status":"publish","type":"page","link":"https:\/\/lopezdearenas.org\/inicio\/blog\/departamento-de-informatica\/","title":{"rendered":"Departamento de Inform\u00e1tica"},"content":{"rendered":"<p><span style=\"color: #008000;\"><strong>Profesorado:<\/strong><\/span><\/p>\n<ul>\n<li>Rodr\u00edguez Aguilera, Juan M. (<strong>Jefe del Departamento<\/strong>)<\/li>\n<\/ul>\n<p><span style=\"color: #008000;\"><strong>Materias<\/strong><\/span>:<\/p>\n<ul>\n<li><span style=\"font-family: 'Arial','sans-serif';\">Tecnolog\u00edas de la Informaci\u00f3n y Comunicaci\u00f3n 1\u00ba Bachillerato<\/span><\/li>\n<li><span style=\"font-family: 'Arial','sans-serif';\">Tecnolog\u00edas de la Informaci\u00f3n y Comunicaci\u00f3n 2\u00ba Bachillerato<\/span><\/li>\n<li>Programaci\u00f3n y computaci\u00f3n 2\u00ba Bachillerato<\/li>\n<\/ul>\n<p><span style=\"color: #008000;\"><strong>Criterios de evaluaci\u00f3n:<\/strong><\/span><\/p>\n\n\n<p><a href=\"https:\/\/lopezdearenas.org\/inicio\/blog\/wp-content\/uploads\/2024\/01\/criterios-evaluacion-Informatica-2023-2024.pdf\">Criterios de evaluaci\u00f3n del Dpto. de Inform\u00e1tica<\/a><\/p>\n\n\n\n<p><\/p>\n","protected":false},"excerpt":{"rendered":"<p>Profesorado: Rodr\u00edguez Aguilera, Juan M. (Jefe del Departamento) Materias: Tecnolog\u00edas de la Informaci\u00f3n y Comunicaci\u00f3n 1\u00ba Bachillerato Tecnolog\u00edas de la Informaci\u00f3n y Comunicaci\u00f3n 2\u00ba Bachillerato Programaci\u00f3n y computaci\u00f3n 2\u00ba Bachillerato Criterios de evaluaci\u00f3n: Criterios de evaluaci\u00f3n del Dpto. de Inform\u00e1tica<\/p>\n","protected":false},"author":1,"featured_media":0,"parent":0,"menu_order":0,"comment_status":"closed","ping_status":"open","template":"","meta":{"footnotes":""},"class_list":["post-247","page","type-page","status-publish","hentry"],"jetpack_sharing_enabled":false,"_links":{"self":[{"href":"https:\/\/lopezdearenas.org\/inicio\/blog\/wp-json\/wp\/v2\/pages\/247","targetHints":{"allow":["GET"]}}],"collection":[{"href":"https:\/\/lopezdearenas.org\/inicio\/blog\/wp-json\/wp\/v2\/pages"}],"about":[{"href":"https:\/\/lopezdearenas.org\/inicio\/blog\/wp-json\/wp\/v2\/types\/page"}],"author":[{"embeddable":true,"href":"https:\/\/lopezdearenas.org\/inicio\/blog\/wp-json\/wp\/v2\/users\/1"}],"replies":[{"embeddable":true,"href":"https:\/\/lopezdearenas.org\/inicio\/blog\/wp-json\/wp\/v2\/comments?post=247"}],"version-history":[{"count":17,"href":"https:\/\/lopezdearenas.org\/inicio\/blog\/wp-json\/wp\/v2\/pages\/247\/revisions"}],"predecessor-version":[{"id":17461,"href":"https:\/\/lopezdearenas.org\/inicio\/blog\/wp-json\/wp\/v2\/pages\/247\/revisions\/17461"}],"wp:attachment":[{"href":"https:\/\/lopezdearenas.org\/inicio\/blog\/wp-json\/wp\/v2\/media?parent=247"}],"curies":[{"name":"wp","href":"https:\/\/api.w.org\/{rel}","templated":true}]}}