{"id":243,"date":"2013-10-02T16:23:40","date_gmt":"2013-10-02T15:23:40","guid":{"rendered":"http:\/\/lopezdearenas.org\/inicio\/blog\/?page_id=243"},"modified":"2025-11-19T13:54:43","modified_gmt":"2025-11-19T12:54:43","slug":"departamento-de-educacion-fisica","status":"publish","type":"page","link":"https:\/\/lopezdearenas.org\/inicio\/blog\/departamento-de-educacion-fisica\/","title":{"rendered":"Departamento de Educaci\u00f3n F\u00edsica"},"content":{"rendered":"<p><strong><span style=\"color: #008000;\">Profesorado:<\/span><\/strong><\/p>\n<p>Barredo Acedo, F\u00e9lix (Jefe del Departamento)<\/p>\n<p><span data-sheets-root=\"1\">Cu\u00e9llar Ramos, Andr\u00e9s<\/span><\/p>\n<p>G\u00f3mez Garc\u00eda, Iv\u00e1n<\/p>\n<p><span style=\"color: #008000;\"><strong>Materias:<\/strong><\/span><\/p>\n<p>Educaci\u00f3n F\u00edsica\u00a0 1\u00ba ESO<\/p>\n<p>Educaci\u00f3n F\u00edsica\u00a0 2\u00ba ESO<\/p>\n<p>Educaci\u00f3n F\u00edsica\u00a0 3\u00ba ESO<\/p>\n<p>Educaci\u00f3n F\u00edsica\u00a0 4\u00ba ESO<\/p>\n<p>Educaci\u00f3n F\u00edsica\u00a0 1\u00ba Bachillerato<\/p>\n<p>Educaci\u00f3n F\u00edsica\u00a0 2\u00ba Bachillerato<\/p>\n<p><span style=\"color: #008000;\"><strong>Criterios de evaluaci\u00f3n:<\/strong><\/span><\/p>\n\n\n<p><a href=\"https:\/\/lopezdearenas.org\/inicio\/blog\/wp-content\/uploads\/2024\/01\/CRITERIOS-DE-EVALUACION-1.pdf\">Criterios de evaluaci\u00f3n del Dpto. de Educaci\u00f3n F\u00edsica<\/a><\/p>\n","protected":false},"excerpt":{"rendered":"<p>Profesorado: Barredo Acedo, F\u00e9lix (Jefe del Departamento) Cu\u00e9llar Ramos, Andr\u00e9s G\u00f3mez Garc\u00eda, Iv\u00e1n Materias: Educaci\u00f3n F\u00edsica\u00a0 1\u00ba ESO Educaci\u00f3n F\u00edsica\u00a0 2\u00ba ESO Educaci\u00f3n F\u00edsica\u00a0 3\u00ba ESO Educaci\u00f3n F\u00edsica\u00a0 4\u00ba ESO Educaci\u00f3n F\u00edsica\u00a0 1\u00ba Bachillerato Educaci\u00f3n F\u00edsica\u00a0 2\u00ba Bachillerato Criterios de &hellip; <a href=\"https:\/\/lopezdearenas.org\/inicio\/blog\/departamento-de-educacion-fisica\/\">Sigue leyendo <span class=\"meta-nav\">&rarr;<\/span><\/a><\/p>\n","protected":false},"author":1,"featured_media":0,"parent":0,"menu_order":0,"comment_status":"closed","ping_status":"open","template":"","meta":{"footnotes":""},"class_list":["post-243","page","type-page","status-publish","hentry"],"jetpack_sharing_enabled":false,"_links":{"self":[{"href":"https:\/\/lopezdearenas.org\/inicio\/blog\/wp-json\/wp\/v2\/pages\/243","targetHints":{"allow":["GET"]}}],"collection":[{"href":"https:\/\/lopezdearenas.org\/inicio\/blog\/wp-json\/wp\/v2\/pages"}],"about":[{"href":"https:\/\/lopezdearenas.org\/inicio\/blog\/wp-json\/wp\/v2\/types\/page"}],"author":[{"embeddable":true,"href":"https:\/\/lopezdearenas.org\/inicio\/blog\/wp-json\/wp\/v2\/users\/1"}],"replies":[{"embeddable":true,"href":"https:\/\/lopezdearenas.org\/inicio\/blog\/wp-json\/wp\/v2\/comments?post=243"}],"version-history":[{"count":17,"href":"https:\/\/lopezdearenas.org\/inicio\/blog\/wp-json\/wp\/v2\/pages\/243\/revisions"}],"predecessor-version":[{"id":17361,"href":"https:\/\/lopezdearenas.org\/inicio\/blog\/wp-json\/wp\/v2\/pages\/243\/revisions\/17361"}],"wp:attachment":[{"href":"https:\/\/lopezdearenas.org\/inicio\/blog\/wp-json\/wp\/v2\/media?parent=243"}],"curies":[{"name":"wp","href":"https:\/\/api.w.org\/{rel}","templated":true}]}}