{"id":2037,"date":"2015-05-05T12:53:19","date_gmt":"2015-05-05T11:53:19","guid":{"rendered":"http:\/\/lopezdearenas.org\/inicio\/blog\/?page_id=2037"},"modified":"2015-05-05T12:53:19","modified_gmt":"2015-05-05T11:53:19","slug":"empresas-colaboradoras","status":"publish","type":"page","link":"https:\/\/lopezdearenas.org\/inicio\/blog\/empresas-colaboradoras\/","title":{"rendered":"Empresas colaboradoras"},"content":{"rendered":"<p>Todos los a\u00f1os, los ciclos formativos del I.E.S. L\u00f3pez de Arenas desarrollan las pr\u00e1cticas en empresas de nuestra localidad a las cuales deseamos agradecerles su colaboraci\u00f3n.<\/p>\n<p><img loading=\"lazy\" decoding=\"async\" class=\"aligncenter size-medium wp-image-2038\" src=\"http:\/\/lopezdearenas.org\/inicio\/blog\/wp-content\/uploads\/2015\/05\/ALVAREZYMAQUEDA-300x93.jpg\" alt=\"ALVAREZYMAQUEDA\" width=\"300\" height=\"93\" srcset=\"https:\/\/lopezdearenas.org\/inicio\/blog\/wp-content\/uploads\/2015\/05\/ALVAREZYMAQUEDA-300x93.jpg 300w, https:\/\/lopezdearenas.org\/inicio\/blog\/wp-content\/uploads\/2015\/05\/ALVAREZYMAQUEDA-1024x318.jpg 1024w, https:\/\/lopezdearenas.org\/inicio\/blog\/wp-content\/uploads\/2015\/05\/ALVAREZYMAQUEDA-500x155.jpg 500w\" sizes=\"auto, (max-width: 300px) 100vw, 300px\" \/> <img loading=\"lazy\" decoding=\"async\" class=\"aligncenter size-medium wp-image-2039\" src=\"http:\/\/lopezdearenas.org\/inicio\/blog\/wp-content\/uploads\/2015\/05\/CORTES-ASESORES-182x300.jpg\" alt=\"CORTES ASESORES\" width=\"182\" height=\"300\" srcset=\"https:\/\/lopezdearenas.org\/inicio\/blog\/wp-content\/uploads\/2015\/05\/CORTES-ASESORES-182x300.jpg 182w, https:\/\/lopezdearenas.org\/inicio\/blog\/wp-content\/uploads\/2015\/05\/CORTES-ASESORES-623x1024.jpg 623w, https:\/\/lopezdearenas.org\/inicio\/blog\/wp-content\/uploads\/2015\/05\/CORTES-ASESORES.jpg 1080w\" sizes=\"auto, (max-width: 182px) 100vw, 182px\" \/> <img loading=\"lazy\" decoding=\"async\" class=\"aligncenter size-medium wp-image-2040\" src=\"http:\/\/lopezdearenas.org\/inicio\/blog\/wp-content\/uploads\/2015\/05\/GRUPO-LECRU-300x152.jpg\" alt=\"GRUPO LECRU\" width=\"300\" height=\"152\" srcset=\"https:\/\/lopezdearenas.org\/inicio\/blog\/wp-content\/uploads\/2015\/05\/GRUPO-LECRU-300x152.jpg 300w, https:\/\/lopezdearenas.org\/inicio\/blog\/wp-content\/uploads\/2015\/05\/GRUPO-LECRU-1024x520.jpg 1024w, https:\/\/lopezdearenas.org\/inicio\/blog\/wp-content\/uploads\/2015\/05\/GRUPO-LECRU-500x254.jpg 500w, https:\/\/lopezdearenas.org\/inicio\/blog\/wp-content\/uploads\/2015\/05\/GRUPO-LECRU.jpg 1624w\" sizes=\"auto, (max-width: 300px) 100vw, 300px\" \/> <img loading=\"lazy\" decoding=\"async\" class=\"aligncenter size-medium wp-image-2041\" src=\"http:\/\/lopezdearenas.org\/inicio\/blog\/wp-content\/uploads\/2015\/05\/HORTOFRUTICOLAMARTIA-300x187.jpg\" alt=\"HORTOFRUTICOLAMARTIA\" width=\"300\" height=\"187\" srcset=\"https:\/\/lopezdearenas.org\/inicio\/blog\/wp-content\/uploads\/2015\/05\/HORTOFRUTICOLAMARTIA-300x187.jpg 300w, https:\/\/lopezdearenas.org\/inicio\/blog\/wp-content\/uploads\/2015\/05\/HORTOFRUTICOLAMARTIA-481x300.jpg 481w, https:\/\/lopezdearenas.org\/inicio\/blog\/wp-content\/uploads\/2015\/05\/HORTOFRUTICOLAMARTIA.jpg 672w\" sizes=\"auto, (max-width: 300px) 100vw, 300px\" \/> <img loading=\"lazy\" decoding=\"async\" class=\"aligncenter size-medium wp-image-2042\" src=\"http:\/\/lopezdearenas.org\/inicio\/blog\/wp-content\/uploads\/2015\/05\/Logo-X.-Fixeda-300x85.gif\" alt=\"Logo X. Fixeda\" width=\"300\" height=\"85\" srcset=\"https:\/\/lopezdearenas.org\/inicio\/blog\/wp-content\/uploads\/2015\/05\/Logo-X.-Fixeda-300x85.gif 300w, https:\/\/lopezdearenas.org\/inicio\/blog\/wp-content\/uploads\/2015\/05\/Logo-X.-Fixeda-1024x289.gif 1024w, https:\/\/lopezdearenas.org\/inicio\/blog\/wp-content\/uploads\/2015\/05\/Logo-X.-Fixeda-1000x288.gif 1000w, https:\/\/lopezdearenas.org\/inicio\/blog\/wp-content\/uploads\/2015\/05\/Logo-X.-Fixeda-500x141.gif 500w\" sizes=\"auto, (max-width: 300px) 100vw, 300px\" \/> <img loading=\"lazy\" decoding=\"async\" class=\"aligncenter size-medium wp-image-2043\" src=\"http:\/\/lopezdearenas.org\/inicio\/blog\/wp-content\/uploads\/2015\/05\/LogoCilpe05-300x125.jpg\" alt=\"LogoCilpe05\" width=\"300\" height=\"125\" srcset=\"https:\/\/lopezdearenas.org\/inicio\/blog\/wp-content\/uploads\/2015\/05\/LogoCilpe05-300x125.jpg 300w, https:\/\/lopezdearenas.org\/inicio\/blog\/wp-content\/uploads\/2015\/05\/LogoCilpe05-500x208.jpg 500w, https:\/\/lopezdearenas.org\/inicio\/blog\/wp-content\/uploads\/2015\/05\/LogoCilpe05.jpg 827w\" sizes=\"auto, (max-width: 300px) 100vw, 300px\" \/> <img loading=\"lazy\" decoding=\"async\" class=\"aligncenter size-medium wp-image-2044\" src=\"http:\/\/lopezdearenas.org\/inicio\/blog\/wp-content\/uploads\/2015\/05\/logoCORTESASESORES-300x71.png\" alt=\"logoCORTESASESORES\" width=\"300\" height=\"71\" srcset=\"https:\/\/lopezdearenas.org\/inicio\/blog\/wp-content\/uploads\/2015\/05\/logoCORTESASESORES-300x71.png 300w, https:\/\/lopezdearenas.org\/inicio\/blog\/wp-content\/uploads\/2015\/05\/logoCORTESASESORES-1024x243.png 1024w, https:\/\/lopezdearenas.org\/inicio\/blog\/wp-content\/uploads\/2015\/05\/logoCORTESASESORES-500x118.png 500w, https:\/\/lopezdearenas.org\/inicio\/blog\/wp-content\/uploads\/2015\/05\/logoCORTESASESORES.png 1262w\" sizes=\"auto, (max-width: 300px) 100vw, 300px\" \/> <img loading=\"lazy\" decoding=\"async\" class=\"aligncenter size-medium wp-image-2045\" src=\"http:\/\/lopezdearenas.org\/inicio\/blog\/wp-content\/uploads\/2015\/05\/MACELCA-300x88.jpg\" alt=\"MACELCA\" width=\"300\" height=\"88\" srcset=\"https:\/\/lopezdearenas.org\/inicio\/blog\/wp-content\/uploads\/2015\/05\/MACELCA-300x88.jpg 300w, https:\/\/lopezdearenas.org\/inicio\/blog\/wp-content\/uploads\/2015\/05\/MACELCA.jpg 414w\" sizes=\"auto, (max-width: 300px) 100vw, 300px\" \/> <img loading=\"lazy\" decoding=\"async\" class=\"aligncenter size-medium wp-image-2046\" src=\"http:\/\/lopezdearenas.org\/inicio\/blog\/wp-content\/uploads\/2015\/05\/MATARILE.jpg\" alt=\"MATARILE\" width=\"255\" height=\"133\" \/> <img loading=\"lazy\" decoding=\"async\" class=\"aligncenter size-medium wp-image-2047\" src=\"http:\/\/lopezdearenas.org\/inicio\/blog\/wp-content\/uploads\/2015\/05\/MULTIGESTI\u2021N-SUR-300x41.jpg\" alt=\"MULTIGESTI\u2021N SUR\" width=\"300\" height=\"41\" srcset=\"https:\/\/lopezdearenas.org\/inicio\/blog\/wp-content\/uploads\/2015\/05\/MULTIGESTI\u2021N-SUR-300x41.jpg 300w, https:\/\/lopezdearenas.org\/inicio\/blog\/wp-content\/uploads\/2015\/05\/MULTIGESTI\u2021N-SUR.jpg 322w\" sizes=\"auto, (max-width: 300px) 100vw, 300px\" \/> <img loading=\"lazy\" decoding=\"async\" class=\"aligncenter size-medium wp-image-2048\" src=\"http:\/\/lopezdearenas.org\/inicio\/blog\/wp-content\/uploads\/2015\/05\/NOBLEMIX.jpg\" alt=\"NOBLEMIX\" width=\"247\" height=\"176\" \/> <img loading=\"lazy\" decoding=\"async\" class=\"aligncenter size-medium wp-image-2049\" src=\"http:\/\/lopezdearenas.org\/inicio\/blog\/wp-content\/uploads\/2015\/05\/PC-Asesores.-300x211.jpg\" alt=\"PC Asesores.\" width=\"300\" height=\"211\" srcset=\"https:\/\/lopezdearenas.org\/inicio\/blog\/wp-content\/uploads\/2015\/05\/PC-Asesores.-300x211.jpg 300w, https:\/\/lopezdearenas.org\/inicio\/blog\/wp-content\/uploads\/2015\/05\/PC-Asesores.-426x300.jpg 426w, https:\/\/lopezdearenas.org\/inicio\/blog\/wp-content\/uploads\/2015\/05\/PC-Asesores..jpg 985w\" sizes=\"auto, (max-width: 300px) 100vw, 300px\" \/> <img loading=\"lazy\" decoding=\"async\" class=\"aligncenter size-medium wp-image-2050\" src=\"http:\/\/lopezdearenas.org\/inicio\/blog\/wp-content\/uploads\/2015\/05\/PEPEMATEGA-300x197.jpg\" alt=\"PEPEMATEGA\" width=\"300\" height=\"197\" srcset=\"https:\/\/lopezdearenas.org\/inicio\/blog\/wp-content\/uploads\/2015\/05\/PEPEMATEGA-300x197.jpg 300w, https:\/\/lopezdearenas.org\/inicio\/blog\/wp-content\/uploads\/2015\/05\/PEPEMATEGA-457x300.jpg 457w, https:\/\/lopezdearenas.org\/inicio\/blog\/wp-content\/uploads\/2015\/05\/PEPEMATEGA.jpg 480w\" sizes=\"auto, (max-width: 300px) 100vw, 300px\" \/> <img loading=\"lazy\" decoding=\"async\" class=\"aligncenter size-medium wp-image-2051\" src=\"http:\/\/lopezdearenas.org\/inicio\/blog\/wp-content\/uploads\/2015\/05\/Procavi.jpg\" alt=\"Procavi\" width=\"137\" height=\"90\" \/><img loading=\"lazy\" decoding=\"async\" class=\"aligncenter size-medium wp-image-2052\" src=\"http:\/\/lopezdearenas.org\/inicio\/blog\/wp-content\/uploads\/2015\/05\/Seanto-300x212.jpg\" alt=\"Seanto\" width=\"300\" height=\"212\" srcset=\"https:\/\/lopezdearenas.org\/inicio\/blog\/wp-content\/uploads\/2015\/05\/Seanto-300x212.jpg 300w, https:\/\/lopezdearenas.org\/inicio\/blog\/wp-content\/uploads\/2015\/05\/Seanto-1024x723.jpg 1024w, https:\/\/lopezdearenas.org\/inicio\/blog\/wp-content\/uploads\/2015\/05\/Seanto-425x300.jpg 425w, https:\/\/lopezdearenas.org\/inicio\/blog\/wp-content\/uploads\/2015\/05\/Seanto.jpg 1754w\" sizes=\"auto, (max-width: 300px) 100vw, 300px\" \/><\/p>\n","protected":false},"excerpt":{"rendered":"<p>Todos los a\u00f1os, los ciclos formativos del I.E.S. L\u00f3pez de Arenas desarrollan las pr\u00e1cticas en empresas de nuestra localidad a las cuales deseamos agradecerles su colaboraci\u00f3n.<\/p>\n","protected":false},"author":1,"featured_media":0,"parent":0,"menu_order":0,"comment_status":"open","ping_status":"open","template":"","meta":{"footnotes":""},"class_list":["post-2037","page","type-page","status-publish","hentry"],"jetpack_sharing_enabled":true,"_links":{"self":[{"href":"https:\/\/lopezdearenas.org\/inicio\/blog\/wp-json\/wp\/v2\/pages\/2037","targetHints":{"allow":["GET"]}}],"collection":[{"href":"https:\/\/lopezdearenas.org\/inicio\/blog\/wp-json\/wp\/v2\/pages"}],"about":[{"href":"https:\/\/lopezdearenas.org\/inicio\/blog\/wp-json\/wp\/v2\/types\/page"}],"author":[{"embeddable":true,"href":"https:\/\/lopezdearenas.org\/inicio\/blog\/wp-json\/wp\/v2\/users\/1"}],"replies":[{"embeddable":true,"href":"https:\/\/lopezdearenas.org\/inicio\/blog\/wp-json\/wp\/v2\/comments?post=2037"}],"version-history":[{"count":1,"href":"https:\/\/lopezdearenas.org\/inicio\/blog\/wp-json\/wp\/v2\/pages\/2037\/revisions"}],"predecessor-version":[{"id":2053,"href":"https:\/\/lopezdearenas.org\/inicio\/blog\/wp-json\/wp\/v2\/pages\/2037\/revisions\/2053"}],"wp:attachment":[{"href":"https:\/\/lopezdearenas.org\/inicio\/blog\/wp-json\/wp\/v2\/media?parent=2037"}],"curies":[{"name":"wp","href":"https:\/\/api.w.org\/{rel}","templated":true}]}}