{"id":2,"date":"2013-05-17T02:39:46","date_gmt":"2013-05-17T02:39:46","guid":{"rendered":"http:\/\/lopezdearenas.org\/inicio\/blog\/?page_id=2"},"modified":"2018-11-28T11:05:45","modified_gmt":"2018-11-28T10:05:45","slug":"pagina-ejemplo","status":"publish","type":"page","link":"https:\/\/lopezdearenas.org\/inicio\/blog\/pagina-ejemplo\/","title":{"rendered":"Saludo del Director"},"content":{"rendered":"\n<figure class=\"wp-block-image\"><img loading=\"lazy\" decoding=\"async\" width=\"1200\" height=\"900\" src=\"https:\/\/lopezdearenas.org\/inicio\/blog\/wp-content\/uploads\/2018\/11\/director-web.jpg\" alt=\"\" class=\"wp-image-6933\" srcset=\"https:\/\/lopezdearenas.org\/inicio\/blog\/wp-content\/uploads\/2018\/11\/director-web.jpg 1200w, https:\/\/lopezdearenas.org\/inicio\/blog\/wp-content\/uploads\/2018\/11\/director-web-300x225.jpg 300w, https:\/\/lopezdearenas.org\/inicio\/blog\/wp-content\/uploads\/2018\/11\/director-web-768x576.jpg 768w, https:\/\/lopezdearenas.org\/inicio\/blog\/wp-content\/uploads\/2018\/11\/director-web-1024x768.jpg 1024w, https:\/\/lopezdearenas.org\/inicio\/blog\/wp-content\/uploads\/2018\/11\/director-web-400x300.jpg 400w\" sizes=\"auto, (max-width: 1200px) 100vw, 1200px\" \/><\/figure>\n\n\n<p>Quiero dar la bienvenida en nombre de la Comunidad Educativa del IES L\u00f3pez de Arenas, a todos nuestros alumnos, en especial a los que se han matriculado por primera vez, y agradecer a todos ellos y a sus familias que hayan depositado su confianza en nuestro Centro para&nbsp; su formaci\u00f3n y educaci\u00f3n.<\/p>\n<p>El IES L\u00f3pez de Arenas tiene una experiencia de casi 50 a\u00f1os en educaci\u00f3n, durante los cuales ha sido un referente educativo y cultural de nuestra comarca, en los primeros a\u00f1os como centro de Formaci\u00f3n Profesional y desde el a\u00f1o 1997 como centro donde se imparte E.S.O., Bachillerato y Ciclos Formativos. De nuestro centro han salido y contin\u00faan saliendo profesionales destacados en el \u00e1mbito tecnol\u00f3gico, econ\u00f3mico, acad\u00e9mico, empresarial y pol\u00edtico.<\/p>\n<p>El centro que tengo el honor de dirigir, cuenta con una amplia oferta educativa y unas excelentes instalaciones que continuamente nos esforzamos por mejorar. Esto &nbsp;unido a la profesionalidad del profesorado, la implicaci\u00f3n de las madres y padres de nuestros alumnos\/as, el compromiso del Equipo Directivo, y sobre todo al esfuerzo, trabajo y estudio de nuestro alumnado, &nbsp;hacen que nuestro instituto re\u00fana las condiciones \u00f3ptimas para &nbsp;formar a los ciudadanos y profesionales del ma\u00f1ana. Apostamos para ello, por una educaci\u00f3n capaz de sacar lo mejor de cada alumno\/a, una educaci\u00f3n innovadora y llena de valores, que genere ciudadanos creativos, aut\u00f3nomos, competentes y comprometidos con la sociedad. Para conseguir este objetivo se necesita la m\u00e1xima colaboraci\u00f3n, entre todos conseguiremos mejorar d\u00eda a d\u00eda la calidad de la ense\u00f1anza y crear un futuro mejor. Os invito pues a participar en esta comunidad y en este proyecto, en el que pondr\u00e9 toda mi ilusi\u00f3n y esfuerzos.<\/p>\n<p>Sin m\u00e1s agradecer su visita a nuestra p\u00e1gina web, esperando que esta sea un veh\u00edculo de comunicaci\u00f3n eficaz para toda la Comunidad Educativa y para aquellas personas que quieran conocernos.<\/p>\n<p>Reciba un cordial saludo.<\/p>\n<p style=\"text-align: right;\">D. Juan Miguel Borrego Mart\u00edn<br>Director del I.E.S. L\u00f3pez de Arenas<\/p>","protected":false},"excerpt":{"rendered":"<p>Quiero dar la bienvenida en nombre de la Comunidad Educativa del IES L\u00f3pez de Arenas, a todos nuestros alumnos, en especial a los que se han matriculado por primera vez, y agradecer a todos ellos y a sus familias que &hellip; <a href=\"https:\/\/lopezdearenas.org\/inicio\/blog\/pagina-ejemplo\/\">Sigue leyendo <span class=\"meta-nav\">&rarr;<\/span><\/a><\/p>\n","protected":false},"author":1,"featured_media":0,"parent":0,"menu_order":0,"comment_status":"closed","ping_status":"open","template":"sidebar-page.php","meta":{"footnotes":""},"class_list":["post-2","page","type-page","status-publish","hentry"],"jetpack_sharing_enabled":true,"_links":{"self":[{"href":"https:\/\/lopezdearenas.org\/inicio\/blog\/wp-json\/wp\/v2\/pages\/2","targetHints":{"allow":["GET"]}}],"collection":[{"href":"https:\/\/lopezdearenas.org\/inicio\/blog\/wp-json\/wp\/v2\/pages"}],"about":[{"href":"https:\/\/lopezdearenas.org\/inicio\/blog\/wp-json\/wp\/v2\/types\/page"}],"author":[{"embeddable":true,"href":"https:\/\/lopezdearenas.org\/inicio\/blog\/wp-json\/wp\/v2\/users\/1"}],"replies":[{"embeddable":true,"href":"https:\/\/lopezdearenas.org\/inicio\/blog\/wp-json\/wp\/v2\/comments?post=2"}],"version-history":[{"count":10,"href":"https:\/\/lopezdearenas.org\/inicio\/blog\/wp-json\/wp\/v2\/pages\/2\/revisions"}],"predecessor-version":[{"id":6935,"href":"https:\/\/lopezdearenas.org\/inicio\/blog\/wp-json\/wp\/v2\/pages\/2\/revisions\/6935"}],"wp:attachment":[{"href":"https:\/\/lopezdearenas.org\/inicio\/blog\/wp-json\/wp\/v2\/media?parent=2"}],"curies":[{"name":"wp","href":"https:\/\/api.w.org\/{rel}","templated":true}]}}