{"id":10792,"date":"2021-10-14T11:06:00","date_gmt":"2021-10-14T10:06:00","guid":{"rendered":"https:\/\/lopezdearenas.org\/inicio\/blog\/?page_id=10792"},"modified":"2022-05-09T21:15:04","modified_gmt":"2022-05-09T20:15:04","slug":"auxiliares-de-conversacion","status":"publish","type":"page","link":"https:\/\/lopezdearenas.org\/inicio\/blog\/auxiliares-de-conversacion\/","title":{"rendered":"Auxiliares de Conversaci\u00f3n"},"content":{"rendered":"\n<div class=\"wp-block-image\"><figure class=\"aligncenter size-full\"><img loading=\"lazy\" decoding=\"async\" width=\"640\" height=\"244\" src=\"https:\/\/lopezdearenas.org\/inicio\/blog\/wp-content\/uploads\/2022\/05\/fse-asmce.webp\" alt=\"\" class=\"wp-image-10793\" srcset=\"https:\/\/lopezdearenas.org\/inicio\/blog\/wp-content\/uploads\/2022\/05\/fse-asmce.webp 640w, https:\/\/lopezdearenas.org\/inicio\/blog\/wp-content\/uploads\/2022\/05\/fse-asmce-300x114.webp 300w, https:\/\/lopezdearenas.org\/inicio\/blog\/wp-content\/uploads\/2022\/05\/fse-asmce-500x191.webp 500w\" sizes=\"auto, (max-width: 640px) 100vw, 640px\" \/><\/figure><\/div>\n\n\n\n<p>En el IES L\u00f3pez de Arenas, todas las l\u00edneas de ESO son biling\u00fces, disponiendo de un departamento espec\u00edfico de Biling\u00fcismo, as\u00ed como de auxiliares de conversaci\u00f3n para que nuestro alumnado pueda conversar con personas de habla inglesa.<\/p>\n\n\n\n<p>El programa de auxiliares de conversaci\u00f3n est\u00e1 cofinanciado con cargo al Fondo Social Europeo.<\/p>\n\n\n\n<div class=\"wp-block-image\"><figure class=\"aligncenter size-full is-resized\"><img loading=\"lazy\" decoding=\"async\" src=\"https:\/\/lopezdearenas.org\/inicio\/blog\/wp-content\/uploads\/2022\/05\/logo-web-edited.jpg\" alt=\"\" class=\"wp-image-10794\" width=\"299\" height=\"163\" srcset=\"https:\/\/lopezdearenas.org\/inicio\/blog\/wp-content\/uploads\/2022\/05\/logo-web-edited.jpg 500w, https:\/\/lopezdearenas.org\/inicio\/blog\/wp-content\/uploads\/2022\/05\/logo-web-edited-300x163.jpg 300w\" sizes=\"auto, (max-width: 299px) 100vw, 299px\" \/><\/figure><\/div>\n","protected":false},"excerpt":{"rendered":"<p>En el IES L\u00f3pez de Arenas, todas las l\u00edneas de ESO son biling\u00fces, disponiendo de un departamento espec\u00edfico de Biling\u00fcismo, as\u00ed como de auxiliares de conversaci\u00f3n para que nuestro alumnado pueda conversar con personas de habla inglesa. El programa de &hellip; <a href=\"https:\/\/lopezdearenas.org\/inicio\/blog\/auxiliares-de-conversacion\/\">Sigue leyendo <span class=\"meta-nav\">&rarr;<\/span><\/a><\/p>\n","protected":false},"author":1,"featured_media":0,"parent":0,"menu_order":0,"comment_status":"closed","ping_status":"closed","template":"","meta":{"footnotes":""},"class_list":["post-10792","page","type-page","status-publish","hentry"],"jetpack_sharing_enabled":true,"_links":{"self":[{"href":"https:\/\/lopezdearenas.org\/inicio\/blog\/wp-json\/wp\/v2\/pages\/10792","targetHints":{"allow":["GET"]}}],"collection":[{"href":"https:\/\/lopezdearenas.org\/inicio\/blog\/wp-json\/wp\/v2\/pages"}],"about":[{"href":"https:\/\/lopezdearenas.org\/inicio\/blog\/wp-json\/wp\/v2\/types\/page"}],"author":[{"embeddable":true,"href":"https:\/\/lopezdearenas.org\/inicio\/blog\/wp-json\/wp\/v2\/users\/1"}],"replies":[{"embeddable":true,"href":"https:\/\/lopezdearenas.org\/inicio\/blog\/wp-json\/wp\/v2\/comments?post=10792"}],"version-history":[{"count":1,"href":"https:\/\/lopezdearenas.org\/inicio\/blog\/wp-json\/wp\/v2\/pages\/10792\/revisions"}],"predecessor-version":[{"id":10795,"href":"https:\/\/lopezdearenas.org\/inicio\/blog\/wp-json\/wp\/v2\/pages\/10792\/revisions\/10795"}],"wp:attachment":[{"href":"https:\/\/lopezdearenas.org\/inicio\/blog\/wp-json\/wp\/v2\/media?parent=10792"}],"curies":[{"name":"wp","href":"https:\/\/api.w.org\/{rel}","templated":true}]}}