{"id":10341,"date":"2022-01-30T12:47:28","date_gmt":"2022-01-30T11:47:28","guid":{"rendered":"https:\/\/lopezdearenas.org\/inicio\/blog\/?page_id=10341"},"modified":"2025-04-25T20:33:57","modified_gmt":"2025-04-25T19:33:57","slug":"departamento-de-alimentaria","status":"publish","type":"page","link":"https:\/\/lopezdearenas.org\/inicio\/blog\/departamento-de-alimentaria\/","title":{"rendered":"Departamento de Alimentaria"},"content":{"rendered":"\n<p class=\"has-text-color has-link-color wp-elements-3ce105a0e7806be47758423c1f35bbde\" style=\"color:#211eb6\"><strong><span style=\"text-decoration: underline;\">Profesorado:<\/span><\/strong><\/p>\n\n\n\n<ul class=\"wp-block-list\">\n<li>G\u00f3mez-Casero G\u00f3mez-Casero, Mar\u00eda Teresa<\/li>\n\n\n\n<li>Toledo Lucas, Juan Diego (Jefe del Departamento)<\/li>\n\n\n\n<li>Zayas Barroso, Adela Mar\u00eda<\/li>\n<\/ul>\n\n\n\n<div class=\"wp-block-group has-background is-vertical is-layout-flex wp-container-core-group-is-layout-8cf370e7 wp-block-group-is-layout-flex\" style=\"background-color:#f5f6fa\">\n<p class=\"has-text-color has-link-color wp-elements-3f09e47033e55eb5457caac96fefb179\" style=\"color:#0e62a3\"><strong><span style=\"text-decoration: underline;\">Materias y criterios de evaluaci\u00f3n:<\/span><\/strong><\/p>\n\n\n\n<div class=\"wp-block-file\"><a id=\"wp-block-file--media-a7ac56a4-c8bf-4fc1-a12c-e28a7a20fa13\" href=\"https:\/\/lopezdearenas.org\/inicio\/blog\/wp-content\/uploads\/2025\/04\/01_COMERCIALIZACION-Y-LOGISTICA-EN-LA-INDUSTRIA-ALIMENTARIA.pdf\">01_COMERCIALIZACI\u00d3N Y LOG\u00cdSTICA EN LA INDUSTRIA ALIMENTARIA<\/a><\/div>\n\n\n\n<div class=\"wp-block-file\"><a id=\"wp-block-file--media-82fed08f-0310-4557-81e0-f04f4e781381\" href=\"https:\/\/lopezdearenas.org\/inicio\/blog\/wp-content\/uploads\/2025\/04\/02_Nutricion-y-Seguridad-Alimentaria.pdf\">02_Nutricion y Seguridad Alimentaria<\/a><\/div>\n\n\n\n<div class=\"wp-block-group is-nowrap is-layout-flex wp-container-core-group-is-layout-ad2f72ca wp-block-group-is-layout-flex\">\n<div class=\"wp-block-file\"><a id=\"wp-block-file--media-400df3ff-2ba2-448e-bc62-fe85b484d787\" href=\"https:\/\/lopezdearenas.org\/inicio\/blog\/wp-content\/uploads\/2025\/04\/03_Tecnologia-de-los-Alimentos.pdf\">03_Tecnologia de los Alimentos<\/a><\/div>\n<\/div>\n\n\n\n<div class=\"wp-block-file\"><a id=\"wp-block-file--media-01b87e07-6d78-4e70-8c19-2db37b2e9b7b\" href=\"https:\/\/lopezdearenas.org\/inicio\/blog\/wp-content\/uploads\/2025\/04\/04_Analisis-de-Alimentos.pdf\">04_An\u00e1lisis de Alimentos<\/a><\/div>\n\n\n\n<div class=\"wp-block-file\"><a id=\"wp-block-file--media-b4eb19d7-8f25-43fd-81c3-3a4004ed189e\" href=\"https:\/\/lopezdearenas.org\/inicio\/blog\/wp-content\/uploads\/2025\/04\/05_Biotecnologia-Alimentaria.pdf\">05_Biotecnologia Alimentaria<\/a><\/div>\n\n\n\n<div class=\"wp-block-file\"><a id=\"wp-block-file--media-ebf5d074-94f3-4b1a-8449-6ece48ba6719\" href=\"https:\/\/lopezdearenas.org\/inicio\/blog\/wp-content\/uploads\/2025\/04\/06_Digitalizacion.pdf\">06_Digitalizaci\u00f3n<\/a><\/div>\n\n\n\n<div class=\"wp-block-file\"><a id=\"wp-block-file--media-e34d4030-a15f-460d-83fa-a392d14f09cc\" href=\"https:\/\/lopezdearenas.org\/inicio\/blog\/wp-content\/uploads\/2025\/04\/07_Organizacion-de-la-Produccion-Alimentaria.pdf\">07_Organizacion de la Produccion Alimentaria<\/a><\/div>\n\n\n\n<div class=\"wp-block-file\"><a id=\"wp-block-file--media-a896e2d4-0cbf-45f2-96e3-bf0bf67577b0\" href=\"https:\/\/lopezdearenas.org\/inicio\/blog\/wp-content\/uploads\/2025\/04\/08_Sostenibidad.pdf\">08_Sostenibidad<\/a><\/div>\n\n\n\n<div class=\"wp-block-file\"><a id=\"wp-block-file--media-6003aad8-ceff-491e-b9d0-995c18b58b62\" href=\"https:\/\/lopezdearenas.org\/inicio\/blog\/wp-content\/uploads\/2025\/04\/09_Sostenibidad.pdf\">09_Sostenibidad<\/a><\/div>\n\n\n\n<div class=\"wp-block-file\"><a id=\"wp-block-file--media-cb2768c3-3621-4c1c-9a59-5a39bf3da5d2\" href=\"https:\/\/lopezdearenas.org\/inicio\/blog\/wp-content\/uploads\/2025\/04\/10_TPCA_24-25.pdf\">10_TPCA_24-25<\/a><\/div>\n\n\n\n<div class=\"wp-block-file\"><a id=\"wp-block-file--media-02afb54f-7007-4909-befc-25dbe510d60a\" href=\"https:\/\/lopezdearenas.org\/inicio\/blog\/wp-content\/uploads\/2025\/04\/11_EV_MEIP.pdf\">11_EV_MEIP<\/a><\/div>\n\n\n\n<div class=\"wp-block-file\"><a id=\"wp-block-file--media-9e793e98-79a7-41b2-a687-863e50e2bdb8\" href=\"https:\/\/lopezdearenas.org\/inicio\/blog\/wp-content\/uploads\/2025\/04\/12_2o-IA.pdf\">12_2\u00ba IA<\/a><\/div>\n\n\n\n<div class=\"wp-block-file\"><a id=\"wp-block-file--media-90402035-bc2f-40cf-a746-a2f14fb7a355\" href=\"https:\/\/lopezdearenas.org\/inicio\/blog\/wp-content\/uploads\/2025\/04\/13_FCT-y-PI-.pdf\">13_FCT y PI<\/a><\/div>\n\n\n\n<div class=\"wp-block-file\"><a id=\"wp-block-file--media-bd205f0e-1e61-4a55-9e84-209baec5d932\" href=\"https:\/\/lopezdearenas.org\/inicio\/blog\/wp-content\/uploads\/2025\/04\/14_Gestion-de-la-calidad.pdf\">14_Gesti\u00f3n de la calidad<\/a><\/div>\n\n\n\n<div class=\"wp-block-file\"><a id=\"wp-block-file--media-5ca20eda-7ec6-49e7-9532-fd65a026e017\" href=\"https:\/\/lopezdearenas.org\/inicio\/blog\/wp-content\/uploads\/2025\/04\/15_Control-microbiologico-.pdf\">15_Control microbiologico<\/a><\/div>\n<\/div>\n\n\n\n<p><\/p>\n","protected":false},"excerpt":{"rendered":"<p>Profesorado: Materias y criterios de evaluaci\u00f3n:<\/p>\n","protected":false},"author":80,"featured_media":0,"parent":0,"menu_order":0,"comment_status":"closed","ping_status":"closed","template":"","meta":{"footnotes":""},"class_list":["post-10341","page","type-page","status-publish","hentry"],"jetpack_sharing_enabled":true,"_links":{"self":[{"href":"https:\/\/lopezdearenas.org\/inicio\/blog\/wp-json\/wp\/v2\/pages\/10341","targetHints":{"allow":["GET"]}}],"collection":[{"href":"https:\/\/lopezdearenas.org\/inicio\/blog\/wp-json\/wp\/v2\/pages"}],"about":[{"href":"https:\/\/lopezdearenas.org\/inicio\/blog\/wp-json\/wp\/v2\/types\/page"}],"author":[{"embeddable":true,"href":"https:\/\/lopezdearenas.org\/inicio\/blog\/wp-json\/wp\/v2\/users\/80"}],"replies":[{"embeddable":true,"href":"https:\/\/lopezdearenas.org\/inicio\/blog\/wp-json\/wp\/v2\/comments?post=10341"}],"version-history":[{"count":6,"href":"https:\/\/lopezdearenas.org\/inicio\/blog\/wp-json\/wp\/v2\/pages\/10341\/revisions"}],"predecessor-version":[{"id":16795,"href":"https:\/\/lopezdearenas.org\/inicio\/blog\/wp-json\/wp\/v2\/pages\/10341\/revisions\/16795"}],"wp:attachment":[{"href":"https:\/\/lopezdearenas.org\/inicio\/blog\/wp-json\/wp\/v2\/media?parent=10341"}],"curies":[{"name":"wp","href":"https:\/\/api.w.org\/{rel}","templated":true}]}}