{"id":9808,"date":"2021-10-20T22:45:51","date_gmt":"2021-10-20T21:45:51","guid":{"rendered":"https:\/\/lopezdearenas.org\/inicio\/blog\/?page_id=9808"},"modified":"2021-10-20T22:45:51","modified_gmt":"2021-10-20T21:45:51","slug":"erasmus-universal-values-of-human-dignity-ltta-en-macin-rumania-una-experiencia-a-repetir","status":"publish","type":"page","link":"http:\/\/lopezdearenas.org\/inicio\/blog\/erasmus-universal-values-of-human-dignity-ltta-en-macin-rumania-una-experiencia-a-repetir\/","title":{"rendered":"ERASMUS+ UNIVERSAL VALUES OF HUMAN DIGNITY : LTTA EN M\u0102CIN (RUMANIA) UNA EXPERIENCIA A REPETIR."},"content":{"rendered":"\n<p>Entre los d\u00edas 10 y el 16 de octubre de 2021 enmarcado en el desarrollo del proyecto Erasmus \u201cUniversal Values of Human Dignity\u201d que se desarrolla en el IES Lopez de Arenas, un grupo de 6 alumnos de 4\u00baESO y 2 profesoras han asistido en la ciudad de Macin en Ruman\u00eda al desarrollo de una de las actividades de LTTA (learning teaching training activities) contempladas en este proyecto. Para hacer part\u00edcipe de esta experiencia a la comunidad educativa la profesora Laura Gomez, nos relata c\u00f3mo ha sido la experiencia que este grupo ha vivido, y que pod\u00e9is consultar en el archivo adjunto.<\/p>\n\n\n\n<div class=\"wp-block-file\"><a href=\"https:\/\/lopezdearenas.org\/inicio\/blog\/wp-content\/uploads\/2021\/10\/ERASMUS-UVHD-A-RUMANIA-1.docx\">ERASMUS UVHD A RUMANIA<\/a><a href=\"https:\/\/lopezdearenas.org\/inicio\/blog\/wp-content\/uploads\/2021\/10\/ERASMUS-UVHD-A-RUMANIA-1.docx\" class=\"wp-block-file__button\" download>Descarga<\/a><\/div>\n\n\n\n<div class=\"wp-block-image\"><figure class=\"aligncenter size-full\"><img loading=\"lazy\" decoding=\"async\" width=\"333\" height=\"260\" src=\"https:\/\/lopezdearenas.org\/inicio\/blog\/wp-content\/uploads\/2021\/10\/Foto-viaje-Rumania-1.png\" alt=\"\" class=\"wp-image-9810\" srcset=\"http:\/\/lopezdearenas.org\/inicio\/blog\/wp-content\/uploads\/2021\/10\/Foto-viaje-Rumania-1.png 333w, http:\/\/lopezdearenas.org\/inicio\/blog\/wp-content\/uploads\/2021\/10\/Foto-viaje-Rumania-1-300x234.png 300w\" sizes=\"auto, (max-width: 333px) 100vw, 333px\" \/><\/figure><\/div>\n","protected":false},"excerpt":{"rendered":"<p>Entre los d\u00edas 10 y el 16 de octubre de 2021 enmarcado en el desarrollo del proyecto Erasmus \u201cUniversal Values of Human Dignity\u201d que se desarrolla en el IES Lopez de Arenas, un grupo de 6 alumnos de 4\u00baESO y &hellip; <a href=\"http:\/\/lopezdearenas.org\/inicio\/blog\/erasmus-universal-values-of-human-dignity-ltta-en-macin-rumania-una-experiencia-a-repetir\/\">Sigue leyendo <span class=\"meta-nav\">&rarr;<\/span><\/a><\/p>\n","protected":false},"author":80,"featured_media":0,"parent":0,"menu_order":0,"comment_status":"closed","ping_status":"closed","template":"","meta":{"footnotes":""},"class_list":["post-9808","page","type-page","status-publish","hentry"],"jetpack_sharing_enabled":true,"_links":{"self":[{"href":"http:\/\/lopezdearenas.org\/inicio\/blog\/wp-json\/wp\/v2\/pages\/9808","targetHints":{"allow":["GET"]}}],"collection":[{"href":"http:\/\/lopezdearenas.org\/inicio\/blog\/wp-json\/wp\/v2\/pages"}],"about":[{"href":"http:\/\/lopezdearenas.org\/inicio\/blog\/wp-json\/wp\/v2\/types\/page"}],"author":[{"embeddable":true,"href":"http:\/\/lopezdearenas.org\/inicio\/blog\/wp-json\/wp\/v2\/users\/80"}],"replies":[{"embeddable":true,"href":"http:\/\/lopezdearenas.org\/inicio\/blog\/wp-json\/wp\/v2\/comments?post=9808"}],"version-history":[{"count":1,"href":"http:\/\/lopezdearenas.org\/inicio\/blog\/wp-json\/wp\/v2\/pages\/9808\/revisions"}],"predecessor-version":[{"id":9811,"href":"http:\/\/lopezdearenas.org\/inicio\/blog\/wp-json\/wp\/v2\/pages\/9808\/revisions\/9811"}],"wp:attachment":[{"href":"http:\/\/lopezdearenas.org\/inicio\/blog\/wp-json\/wp\/v2\/media?parent=9808"}],"curies":[{"name":"wp","href":"https:\/\/api.w.org\/{rel}","templated":true}]}}