{"id":5348,"date":"2017-04-28T08:04:51","date_gmt":"2017-04-28T07:04:51","guid":{"rendered":"http:\/\/lopezdearenas.org\/inicio\/blog\/?page_id=5348"},"modified":"2017-04-28T08:07:57","modified_gmt":"2017-04-28T07:07:57","slug":"jubilacion-de-arsenia-y-maria-luisa","status":"publish","type":"page","link":"http:\/\/lopezdearenas.org\/inicio\/blog\/jubilacion-de-arsenia-y-maria-luisa\/","title":{"rendered":"Jubilaci\u00f3n de Arsenia y Mar\u00eda Luisa"},"content":{"rendered":"<p>Este jueves 27 de abril, hemos celebrado un Claustro Extraordinario en el que nuestro Centro ha homenajeado a las profesoras D\u00f1a. Arsenia D\u00edaz Gavira y D\u00f1a. Mar\u00eda Luisa Hurtado Borrego.<\/p>\n<p>Durante el acto el Sr. Director y algunos compa\u00f1eros han resaltado la excelente\u00a0carrera profesional que han desarrollado y han pronunciado palabras de agradecimiento a las 2 profesoras en nombre de toda la comunidad educativa del I.E.S. L\u00f3pez de Arenas.<\/p>\n<p>Tambi\u00e9n se les ha entregado un recuerdo por parte del centro y otro por parte de los compa\u00f1eros del centro.<a href=\"http:\/\/lopezdearenas.org\/inicio\/blog\/wp-content\/uploads\/2017\/04\/foto1-3.jpg\"><img loading=\"lazy\" decoding=\"async\" class=\"aligncenter size-large wp-image-5350\" src=\"http:\/\/lopezdearenas.org\/inicio\/blog\/wp-content\/uploads\/2017\/04\/foto1-3-1024x768.jpg\" alt=\"\" width=\"584\" height=\"438\" srcset=\"http:\/\/lopezdearenas.org\/inicio\/blog\/wp-content\/uploads\/2017\/04\/foto1-3-1024x768.jpg 1024w, http:\/\/lopezdearenas.org\/inicio\/blog\/wp-content\/uploads\/2017\/04\/foto1-3-300x225.jpg 300w, http:\/\/lopezdearenas.org\/inicio\/blog\/wp-content\/uploads\/2017\/04\/foto1-3-768x576.jpg 768w, http:\/\/lopezdearenas.org\/inicio\/blog\/wp-content\/uploads\/2017\/04\/foto1-3-400x300.jpg 400w, http:\/\/lopezdearenas.org\/inicio\/blog\/wp-content\/uploads\/2017\/04\/foto1-3.jpg 1200w\" sizes=\"auto, (max-width: 584px) 100vw, 584px\" \/><\/a> <a href=\"http:\/\/lopezdearenas.org\/inicio\/blog\/wp-content\/uploads\/2017\/04\/foto2-3.jpg\"><img loading=\"lazy\" decoding=\"async\" class=\"aligncenter size-large wp-image-5351\" src=\"http:\/\/lopezdearenas.org\/inicio\/blog\/wp-content\/uploads\/2017\/04\/foto2-3-1024x768.jpg\" alt=\"\" width=\"584\" height=\"438\" srcset=\"http:\/\/lopezdearenas.org\/inicio\/blog\/wp-content\/uploads\/2017\/04\/foto2-3-1024x768.jpg 1024w, http:\/\/lopezdearenas.org\/inicio\/blog\/wp-content\/uploads\/2017\/04\/foto2-3-300x225.jpg 300w, http:\/\/lopezdearenas.org\/inicio\/blog\/wp-content\/uploads\/2017\/04\/foto2-3-768x576.jpg 768w, http:\/\/lopezdearenas.org\/inicio\/blog\/wp-content\/uploads\/2017\/04\/foto2-3-400x300.jpg 400w, http:\/\/lopezdearenas.org\/inicio\/blog\/wp-content\/uploads\/2017\/04\/foto2-3.jpg 1200w\" sizes=\"auto, (max-width: 584px) 100vw, 584px\" \/><\/a> <a href=\"http:\/\/lopezdearenas.org\/inicio\/blog\/wp-content\/uploads\/2017\/04\/foto3-3.jpg\"><img loading=\"lazy\" decoding=\"async\" class=\"aligncenter size-large wp-image-5352\" src=\"http:\/\/lopezdearenas.org\/inicio\/blog\/wp-content\/uploads\/2017\/04\/foto3-3-1024x768.jpg\" alt=\"\" width=\"584\" height=\"438\" srcset=\"http:\/\/lopezdearenas.org\/inicio\/blog\/wp-content\/uploads\/2017\/04\/foto3-3-1024x768.jpg 1024w, http:\/\/lopezdearenas.org\/inicio\/blog\/wp-content\/uploads\/2017\/04\/foto3-3-300x225.jpg 300w, http:\/\/lopezdearenas.org\/inicio\/blog\/wp-content\/uploads\/2017\/04\/foto3-3-768x576.jpg 768w, http:\/\/lopezdearenas.org\/inicio\/blog\/wp-content\/uploads\/2017\/04\/foto3-3-400x300.jpg 400w, http:\/\/lopezdearenas.org\/inicio\/blog\/wp-content\/uploads\/2017\/04\/foto3-3.jpg 1200w\" sizes=\"auto, (max-width: 584px) 100vw, 584px\" \/><\/a> <a href=\"http:\/\/lopezdearenas.org\/inicio\/blog\/wp-content\/uploads\/2017\/04\/foto4-3.jpg\"><img loading=\"lazy\" decoding=\"async\" class=\"aligncenter size-large wp-image-5353\" src=\"http:\/\/lopezdearenas.org\/inicio\/blog\/wp-content\/uploads\/2017\/04\/foto4-3-1024x768.jpg\" alt=\"\" width=\"584\" height=\"438\" srcset=\"http:\/\/lopezdearenas.org\/inicio\/blog\/wp-content\/uploads\/2017\/04\/foto4-3-1024x768.jpg 1024w, http:\/\/lopezdearenas.org\/inicio\/blog\/wp-content\/uploads\/2017\/04\/foto4-3-300x225.jpg 300w, http:\/\/lopezdearenas.org\/inicio\/blog\/wp-content\/uploads\/2017\/04\/foto4-3-768x576.jpg 768w, http:\/\/lopezdearenas.org\/inicio\/blog\/wp-content\/uploads\/2017\/04\/foto4-3-400x300.jpg 400w, http:\/\/lopezdearenas.org\/inicio\/blog\/wp-content\/uploads\/2017\/04\/foto4-3.jpg 1200w\" sizes=\"auto, (max-width: 584px) 100vw, 584px\" \/><\/a> <a href=\"http:\/\/lopezdearenas.org\/inicio\/blog\/wp-content\/uploads\/2017\/04\/foto5-2.jpg\"><img loading=\"lazy\" decoding=\"async\" class=\"aligncenter size-large wp-image-5354\" src=\"http:\/\/lopezdearenas.org\/inicio\/blog\/wp-content\/uploads\/2017\/04\/foto5-2-1024x768.jpg\" alt=\"\" width=\"584\" height=\"438\" srcset=\"http:\/\/lopezdearenas.org\/inicio\/blog\/wp-content\/uploads\/2017\/04\/foto5-2-1024x768.jpg 1024w, http:\/\/lopezdearenas.org\/inicio\/blog\/wp-content\/uploads\/2017\/04\/foto5-2-300x225.jpg 300w, http:\/\/lopezdearenas.org\/inicio\/blog\/wp-content\/uploads\/2017\/04\/foto5-2-768x576.jpg 768w, http:\/\/lopezdearenas.org\/inicio\/blog\/wp-content\/uploads\/2017\/04\/foto5-2-400x300.jpg 400w, http:\/\/lopezdearenas.org\/inicio\/blog\/wp-content\/uploads\/2017\/04\/foto5-2.jpg 1200w\" sizes=\"auto, (max-width: 584px) 100vw, 584px\" \/><\/a> <a href=\"http:\/\/lopezdearenas.org\/inicio\/blog\/wp-content\/uploads\/2017\/04\/foto6-2.jpg\"><img loading=\"lazy\" decoding=\"async\" class=\"aligncenter size-large wp-image-5355\" src=\"http:\/\/lopezdearenas.org\/inicio\/blog\/wp-content\/uploads\/2017\/04\/foto6-2-1024x768.jpg\" alt=\"\" width=\"584\" height=\"438\" srcset=\"http:\/\/lopezdearenas.org\/inicio\/blog\/wp-content\/uploads\/2017\/04\/foto6-2-1024x768.jpg 1024w, http:\/\/lopezdearenas.org\/inicio\/blog\/wp-content\/uploads\/2017\/04\/foto6-2-300x225.jpg 300w, http:\/\/lopezdearenas.org\/inicio\/blog\/wp-content\/uploads\/2017\/04\/foto6-2-768x576.jpg 768w, http:\/\/lopezdearenas.org\/inicio\/blog\/wp-content\/uploads\/2017\/04\/foto6-2-400x300.jpg 400w, http:\/\/lopezdearenas.org\/inicio\/blog\/wp-content\/uploads\/2017\/04\/foto6-2.jpg 1200w\" sizes=\"auto, (max-width: 584px) 100vw, 584px\" \/><\/a> <a href=\"http:\/\/lopezdearenas.org\/inicio\/blog\/wp-content\/uploads\/2017\/04\/foto7-2.jpg\"><img loading=\"lazy\" decoding=\"async\" class=\"aligncenter size-large wp-image-5356\" src=\"http:\/\/lopezdearenas.org\/inicio\/blog\/wp-content\/uploads\/2017\/04\/foto7-2-1024x768.jpg\" alt=\"\" width=\"584\" height=\"438\" srcset=\"http:\/\/lopezdearenas.org\/inicio\/blog\/wp-content\/uploads\/2017\/04\/foto7-2-1024x768.jpg 1024w, http:\/\/lopezdearenas.org\/inicio\/blog\/wp-content\/uploads\/2017\/04\/foto7-2-300x225.jpg 300w, http:\/\/lopezdearenas.org\/inicio\/blog\/wp-content\/uploads\/2017\/04\/foto7-2-768x576.jpg 768w, http:\/\/lopezdearenas.org\/inicio\/blog\/wp-content\/uploads\/2017\/04\/foto7-2-400x300.jpg 400w, http:\/\/lopezdearenas.org\/inicio\/blog\/wp-content\/uploads\/2017\/04\/foto7-2.jpg 1200w\" sizes=\"auto, (max-width: 584px) 100vw, 584px\" \/><\/a> <a href=\"http:\/\/lopezdearenas.org\/inicio\/blog\/wp-content\/uploads\/2017\/04\/foto8-2.jpg\"><img loading=\"lazy\" decoding=\"async\" class=\"aligncenter size-large wp-image-5357\" src=\"http:\/\/lopezdearenas.org\/inicio\/blog\/wp-content\/uploads\/2017\/04\/foto8-2-1024x768.jpg\" alt=\"\" width=\"584\" height=\"438\" srcset=\"http:\/\/lopezdearenas.org\/inicio\/blog\/wp-content\/uploads\/2017\/04\/foto8-2-1024x768.jpg 1024w, http:\/\/lopezdearenas.org\/inicio\/blog\/wp-content\/uploads\/2017\/04\/foto8-2-300x225.jpg 300w, http:\/\/lopezdearenas.org\/inicio\/blog\/wp-content\/uploads\/2017\/04\/foto8-2-768x576.jpg 768w, http:\/\/lopezdearenas.org\/inicio\/blog\/wp-content\/uploads\/2017\/04\/foto8-2-400x300.jpg 400w, http:\/\/lopezdearenas.org\/inicio\/blog\/wp-content\/uploads\/2017\/04\/foto8-2.jpg 1200w\" sizes=\"auto, (max-width: 584px) 100vw, 584px\" \/><\/a><\/p>\n<p>&nbsp;<\/p>\n","protected":false},"excerpt":{"rendered":"<p>Este jueves 27 de abril, hemos celebrado un Claustro Extraordinario en el que nuestro Centro ha homenajeado a las profesoras D\u00f1a. Arsenia D\u00edaz Gavira y D\u00f1a. Mar\u00eda Luisa Hurtado Borrego. Durante el acto el Sr. Director y algunos compa\u00f1eros han &hellip; <a href=\"http:\/\/lopezdearenas.org\/inicio\/blog\/jubilacion-de-arsenia-y-maria-luisa\/\">Sigue leyendo <span class=\"meta-nav\">&rarr;<\/span><\/a><\/p>\n","protected":false},"author":1,"featured_media":0,"parent":0,"menu_order":0,"comment_status":"closed","ping_status":"closed","template":"","meta":{"footnotes":""},"class_list":["post-5348","page","type-page","status-publish","hentry"],"jetpack_sharing_enabled":true,"_links":{"self":[{"href":"http:\/\/lopezdearenas.org\/inicio\/blog\/wp-json\/wp\/v2\/pages\/5348","targetHints":{"allow":["GET"]}}],"collection":[{"href":"http:\/\/lopezdearenas.org\/inicio\/blog\/wp-json\/wp\/v2\/pages"}],"about":[{"href":"http:\/\/lopezdearenas.org\/inicio\/blog\/wp-json\/wp\/v2\/types\/page"}],"author":[{"embeddable":true,"href":"http:\/\/lopezdearenas.org\/inicio\/blog\/wp-json\/wp\/v2\/users\/1"}],"replies":[{"embeddable":true,"href":"http:\/\/lopezdearenas.org\/inicio\/blog\/wp-json\/wp\/v2\/comments?post=5348"}],"version-history":[{"count":4,"href":"http:\/\/lopezdearenas.org\/inicio\/blog\/wp-json\/wp\/v2\/pages\/5348\/revisions"}],"predecessor-version":[{"id":5360,"href":"http:\/\/lopezdearenas.org\/inicio\/blog\/wp-json\/wp\/v2\/pages\/5348\/revisions\/5360"}],"wp:attachment":[{"href":"http:\/\/lopezdearenas.org\/inicio\/blog\/wp-json\/wp\/v2\/media?parent=5348"}],"curies":[{"name":"wp","href":"https:\/\/api.w.org\/{rel}","templated":true}]}}