{"id":4846,"date":"2016-11-07T20:49:31","date_gmt":"2016-11-07T19:49:31","guid":{"rendered":"http:\/\/lopezdearenas.org\/inicio\/blog\/?page_id=4846"},"modified":"2017-02-14T12:27:34","modified_gmt":"2017-02-14T11:27:34","slug":"bridge-to-europe","status":"publish","type":"page","link":"http:\/\/lopezdearenas.org\/inicio\/blog\/bridge-to-europe\/","title":{"rendered":"Bridge to Europe"},"content":{"rendered":"<p style=\"text-align: center;\"><strong>PROGRAMA DE MOVILIDAD ERASMUS +<br \/>\n<\/strong><strong>CURSO 2016 &#8211; 2017 &#8211;\u00a0FP <\/strong><a href=\"http:\/\/www.educa2.madrid.org\/web\/educamadrid\/principal\/files\/38118053-b56e-4c99-a9c4-9132731569dd\/HojaInscripcionErasmus%2BCFGM_V1.pdf?t=1443691094233\"><strong>GRADO MEDIO<\/strong><\/a><\/p>\n<p><span style=\"color: #ff0000;\"><strong><a style=\"color: #ff0000;\" href=\"http:\/\/lopezdearenas.org\/inicio\/blog\/wp-content\/uploads\/2016\/11\/baremacion-ka1-RT.pdf\">Relaci\u00f3n de admitidos al programa Bridge to Europe<\/a><\/strong><\/span><\/p>\n<p>El IES L\u00f3pez de Arenas participa en el Proyecto de Movilidad Erasmus+ denominado \u00ab<strong>BRIDGE TO EUROPE <\/strong>\u00bb y ofrece al alumnado y reci\u00e9n titulados de los Ciclos de Formaci\u00f3n Profesional de Grado Medio, la posibilidad de realizar pr\u00e1cticas profesionales en diferentes pa\u00edses europeos.<\/p>\n<p><a href=\"http:\/\/lopezdearenas.org\/inicio\/blog\/wp-content\/uploads\/2016\/11\/logo-e1478547854301.png\"><img loading=\"lazy\" decoding=\"async\" class=\"aligncenter size-full wp-image-4847\" src=\"http:\/\/lopezdearenas.org\/inicio\/blog\/wp-content\/uploads\/2016\/11\/logo-e1478547854301.png\" alt=\"logo\" width=\"400\" height=\"400\" \/><\/a><\/p>\n<p>Se prev\u00e9 la realizaci\u00f3n de dos per\u00edodos de movilidad:<\/p>\n<p><strong>ENERO \u2013 ABRIL 2017<\/strong><\/p>\n<p><strong>MARZO \u2013 JUNIO 2017<\/strong><\/p>\n<p>Pueden solicitar la beca:<\/p>\n<ul>\n<li><strong>ALUMNADO de segundo curso<\/strong> de cualquiera de los Ciclos de Grado Medio ofertados por el centro. Las pr\u00e1cticas realizadas se equiparar\u00e1n a la realizaci\u00f3n de la FCT<\/li>\n<li><strong>RECI\u00c9N TITULADOS<\/strong> del curso acad\u00e9mico 2015 \u2013 2016, que hayan obtenido la titulaci\u00f3n oficial de Ense\u00f1anza de Grado Medio, en los 12 meses anteriores a la finalizaci\u00f3n del per\u00edodo de movilidad. No podr\u00e1n estar matriculados en CF de Grado Superior en el momento de la aceptaci\u00f3n de la beca.<\/li>\n<\/ul>\n<p>Otros datos de inter\u00e9s:<\/p>\n<ul>\n<li><strong>Duraci\u00f3n de la estancia<\/strong>: 90 d\u00edas<\/li>\n<li><strong>N\u00ba Becas ofertadas por el Consorcio<\/strong>: 67<\/li>\n<li><strong>Pa\u00edses de destino<\/strong>: Italia, Irlanda, Rep\u00fablica Checa y Portugal<\/li>\n<li><strong>Financiaci\u00f3n<\/strong>: el importe de la beca cubre la totalidad de los gastos de viaje, alojamiento y manutenci\u00f3n durante la estancia.<\/li>\n<li><strong>Formaci\u00f3n ling\u00fc\u00edstica<\/strong>: los candidatos seleccionados para viajar a Italia e Irlanda, deber\u00e1n acceder a un curso\u00a0<em>on-line d<\/em>e preparaci\u00f3n de italiano e ingl\u00e9s, respectivamente. Los seleccionados para viajar a Portugal y rep\u00fablica Checa, disfrutar\u00e1n de un curso de idiomas de car\u00e1cter presencial.<\/li>\n<li><strong>C\u00f3mo acceder a la beca<\/strong>: Descarga el \u201cFormulario de Inscripci\u00f3n\u201d desde la Web del centro. Entrega dicho documento, debidamente cumplimentado y firmado, en el lugar donde se indique en las bases de la convocatoria.<\/li>\n<\/ul>\n<p><strong>BASES DE LA CONVOCATORIA<\/strong><\/p>\n<p>En las bases de la Convocatoria que puedes descargar desde la Web del Centro, encontrar\u00e1s informaci\u00f3n detallada sobre el proceso de selecci\u00f3n, as\u00ed como sobre las caracter\u00edsticas de la beca.<\/p>\n<p><a href=\"http:\/\/lopezdearenas.org\/inicio\/blog\/wp-content\/uploads\/2016\/11\/Manual-Procedimiento-Consorcio-BRIDGE-TO-EUROPE.pdf\">Manual de procedimiento del consorcio Bridge to Europe<\/a><\/p>\n<p><a href=\"http:\/\/lopezdearenas.org\/inicio\/blog\/wp-content\/uploads\/2016\/11\/C-Formulario-Inscripcio\u0301n-BRIDGE-TO-EUROPE.pdf\">Formulario de Inscripci\u00f3n<\/a><\/p>\n<p><a href=\"http:\/\/lopezdearenas.org\/inicio\/blog\/wp-content\/uploads\/2016\/11\/D-Modelo-CV-Europeo.doc\">Modelo de Curr\u00edculum Vitae<\/a><\/p>\n<p><a href=\"http:\/\/lopezdearenas.org\/inicio\/blog\/wp-content\/uploads\/2016\/11\/E-Applicant\u00b4s-Questionnaire-BRIDGE-TO-EUROPE.pdf\">Cuestionario de Participante<\/a><\/p>\n<hr \/>\n<p><a href=\"http:\/\/lopezdearenas.org\/inicio\/blog\/?p=5086\">Resultado del proceso de selecci\u00f3n<\/a><\/p>\n","protected":false},"excerpt":{"rendered":"<p>PROGRAMA DE MOVILIDAD ERASMUS + CURSO 2016 &#8211; 2017 &#8211;\u00a0FP GRADO MEDIO Relaci\u00f3n de admitidos al programa Bridge to Europe El IES L\u00f3pez de Arenas participa en el Proyecto de Movilidad Erasmus+ denominado \u00abBRIDGE TO EUROPE \u00bb y ofrece al &hellip; <a href=\"http:\/\/lopezdearenas.org\/inicio\/blog\/bridge-to-europe\/\">Sigue leyendo <span class=\"meta-nav\">&rarr;<\/span><\/a><\/p>\n","protected":false},"author":1,"featured_media":0,"parent":0,"menu_order":0,"comment_status":"closed","ping_status":"closed","template":"sidebar-page.php","meta":{"footnotes":""},"class_list":["post-4846","page","type-page","status-publish","hentry"],"jetpack_sharing_enabled":true,"_links":{"self":[{"href":"http:\/\/lopezdearenas.org\/inicio\/blog\/wp-json\/wp\/v2\/pages\/4846","targetHints":{"allow":["GET"]}}],"collection":[{"href":"http:\/\/lopezdearenas.org\/inicio\/blog\/wp-json\/wp\/v2\/pages"}],"about":[{"href":"http:\/\/lopezdearenas.org\/inicio\/blog\/wp-json\/wp\/v2\/types\/page"}],"author":[{"embeddable":true,"href":"http:\/\/lopezdearenas.org\/inicio\/blog\/wp-json\/wp\/v2\/users\/1"}],"replies":[{"embeddable":true,"href":"http:\/\/lopezdearenas.org\/inicio\/blog\/wp-json\/wp\/v2\/comments?post=4846"}],"version-history":[{"count":4,"href":"http:\/\/lopezdearenas.org\/inicio\/blog\/wp-json\/wp\/v2\/pages\/4846\/revisions"}],"predecessor-version":[{"id":5089,"href":"http:\/\/lopezdearenas.org\/inicio\/blog\/wp-json\/wp\/v2\/pages\/4846\/revisions\/5089"}],"wp:attachment":[{"href":"http:\/\/lopezdearenas.org\/inicio\/blog\/wp-json\/wp\/v2\/media?parent=4846"}],"curies":[{"name":"wp","href":"https:\/\/api.w.org\/{rel}","templated":true}]}}